{"id":5829,"date":"2017-09-19T11:54:48","date_gmt":"2017-09-19T09:54:48","guid":{"rendered":"https:\/\/coaching-lauer.de\/privatpersonen\/"},"modified":"2017-12-07T11:33:38","modified_gmt":"2017-12-07T10:33:38","slug":"privatpersonen","status":"publish","type":"page","link":"https:\/\/coaching-lauer.de\/en\/privatpersonen\/","title":{"rendered":"Private individuals"},"content":{"rendered":"<p>[et_pb_section bb_built=&#8221;1&#8243;][et_pb_row _builder_version=&#8221;3.0.75&#8243; module_class=&#8221;boxen&#8221;][et_pb_column type=&#8221;4_4&#8243;][et_pb_blurb admin_label=&#8221;Life-Coaching&#8221; title=&#8221;Life-Coaching&#8221; use_icon=&#8221;on&#8221; font_icon=&#8221;%%176%%&#8221; icon_color=&#8221;#1c9cdb&#8221; icon_placement=&#8221;left&#8221; _builder_version=&#8221;3.0.75&#8243; header_font_size=&#8221;24px&#8221; header_line_height=&#8221;1.2em&#8221; use_border_color=&#8221;on&#8221; border_color=&#8221;#cccccc&#8221; border_style=&#8221;dashed&#8221; custom_padding=&#8221;15px|15px|15px|15px&#8221; saved_tabs=&#8221;all&#8221; url_new_window=&#8221;off&#8221; use_circle=&#8221;off&#8221; use_circle_border=&#8221;off&#8221; use_icon_font_size=&#8221;off&#8221; background_layout=&#8221;light&#8221; url=&#8221;\/en\/privatpersonen\/life-coaching\/&#8221;]<\/p>\n<div class=\"wpb_text_column wpb_content_element \">\n<div class=\"wpb_wrapper\">\n<p>Solve blockages, master life crises<\/p>\n<\/div>\n<\/div>\n<p>[\/et_pb_blurb][et_pb_blurb admin_label=&#8221;Konflikte und Krisen&#8221; title=&#8221; Conflicts and crises&#8221; use_icon=&#8221;on&#8221; font_icon=&#8221;%%216%%&#8221; icon_color=&#8221;#1c9cdb&#8221; icon_placement=&#8221;left&#8221; _builder_version=&#8221;3.0.75&#8243; header_font_size=&#8221;24px&#8221; header_line_height=&#8221;1.2em&#8221; use_border_color=&#8221;on&#8221; border_color=&#8221;#cccccc&#8221; border_style=&#8221;dashed&#8221; custom_padding=&#8221;15px|15px|15px|15px&#8221; saved_tabs=&#8221;all&#8221; url_new_window=&#8221;off&#8221; use_circle=&#8221;off&#8221; use_circle_border=&#8221;off&#8221; use_icon_font_size=&#8221;off&#8221; background_layout=&#8221;light&#8221; url=&#8221;\/en\/privatpersonen\/konflikte-und-krisen\/&#8221;]<\/p>\n<p>Balancing interests properly<\/p>\n<p>[\/et_pb_blurb][et_pb_blurb admin_label=&#8221;Job und Karriere&#8221; title=&#8221;Job and career&#8221; use_icon=&#8221;on&#8221; font_icon=&#8221;%%158%%&#8221; icon_color=&#8221;#1c9cdb&#8221; icon_placement=&#8221;left&#8221; _builder_version=&#8221;3.0.75&#8243; header_font_size=&#8221;24px&#8221; header_line_height=&#8221;1.2em&#8221; use_border_color=&#8221;on&#8221; border_color=&#8221;#cccccc&#8221; border_style=&#8221;dashed&#8221; custom_padding=&#8221;15px|15px|15px|15px&#8221; saved_tabs=&#8221;all&#8221; url_new_window=&#8221;off&#8221; use_circle=&#8221;off&#8221; use_circle_border=&#8221;off&#8221; use_icon_font_size=&#8221;off&#8221; background_layout=&#8221;light&#8221; url=&#8221;\/en\/privatpersonen\/job-und-karriere\/&#8221;]<\/p>\n<p>Satisfaction and succes in professional life<\/p>\n<p>[\/et_pb_blurb][et_pb_blurb admin_label=&#8221;Berufliche Neuorientierung&#8221; title=&#8221; Professional reorientation&#8221; use_icon=&#8221;on&#8221; font_icon=&#8221;%%286%%&#8221; icon_color=&#8221;#1c9cdb&#8221; icon_placement=&#8221;left&#8221; _builder_version=&#8221;3.0.75&#8243; header_font_size=&#8221;24px&#8221; header_line_height=&#8221;1.2em&#8221; use_border_color=&#8221;on&#8221; border_color=&#8221;#cccccc&#8221; border_style=&#8221;dashed&#8221; custom_padding=&#8221;15px|15px|15px|15px&#8221; saved_tabs=&#8221;all&#8221; url_new_window=&#8221;off&#8221; use_circle=&#8221;off&#8221; use_circle_border=&#8221;off&#8221; use_icon_font_size=&#8221;off&#8221; background_layout=&#8221;light&#8221; url=&#8221;\/en\/privatpersonen\/berufliche-neuorientierung\/&#8221;]<\/p>\n<p id=\"tw-target-text\" class=\"tw-data-text tw-ta tw-text-medium\" dir=\"ltr\" data-placeholder=\"\u00dcbersetzung\"><span lang=\"en\">Systematically to new perspectives<\/span><\/p>\n<p>[\/et_pb_blurb][et_pb_blurb admin_label=&#8221;Bewerbungscoaching&#8221; title=&#8221; application coaching&#8221; use_icon=&#8221;on&#8221; font_icon=&#8221;%%116%%&#8221; icon_color=&#8221;#1c9cdb&#8221; icon_placement=&#8221;left&#8221; _builder_version=&#8221;3.0.75&#8243; header_font_size=&#8221;24px&#8221; header_line_height=&#8221;1.2em&#8221; use_border_color=&#8221;on&#8221; border_color=&#8221;#cccccc&#8221; border_style=&#8221;dashed&#8221; custom_padding=&#8221;15px|15px|15px|15px&#8221; saved_tabs=&#8221;all&#8221; url_new_window=&#8221;off&#8221; use_circle=&#8221;off&#8221; use_circle_border=&#8221;off&#8221; use_icon_font_size=&#8221;off&#8221; background_layout=&#8221;light&#8221; url=&#8221;\/en\/privatpersonen\/bewerbungs-coaching\/&#8221;]<\/p>\n<p>Your way to a convincing performance<\/p>\n<p>[\/et_pb_blurb][\/et_pb_column][\/et_pb_row][et_pb_row][et_pb_column type=&#8221;4_4&#8243;][et_pb_text _builder_version=&#8221;3.0.75&#8243; background_layout=&#8221;light&#8221; border_style=&#8221;solid&#8221;]<\/p>\n<h2 id=\"tw-target-text\" class=\"tw-data-text tw-ta tw-text-medium\" dir=\"ltr\" data-placeholder=\"\u00dcbersetzung\"><span lang=\"en\">Coaching for private individuals<\/span><\/h2>\n<p>Life is not always fair. Life can be very hard and demand sometimes and some situations also overwhelm us.\u00a0<span lang=\"en\">We may feel depressed, confused or insecure.<\/span><\/p>\n<p>[\/et_pb_text][\/et_pb_column][\/et_pb_row][et_pb_row][et_pb_column type=&#8221;4_4&#8243;][et_pb_text _builder_version=&#8221;3.0.75&#8243; background_layout=&#8221;light&#8221; border_style=&#8221;solid&#8221;]<\/p>\n<h2 id=\"tw-target-text\" class=\"tw-data-text tw-ta tw-text-small\" dir=\"ltr\" data-placeholder=\"\u00dcbersetzung\"><span lang=\"en\">Your coach for clarification and change of perspectives<\/span><\/h2>\n<p id=\"tw-target-text\" class=\"tw-data-text tw-ta tw-text-small\" dir=\"ltr\" data-placeholder=\"\u00dcbersetzung\"><span lang=\"en\">Then it may be appropriate to contact a coach. Good coaching helps you to organize and clarify topics. Coaching helps to get through a confused situation, to overcome crises and to get new life courage. Coaching can create new ways. That&#8217;s the benefit of life coaching.<\/span><\/p>\n<p>Lifecoaching is about improving the life quality. Coaching helps you to find a way to achieve that what you always wanted to achieve . Leave old patterns and habits behind you. It can be helpful to make a change of perspective with me as your coach.<\/p>\n<p id=\"tw-target-text\" class=\"tw-data-text tw-ta tw-text-small\" dir=\"ltr\" data-placeholder=\"\u00dcbersetzung\"><span lang=\"en\">Through targeted questions, I work with you to develop an attractive and achievable goal. We look at your strengths and how you can use them to achieve your goal.<\/span><\/p>\n<p>Live coaching can be used for different areas of life such as work, family or partnership. You will learn how to solve problems and develop resistance force for upcoming crises.<\/p>\n<p id=\"tw-target-text\" class=\"tw-data-text tw-ta tw-text-small\" dir=\"ltr\" data-placeholder=\"\u00dcbersetzung\"><span lang=\"en\">As a coach in the region around Cologne, I have the ambition to support you professionally and reliably in your desire for change. More about my focuses in coaching can be found on the following pages.<\/span><\/p>\n<p>[\/et_pb_text][\/et_pb_column][\/et_pb_row][\/et_pb_section][et_pb_section bb_built=&#8221;1&#8243; _builder_version=&#8221;3.0.75&#8243; custom_padding=&#8221;0px|0px|0px|0px&#8221;][et_pb_row custom_padding=&#8221;28.7188px|0px|0px|0px&#8221; _builder_version=&#8221;3.0.75&#8243;][et_pb_column type=&#8221;1_2&#8243;][et_pb_text _builder_version=&#8221;3.0.75&#8243; background_layout=&#8221;light&#8221; border_style=&#8221;solid&#8221;]<\/p>\n<div id=\"tw-target-text-container\" class=\"tw-ta-container tw-nfl\">\n<h2 id=\"tw-target-text\" class=\"tw-data-text tw-ta tw-text-medium\" dir=\"ltr\" data-placeholder=\"\u00dcbersetzung\"><span lang=\"en\">Non-binding coaching request<\/span><\/h2>\n<pre class=\"tw-data-text tw-ta tw-text-medium\" lang=\"en\"><\/pre>\n<\/div>\n<p><strong>Do you have questions about my method or you want to know if we can communicate with each other and I understand your problem?<\/strong><\/p>\n<p>I am glad that you are interested in my coaching. You may contact me on my phone: 0221 29861442.<\/p>\n<p>your sincerely,<\/p>\n<p>Hans-Georg Lauer<\/p>\n<p><img loading=\"lazy\" decoding=\"async\" class=\"wp-image-5076 alignnone size-full\" src=\"https:\/\/coaching-lauer.de\/wp-content\/uploads\/2017\/09\/coaching-lauer-unterschrift.png\" alt=\"\" width=\"250\" height=\"85\" \/><\/p>\n<div class=\"et_pb_row col2-custom\">\n<div class=\"et_pb_column et_pb_column_1_2\"><strong>Coaching in Cologne:<br \/>\n<\/strong>Hans-Georg Lauer<br \/>\nTel.: 0221 29861442<br \/>\nChristophstra\u00dfe 31<br \/>\n50670 K\u00f6ln<\/div>\n<div class=\"et_pb_column et_pb_column_1_2\"><strong>Coaching in Bonn:<br \/>\n<\/strong>Hans-Georg Lauer<br \/>\nTel.: 0172 6478000<br \/>\nR\u00fcngsdorfer Stra\u00dfe 1a<br \/>\n53173 Bonn<\/div>\n<\/div>\n<p>[\/et_pb_text][\/et_pb_column][et_pb_column type=&#8221;1_2&#8243;][et_pb_code admin_label=&#8221;Map&#8221; _builder_version=&#8221;3.0.75&#8243;]&lt;iframe src=&#8221;https:\/\/www.google.com\/maps\/embed?pb=!1m14!1m8!1m3!1d10055.583969117439!2d6.9433523!3d50.9441365!3m2!1i1024!2i768!4f13.1!3m3!1m2!1s0x0%3A0xf0665aeb3171a092!2sHans-Georg+Lauer+-+Coaching+in+K%C3%B6ln!5e0!3m2!1sde!2sde!4v1498398305016&#8243; width=&#8221;650&#8243; height=&#8221;450&#8243; frameborder=&#8221;0&#8243; style=&#8221;border:0;width:100%;&#8221; allowfullscreen&gt;&lt;\/iframe&gt;[\/et_pb_code][\/et_pb_column][\/et_pb_row][et_pb_row _builder_version=&#8221;3.0.75&#8243;][et_pb_column type=&#8221;4_4&#8243;][et_pb_button button_text=&#8221;Zum Kontaktformular&#8221; button_alignment=&#8221;center&#8221; _builder_version=&#8221;3.0.75&#8243; button_url=&#8221;\/kontakt&#8221; url_new_window=&#8221;off&#8221; background_layout=&#8221;light&#8221; custom_button=&#8221;off&#8221; button_letter_spacing=&#8221;0&#8243; button_icon_placement=&#8221;right&#8221; button_letter_spacing_hover=&#8221;0&#8243; \/][\/et_pb_column][\/et_pb_row][\/et_pb_section]<\/p>\n","protected":false},"excerpt":{"rendered":"<p>Solve blockages, master life crises Balancing interests properly Satisfaction and succes in professional life Systematically to new perspectives Your way to a convincing performance <div class=\"et_pb_row et_pb_row_0 et_pb_row_empty\">\n\t\t\t\t\n\t\t\t\t\n\t\t\t\t\n\t\t\t\t\n\t\t\t\t\n\t\t\t<\/div> Coaching for private individuals Life is not always fair. Life can be very hard and demand sometimes and some situations also overwhelm us.\u00a0We may feel depressed, confused or insecure. <div class=\"et_pb_row et_pb_row_1 et_pb_row_empty\">\n\t\t\t\t\n\t\t\t\t\n\t\t\t\t\n\t\t\t\t\n\t\t\t\t\n\t\t\t<\/div> [&hellip;]<\/p>\n","protected":false},"author":1,"featured_media":5464,"parent":0,"menu_order":0,"comment_status":"closed","ping_status":"closed","template":"tmpl-unterseite.php","meta":{"_acf_changed":false,"_et_pb_use_builder":"on","_et_pb_old_content":"","_et_gb_content_width":"","inline_featured_image":false,"footnotes":""},"acf":[],"yoast_head":"<!-- This site is optimized with the Yoast SEO plugin v23.0 - https:\/\/yoast.com\/wordpress\/plugins\/seo\/ -->\n<title>Coaching f\u00fcr Privatpersonen in K\u00f6ln | Hans-Georg Lauer<\/title>\n<meta name=\"description\" content=\"Ich biete Coaching f\u00fcr Privatpersonen. Life-Coaching, Bewerbungscoaching, Coaching bei beruflicher Neuorientierung u.v.m. geh\u00f6ren zu meinen Leistungen.\" \/>\n<meta name=\"robots\" content=\"index, follow, max-snippet:-1, max-image-preview:large, max-video-preview:-1\" \/>\n<link rel=\"canonical\" href=\"https:\/\/coaching-lauer.de\/privatpersonen\/\" \/>\n<meta property=\"og:locale\" content=\"en_US\" \/>\n<meta property=\"og:type\" content=\"article\" \/>\n<meta property=\"og:title\" content=\"Coaching f\u00fcr Privatpersonen in K\u00f6ln | Hans-Georg Lauer\" \/>\n<meta property=\"og:description\" content=\"Ich biete Coaching f\u00fcr Privatpersonen. Life-Coaching, Bewerbungscoaching, Coaching bei beruflicher Neuorientierung u.v.m. geh\u00f6ren zu meinen Leistungen.\" \/>\n<meta property=\"og:url\" content=\"https:\/\/coaching-lauer.de\/privatpersonen\/\" \/>\n<meta property=\"og:site_name\" content=\"Hans-Georg Lauer\" \/>\n<meta property=\"article:modified_time\" content=\"2017-12-07T10:33:38+00:00\" \/>\n<meta property=\"og:image\" content=\"https:\/\/coaching-lauer.de\/wp-content\/uploads\/PageSlider\/privatpersonen.jpg\" \/>\n\t<meta property=\"og:image:width\" content=\"3405\" \/>\n\t<meta property=\"og:image:height\" content=\"2034\" \/>\n\t<meta property=\"og:image:type\" content=\"image\/jpeg\" \/>\n<meta name=\"twitter:card\" content=\"summary_large_image\" \/>\n<meta name=\"twitter:label1\" content=\"Est. reading time\" \/>\n\t<meta name=\"twitter:data1\" content=\"5 minutes\" \/>\n<script type=\"application\/ld+json\" class=\"yoast-schema-graph\">{\"@context\":\"https:\/\/schema.org\",\"@graph\":[{\"@type\":\"WebPage\",\"@id\":\"https:\/\/coaching-lauer.de\/privatpersonen\/\",\"url\":\"https:\/\/coaching-lauer.de\/privatpersonen\/\",\"name\":\"Coaching f\u00fcr Privatpersonen in K\u00f6ln | Hans-Georg Lauer\",\"isPartOf\":{\"@id\":\"https:\/\/coaching-lauer.de\/#website\"},\"primaryImageOfPage\":{\"@id\":\"https:\/\/coaching-lauer.de\/privatpersonen\/#primaryimage\"},\"image\":{\"@id\":\"https:\/\/coaching-lauer.de\/privatpersonen\/#primaryimage\"},\"thumbnailUrl\":\"https:\/\/coaching-lauer.de\/wp-content\/uploads\/PageSlider\/privatpersonen.jpg\",\"datePublished\":\"2017-09-19T09:54:48+00:00\",\"dateModified\":\"2017-12-07T10:33:38+00:00\",\"description\":\"Ich biete Coaching f\u00fcr Privatpersonen. Life-Coaching, Bewerbungscoaching, Coaching bei beruflicher Neuorientierung u.v.m. geh\u00f6ren zu meinen Leistungen.\",\"breadcrumb\":{\"@id\":\"https:\/\/coaching-lauer.de\/privatpersonen\/#breadcrumb\"},\"inLanguage\":\"en-US\",\"potentialAction\":[{\"@type\":\"ReadAction\",\"target\":[\"https:\/\/coaching-lauer.de\/privatpersonen\/\"]}]},{\"@type\":\"ImageObject\",\"inLanguage\":\"en-US\",\"@id\":\"https:\/\/coaching-lauer.de\/privatpersonen\/#primaryimage\",\"url\":\"https:\/\/coaching-lauer.de\/wp-content\/uploads\/PageSlider\/privatpersonen.jpg\",\"contentUrl\":\"https:\/\/coaching-lauer.de\/wp-content\/uploads\/PageSlider\/privatpersonen.jpg\",\"width\":3405,\"height\":2034},{\"@type\":\"BreadcrumbList\",\"@id\":\"https:\/\/coaching-lauer.de\/privatpersonen\/#breadcrumb\",\"itemListElement\":[{\"@type\":\"ListItem\",\"position\":1,\"name\":\"Startseite\",\"item\":\"https:\/\/coaching-lauer.de\/en\/\"},{\"@type\":\"ListItem\",\"position\":2,\"name\":\"Private individuals\"}]},{\"@type\":\"WebSite\",\"@id\":\"https:\/\/coaching-lauer.de\/#website\",\"url\":\"https:\/\/coaching-lauer.de\/\",\"name\":\"Hans-Georg Lauer\",\"description\":\"Businesscoaching und Karriere-Kickstart\",\"potentialAction\":[{\"@type\":\"SearchAction\",\"target\":{\"@type\":\"EntryPoint\",\"urlTemplate\":\"https:\/\/coaching-lauer.de\/?s={search_term_string}\"},\"query-input\":\"required name=search_term_string\"}],\"inLanguage\":\"en-US\"}]}<\/script>\n<!-- \/ Yoast SEO plugin. -->","yoast_head_json":{"title":"Coaching f\u00fcr Privatpersonen in K\u00f6ln | Hans-Georg Lauer","description":"Ich biete Coaching f\u00fcr Privatpersonen. Life-Coaching, Bewerbungscoaching, Coaching bei beruflicher Neuorientierung u.v.m. geh\u00f6ren zu meinen Leistungen.","robots":{"index":"index","follow":"follow","max-snippet":"max-snippet:-1","max-image-preview":"max-image-preview:large","max-video-preview":"max-video-preview:-1"},"canonical":"https:\/\/coaching-lauer.de\/privatpersonen\/","og_locale":"en_US","og_type":"article","og_title":"Coaching f\u00fcr Privatpersonen in K\u00f6ln | Hans-Georg Lauer","og_description":"Ich biete Coaching f\u00fcr Privatpersonen. Life-Coaching, Bewerbungscoaching, Coaching bei beruflicher Neuorientierung u.v.m. geh\u00f6ren zu meinen Leistungen.","og_url":"https:\/\/coaching-lauer.de\/privatpersonen\/","og_site_name":"Hans-Georg Lauer","article_modified_time":"2017-12-07T10:33:38+00:00","og_image":[{"width":3405,"height":2034,"url":"https:\/\/coaching-lauer.de\/wp-content\/uploads\/PageSlider\/privatpersonen.jpg","type":"image\/jpeg"}],"twitter_card":"summary_large_image","twitter_misc":{"Est. reading time":"5 minutes"},"schema":{"@context":"https:\/\/schema.org","@graph":[{"@type":"WebPage","@id":"https:\/\/coaching-lauer.de\/privatpersonen\/","url":"https:\/\/coaching-lauer.de\/privatpersonen\/","name":"Coaching f\u00fcr Privatpersonen in K\u00f6ln | Hans-Georg Lauer","isPartOf":{"@id":"https:\/\/coaching-lauer.de\/#website"},"primaryImageOfPage":{"@id":"https:\/\/coaching-lauer.de\/privatpersonen\/#primaryimage"},"image":{"@id":"https:\/\/coaching-lauer.de\/privatpersonen\/#primaryimage"},"thumbnailUrl":"https:\/\/coaching-lauer.de\/wp-content\/uploads\/PageSlider\/privatpersonen.jpg","datePublished":"2017-09-19T09:54:48+00:00","dateModified":"2017-12-07T10:33:38+00:00","description":"Ich biete Coaching f\u00fcr Privatpersonen. Life-Coaching, Bewerbungscoaching, Coaching bei beruflicher Neuorientierung u.v.m. geh\u00f6ren zu meinen Leistungen.","breadcrumb":{"@id":"https:\/\/coaching-lauer.de\/privatpersonen\/#breadcrumb"},"inLanguage":"en-US","potentialAction":[{"@type":"ReadAction","target":["https:\/\/coaching-lauer.de\/privatpersonen\/"]}]},{"@type":"ImageObject","inLanguage":"en-US","@id":"https:\/\/coaching-lauer.de\/privatpersonen\/#primaryimage","url":"https:\/\/coaching-lauer.de\/wp-content\/uploads\/PageSlider\/privatpersonen.jpg","contentUrl":"https:\/\/coaching-lauer.de\/wp-content\/uploads\/PageSlider\/privatpersonen.jpg","width":3405,"height":2034},{"@type":"BreadcrumbList","@id":"https:\/\/coaching-lauer.de\/privatpersonen\/#breadcrumb","itemListElement":[{"@type":"ListItem","position":1,"name":"Startseite","item":"https:\/\/coaching-lauer.de\/en\/"},{"@type":"ListItem","position":2,"name":"Private individuals"}]},{"@type":"WebSite","@id":"https:\/\/coaching-lauer.de\/#website","url":"https:\/\/coaching-lauer.de\/","name":"Hans-Georg Lauer","description":"Businesscoaching und Karriere-Kickstart","potentialAction":[{"@type":"SearchAction","target":{"@type":"EntryPoint","urlTemplate":"https:\/\/coaching-lauer.de\/?s={search_term_string}"},"query-input":"required name=search_term_string"}],"inLanguage":"en-US"}]}},"_links":{"self":[{"href":"https:\/\/coaching-lauer.de\/en\/wp-json\/wp\/v2\/pages\/5829"}],"collection":[{"href":"https:\/\/coaching-lauer.de\/en\/wp-json\/wp\/v2\/pages"}],"about":[{"href":"https:\/\/coaching-lauer.de\/en\/wp-json\/wp\/v2\/types\/page"}],"author":[{"embeddable":true,"href":"https:\/\/coaching-lauer.de\/en\/wp-json\/wp\/v2\/users\/1"}],"replies":[{"embeddable":true,"href":"https:\/\/coaching-lauer.de\/en\/wp-json\/wp\/v2\/comments?post=5829"}],"version-history":[{"count":5,"href":"https:\/\/coaching-lauer.de\/en\/wp-json\/wp\/v2\/pages\/5829\/revisions"}],"predecessor-version":[{"id":6112,"href":"https:\/\/coaching-lauer.de\/en\/wp-json\/wp\/v2\/pages\/5829\/revisions\/6112"}],"wp:featuredmedia":[{"embeddable":true,"href":"https:\/\/coaching-lauer.de\/en\/wp-json\/wp\/v2\/media\/5464"}],"wp:attachment":[{"href":"https:\/\/coaching-lauer.de\/en\/wp-json\/wp\/v2\/media?parent=5829"}],"curies":[{"name":"wp","href":"https:\/\/api.w.org\/{rel}","templated":true}]}}