{"id":5875,"date":"2017-10-16T16:32:11","date_gmt":"2017-10-16T14:32:11","guid":{"rendered":"https:\/\/coaching-lauer.de\/privatpersonen\/bewerbungs-coaching\/"},"modified":"2017-12-07T11:49:26","modified_gmt":"2017-12-07T10:49:26","slug":"bewerbungs-coaching","status":"publish","type":"page","link":"https:\/\/coaching-lauer.de\/en\/privatpersonen\/bewerbungs-coaching\/","title":{"rendered":"Application Coaching"},"content":{"rendered":"<p>[et_pb_section bb_built=&#8221;1&#8243;][et_pb_row][et_pb_column type=&#8221;4_4&#8243;][et_pb_text _builder_version=&#8221;3.0.75&#8243; background_layout=&#8221;light&#8221; border_style=&#8221;solid&#8221;]<\/p>\n<div class=\"wpb_content_element block_title column_title inner-simple \">\n<div id=\"gt-src-c\" class=\"g-unit\"><\/div>\n<div id=\"gt-res-c\" class=\"g-unit\">\n<div id=\"gt-res-p\">\n<div id=\"gt-res-data\">\n<div id=\"gt-res-wrap\" class=\"\">\n<div id=\"gt-res-content\">\n<div id=\"gt-res-dir-ctr\" class=\"trans-verified-button-small\" dir=\"ltr\"><span id=\"result_box\" class=\"\" lang=\"en\">How much do you already use all the ways into the labor market today?\u00a0How do you present yourself in writing in the CV and how do you appear in the interview?\u00a0What are your professional skills and your own personal strengths and how can these be found in your application documents?\u00a0<span class=\"\">Have you already found your distinctive &#8220;brand profile&#8221;?<\/span><\/span><\/div>\n<\/div>\n<\/div>\n<\/div>\n<\/div>\n<\/div>\n<\/div>\n<p>[\/et_pb_text][\/et_pb_column][\/et_pb_row][\/et_pb_section][et_pb_section bb_built=&#8221;1&#8243; fullwidth=&#8221;off&#8221; specialty=&#8221;off&#8221; _builder_version=&#8221;3.0.75&#8243; module_class=&#8221;is-featured&#8221;][et_pb_row][et_pb_column type=&#8221;4_4&#8243;][et_pb_text admin_label=&#8221;Inhalte und Anl\u00e4sse \u00fcberschrift&#8221; _builder_version=&#8221;3.0.75&#8243; background_layout=&#8221;dark&#8221; border_style=&#8221;solid&#8221;]<\/p>\n<h2>Content and events for coaching<\/h2>\n<p>[\/et_pb_text][\/et_pb_column][\/et_pb_row][et_pb_row _builder_version=&#8221;3.0.75&#8243; module_class=&#8221;boxen noicons&#8221;][et_pb_column type=&#8221;4_4&#8243;][et_pb_blurb admin_label=&#8221;Karriere Coaching&#8221; use_icon=&#8221;off&#8221; font_icon=&#8221;%%236%%&#8221; icon_color=&#8221;#1c9cdb&#8221; icon_placement=&#8221;left&#8221; _builder_version=&#8221;3.0.75&#8243; header_font_size=&#8221;24px&#8221; header_line_height=&#8221;1.2em&#8221; use_border_color=&#8221;on&#8221; border_color=&#8221;#cccccc&#8221; border_style=&#8221;dashed&#8221; custom_padding=&#8221;15px|15px|15px|15px&#8221; saved_tabs=&#8221;all&#8221; url_new_window=&#8221;off&#8221; use_circle=&#8221;off&#8221; use_circle_border=&#8221;off&#8221; use_icon_font_size=&#8221;off&#8221; background_layout=&#8221;dark&#8221; background_color=&#8221;#1779b1&#8243;]<\/p>\n<p>Career Coaching<\/p>\n<p>[\/et_pb_blurb][et_pb_blurb admin_label=&#8221;Erar\u00adbei\u00adtung eines per\u00ads\u00f6n\u00adli\u00adchen St\u00e4r\u00adken- und Kompetenz-Profils&#8221; use_icon=&#8221;off&#8221; font_icon=&#8221;%%236%%&#8221; icon_color=&#8221;#1c9cdb&#8221; icon_placement=&#8221;left&#8221; _builder_version=&#8221;3.0.75&#8243; header_font_size=&#8221;24px&#8221; header_line_height=&#8221;1.2em&#8221; use_border_color=&#8221;on&#8221; border_color=&#8221;#cccccc&#8221; border_style=&#8221;dashed&#8221; custom_padding=&#8221;15px|15px|15px|15px&#8221; saved_tabs=&#8221;all&#8221; url_new_window=&#8221;off&#8221; use_circle=&#8221;off&#8221; use_circle_border=&#8221;off&#8221; use_icon_font_size=&#8221;off&#8221; background_layout=&#8221;dark&#8221; background_color=&#8221;#1779b1&#8243;]<\/p>\n<p>Development of a personal strength and competence profile<\/p>\n<p>[\/et_pb_blurb][et_pb_blurb admin_label=&#8221;Ana\u00adlyse und Opti\u00admie\u00adrung Ihrer Bewer\u00adbungs\u00adun\u00adter\u00adla\u00adgen&#8221; use_icon=&#8221;off&#8221; font_icon=&#8221;%%236%%&#8221; icon_color=&#8221;#1c9cdb&#8221; icon_placement=&#8221;left&#8221; _builder_version=&#8221;3.0.75&#8243; header_font_size=&#8221;24px&#8221; header_line_height=&#8221;1.2em&#8221; use_border_color=&#8221;on&#8221; border_color=&#8221;#cccccc&#8221; border_style=&#8221;dashed&#8221; custom_padding=&#8221;15px|15px|15px|15px&#8221; saved_tabs=&#8221;all&#8221; url_new_window=&#8221;off&#8221; use_circle=&#8221;off&#8221; use_circle_border=&#8221;off&#8221; use_icon_font_size=&#8221;off&#8221; background_layout=&#8221;dark&#8221; background_color=&#8221;#1779b1&#8243;]<\/p>\n<p>Analysis and optimization of your application documents<\/p>\n<p>[\/et_pb_blurb][et_pb_blurb admin_label=&#8221;Ent\u00adwick\u00adlung einer per\u00ads\u00f6n\u00adli\u00adchen Marktstra\u00adte\u00adgie&#8221; use_icon=&#8221;off&#8221; font_icon=&#8221;%%236%%&#8221; icon_color=&#8221;#1c9cdb&#8221; icon_placement=&#8221;left&#8221; _builder_version=&#8221;3.0.75&#8243; header_font_size=&#8221;24px&#8221; header_line_height=&#8221;1.2em&#8221; use_border_color=&#8221;on&#8221; border_color=&#8221;#cccccc&#8221; border_style=&#8221;dashed&#8221; custom_padding=&#8221;15px|15px|15px|15px&#8221; saved_tabs=&#8221;all&#8221; url_new_window=&#8221;off&#8221; use_circle=&#8221;off&#8221; use_circle_border=&#8221;off&#8221; use_icon_font_size=&#8221;off&#8221; background_layout=&#8221;dark&#8221; background_color=&#8221;#1779b1&#8243;]<\/p>\n<p>Development of a personal market strategy<\/p>\n<p>[\/et_pb_blurb][et_pb_blurb admin_label=&#8221;Vor- und Nach\u00adbe\u00adrei\u00adtung von Vor\u00adstel\u00adlungs\u00adge\u00adspr\u00e4\u00adchen&#8221; use_icon=&#8221;off&#8221; font_icon=&#8221;%%236%%&#8221; icon_color=&#8221;#1c9cdb&#8221; icon_placement=&#8221;left&#8221; _builder_version=&#8221;3.0.75&#8243; header_font_size=&#8221;24px&#8221; header_line_height=&#8221;1.2em&#8221; use_border_color=&#8221;on&#8221; border_color=&#8221;#cccccc&#8221; border_style=&#8221;dashed&#8221; custom_padding=&#8221;15px|15px|15px|15px&#8221; saved_tabs=&#8221;all&#8221; url_new_window=&#8221;on&#8221; use_circle=&#8221;off&#8221; use_circle_border=&#8221;off&#8221; use_icon_font_size=&#8221;off&#8221; background_layout=&#8221;dark&#8221; background_color=&#8221;#1779b1&#8243; locked=&#8221;off&#8221; collapsed=&#8221;off&#8221;]<\/p>\n<p>Preparation and follow-up of job interviews<\/p>\n<p>[\/et_pb_blurb][et_pb_blurb admin_label=&#8221;Video\u00adtrai\u00adning zur Ver\u00adbes\u00adse\u00adrung des Inter\u00adview\u00adver\u00adhal\u00adtens (auf Wunsch)&#8221; use_icon=&#8221;off&#8221; font_icon=&#8221;%%236%%&#8221; icon_color=&#8221;#1c9cdb&#8221; icon_placement=&#8221;left&#8221; _builder_version=&#8221;3.0.75&#8243; header_font_size=&#8221;24px&#8221; header_line_height=&#8221;1.2em&#8221; use_border_color=&#8221;on&#8221; border_color=&#8221;#cccccc&#8221; border_style=&#8221;dashed&#8221; custom_padding=&#8221;15px|15px|15px|15px&#8221; saved_tabs=&#8221;all&#8221; url_new_window=&#8221;off&#8221; use_circle=&#8221;off&#8221; use_circle_border=&#8221;off&#8221; use_icon_font_size=&#8221;off&#8221; background_layout=&#8221;dark&#8221; background_color=&#8221;#1779b1&#8243;]<\/p>\n<div class=\"wpb_text_column wpb_content_element \">\n<div class=\"wpb_wrapper\">\n<p>Video training to improve the interviewing behavior (on request)<\/p>\n<\/div>\n<\/div>\n<p>[\/et_pb_blurb][\/et_pb_column][\/et_pb_row][\/et_pb_section][et_pb_section bb_built=&#8221;1&#8243; fullwidth=&#8221;off&#8221; specialty=&#8221;off&#8221;][et_pb_row][et_pb_column type=&#8221;4_4&#8243;][et_pb_text _builder_version=&#8221;3.0.75&#8243; background_layout=&#8221;light&#8221; border_style=&#8221;solid&#8221;]<\/p>\n<div class=\"wpb_text_column wpb_content_element \">\n<div class=\"wpb_wrapper\">\n<h2>Application coaching for a successful career change<\/h2>\n<div class=\"wpb_text_column wpb_content_element \">\n<div class=\"wpb_wrapper\">\n<p>My application coaching optimally prepares you for your market presence and job interview. Often there is no second chance for your first impression. They learn to overcome stage fright and to present themselves in a self-confident manner, also in front of board and supervisory boards. We simulate your appearance, if desired also by video analysis. Together we will discover possibilities for optimizing your gestures, facial expressions and your appearance. Here I use findings from the &#8220;status analysis&#8221; or the improvisational theater.<\/p>\n<p>As a career coach I would like to make you even more successful in your application and presentation process. Take advantage of my career advice <em>(<a href=\"https:\/\/www.youtube.com\/watch?v=fHtnluCGLRc\">youtube carrier Coach Hans-Georg Lauer<\/a>)<\/em>!<\/p>\n<p><strong>Duration:<\/strong> 3-5 sessions, individually depending on the request. Upon request, I accompany you during the entire application process.<\/p>\n<p><strong>Costs:<\/strong> I am happy to make you a non-binding offer. <strong>You can deduct your expenses as income tax expenses.<\/strong><\/p>\n<\/div>\n<\/div>\n<div class=\"wpb_text_column wpb_content_element \"><\/div>\n<\/div>\n<\/div>\n<p>[\/et_pb_text][\/et_pb_column][\/et_pb_row][et_pb_row][et_pb_column type=&#8221;4_4&#8243;][et_pb_button admin_label=&#8221;Button berufliche Neuorientierung&#8221; _builder_version=&#8221;3.0.75&#8243; button_text=&#8221;Brochure professional reorientation&#8221; button_url=&#8221;https:\/\/coaching-lauer.de\/wp-content\/uploads\/2017\/10\/Broschu\u0308re-Berufliche-Neuorientierung.pdf&#8221; url_new_window=&#8221;on&#8221; background_layout=&#8221;light&#8221; custom_button=&#8221;off&#8221; button_letter_spacing=&#8221;0&#8243; button_icon_placement=&#8221;right&#8221; button_letter_spacing_hover=&#8221;0&#8243; \/][\/et_pb_column][\/et_pb_row][\/et_pb_section][et_pb_section bb_built=&#8221;1&#8243; _builder_version=&#8221;3.0.75&#8243; custom_padding=&#8221;0px|0px|0px|0px&#8221; global_module=&#8221;5743&#8243;][et_pb_row global_parent=&#8221;5743&#8243; custom_padding=&#8221;28.7188px|0px|0px|0px&#8221; _builder_version=&#8221;3.0.75&#8243;][et_pb_column type=&#8221;1_2&#8243;][et_pb_text global_parent=&#8221;5743&#8243; _builder_version=&#8221;3.0.75&#8243; background_layout=&#8221;light&#8221; border_style=&#8221;solid&#8221;]<\/p>\n<div id=\"tw-target-text-container\" class=\"tw-ta-container tw-nfl\">\n<h2 id=\"tw-target-text\" class=\"tw-data-text tw-ta tw-text-medium\" dir=\"ltr\" data-placeholder=\"\u00dcbersetzung\"><span lang=\"en\">Non-binding coaching request<\/span><\/h2>\n<pre class=\"tw-data-text tw-ta tw-text-medium\" lang=\"en\"><\/pre>\n<\/div>\n<p><strong>Do you have questions about my method or you want to know if we can communicate with each other and I understand your problem?<\/strong><\/p>\n<p>I am glad that you are interested in my coaching. You may contact me on my phone: 0221 29861442.<\/p>\n<p>your sincerely,<\/p>\n<p>Hans-Georg Lauer<\/p>\n<p><img loading=\"lazy\" decoding=\"async\" class=\"wp-image-5076 alignnone size-full\" src=\"https:\/\/coaching-lauer.de\/wp-content\/uploads\/2017\/09\/coaching-lauer-unterschrift.png\" alt=\"\" width=\"250\" height=\"85\" \/><\/p>\n<div class=\"et_pb_row col2-custom\">\n<div class=\"et_pb_column et_pb_column_1_2\"><strong>Coaching in Cologne:<br \/>\n<\/strong>Hans-Georg Lauer<br \/>\nTel.: 0221 29861442<br \/>\nChristophstra\u00dfe 31<br \/>\n50670 Cologne<\/div>\n<div class=\"et_pb_column et_pb_column_1_2\"><strong>Coaching in Bonn:<br \/>\n<\/strong>Hans-Georg Lauer<br \/>\nTel.: 0172 6478000<br \/>\nR\u00fcngsdorfer Stra\u00dfe 1a<br \/>\n53173 Bonn<\/div>\n<\/div>\n<p>[\/et_pb_text][\/et_pb_column][et_pb_column type=&#8221;1_2&#8243;][et_pb_code admin_label=&#8221;Map&#8221; global_parent=&#8221;5743&#8243; _builder_version=&#8221;3.0.75&#8243;]&lt;iframe src=&#8221;https:\/\/www.google.com\/maps\/embed?pb=!1m14!1m8!1m3!1d10055.583969117439!2d6.9433523!3d50.9441365!3m2!1i1024!2i768!4f13.1!3m3!1m2!1s0x0%3A0xf0665aeb3171a092!2sHans-Georg+Lauer+-+Coaching+in+K%C3%B6ln!5e0!3m2!1sde!2sde!4v1498398305016&#8243; width=&#8221;650&#8243; height=&#8221;450&#8243; frameborder=&#8221;0&#8243; style=&#8221;border:0;width:100%;&#8221; allowfullscreen&gt;&lt;\/iframe&gt;[\/et_pb_code][\/et_pb_column][\/et_pb_row][et_pb_row global_parent=&#8221;5743&#8243; _builder_version=&#8221;3.0.75&#8243;][et_pb_column type=&#8221;4_4&#8243;][et_pb_button global_parent=&#8221;5743&#8243; button_url=&#8221;\/en\/kontakt&#8221; button_text=&#8221;Contact form&#8221; button_alignment=&#8221;center&#8221; _builder_version=&#8221;3.0.75&#8243; url_new_window=&#8221;off&#8221; background_layout=&#8221;light&#8221; custom_button=&#8221;off&#8221; button_letter_spacing=&#8221;0&#8243; button_icon_placement=&#8221;right&#8221; button_letter_spacing_hover=&#8221;0&#8243; \/][\/et_pb_column][\/et_pb_row][\/et_pb_section]<\/p>\n","protected":false},"excerpt":{"rendered":"<p><div class=\"et_pb_row et_pb_row_0 et_pb_row_empty\">\n\t\t\t\t\n\t\t\t\t\n\t\t\t\t\n\t\t\t\t\n\t\t\t\t\n\t\t\t<\/div> How much do you already use all the ways into the labor market today?\u00a0How do you present yourself in writing in the CV and how do you appear in the interview?\u00a0What are your professional skills and your own personal strengths and how can these be found in your application documents?\u00a0Have you already found your [&hellip;]<\/p>\n","protected":false},"author":1,"featured_media":5462,"parent":5829,"menu_order":0,"comment_status":"closed","ping_status":"closed","template":"tmpl-unterseite.php","meta":{"_acf_changed":false,"_et_pb_use_builder":"on","_et_pb_old_content":"","_et_gb_content_width":"","inline_featured_image":false,"footnotes":""},"acf":[],"yoast_head":"<!-- This site is optimized with the Yoast SEO plugin v23.0 - https:\/\/yoast.com\/wordpress\/plugins\/seo\/ -->\n<title>Bewerbungs-Coaching in K\u00f6ln | Hans-Georg Lauer<\/title>\n<meta name=\"description\" content=\"Ich biete Bewerbungcoaching d\u00fcr Sie an! Ich helfe Ihnen bei der Optimierung Ihrer Bewerbungsunterlagen und bei der Vor- und Nachbereitung des Gespr\u00e4ches.\" \/>\n<meta name=\"robots\" content=\"index, follow, max-snippet:-1, max-image-preview:large, max-video-preview:-1\" \/>\n<link rel=\"canonical\" href=\"https:\/\/coaching-lauer.de\/privatpersonen\/bewerbungs-coaching\/\" \/>\n<meta property=\"og:locale\" content=\"en_US\" \/>\n<meta property=\"og:type\" content=\"article\" \/>\n<meta property=\"og:title\" content=\"Bewerbungs-Coaching in K\u00f6ln | Hans-Georg Lauer\" \/>\n<meta property=\"og:description\" content=\"Ich biete Bewerbungcoaching d\u00fcr Sie an! Ich helfe Ihnen bei der Optimierung Ihrer Bewerbungsunterlagen und bei der Vor- und Nachbereitung des Gespr\u00e4ches.\" \/>\n<meta property=\"og:url\" content=\"https:\/\/coaching-lauer.de\/privatpersonen\/bewerbungs-coaching\/\" \/>\n<meta property=\"og:site_name\" content=\"Hans-Georg Lauer\" \/>\n<meta property=\"article:modified_time\" content=\"2017-12-07T10:49:26+00:00\" \/>\n<meta property=\"og:image\" content=\"https:\/\/coaching-lauer.de\/wp-content\/uploads\/PageSlider\/bewerbungs-coaching.jpg\" \/>\n\t<meta property=\"og:image:width\" content=\"3405\" \/>\n\t<meta property=\"og:image:height\" content=\"2034\" \/>\n\t<meta property=\"og:image:type\" content=\"image\/jpeg\" \/>\n<meta name=\"twitter:card\" content=\"summary_large_image\" \/>\n<meta name=\"twitter:label1\" content=\"Est. reading time\" \/>\n\t<meta name=\"twitter:data1\" content=\"6 minutes\" \/>\n<script type=\"application\/ld+json\" class=\"yoast-schema-graph\">{\"@context\":\"https:\/\/schema.org\",\"@graph\":[{\"@type\":\"WebPage\",\"@id\":\"https:\/\/coaching-lauer.de\/privatpersonen\/bewerbungs-coaching\/\",\"url\":\"https:\/\/coaching-lauer.de\/privatpersonen\/bewerbungs-coaching\/\",\"name\":\"Bewerbungs-Coaching in K\u00f6ln | Hans-Georg Lauer\",\"isPartOf\":{\"@id\":\"https:\/\/coaching-lauer.de\/#website\"},\"primaryImageOfPage\":{\"@id\":\"https:\/\/coaching-lauer.de\/privatpersonen\/bewerbungs-coaching\/#primaryimage\"},\"image\":{\"@id\":\"https:\/\/coaching-lauer.de\/privatpersonen\/bewerbungs-coaching\/#primaryimage\"},\"thumbnailUrl\":\"https:\/\/coaching-lauer.de\/wp-content\/uploads\/PageSlider\/bewerbungs-coaching.jpg\",\"datePublished\":\"2017-10-16T14:32:11+00:00\",\"dateModified\":\"2017-12-07T10:49:26+00:00\",\"description\":\"Ich biete Bewerbungcoaching d\u00fcr Sie an! Ich helfe Ihnen bei der Optimierung Ihrer Bewerbungsunterlagen und bei der Vor- und Nachbereitung des Gespr\u00e4ches.\",\"breadcrumb\":{\"@id\":\"https:\/\/coaching-lauer.de\/privatpersonen\/bewerbungs-coaching\/#breadcrumb\"},\"inLanguage\":\"en-US\",\"potentialAction\":[{\"@type\":\"ReadAction\",\"target\":[\"https:\/\/coaching-lauer.de\/privatpersonen\/bewerbungs-coaching\/\"]}]},{\"@type\":\"ImageObject\",\"inLanguage\":\"en-US\",\"@id\":\"https:\/\/coaching-lauer.de\/privatpersonen\/bewerbungs-coaching\/#primaryimage\",\"url\":\"https:\/\/coaching-lauer.de\/wp-content\/uploads\/PageSlider\/bewerbungs-coaching.jpg\",\"contentUrl\":\"https:\/\/coaching-lauer.de\/wp-content\/uploads\/PageSlider\/bewerbungs-coaching.jpg\",\"width\":3405,\"height\":2034,\"caption\":\"bewerbungs-coaching mit Tipps zwischendurch zur optimalen Vorbereitung\"},{\"@type\":\"BreadcrumbList\",\"@id\":\"https:\/\/coaching-lauer.de\/privatpersonen\/bewerbungs-coaching\/#breadcrumb\",\"itemListElement\":[{\"@type\":\"ListItem\",\"position\":1,\"name\":\"Startseite\",\"item\":\"https:\/\/coaching-lauer.de\/en\/\"},{\"@type\":\"ListItem\",\"position\":2,\"name\":\"Private individuals\",\"item\":\"https:\/\/coaching-lauer.de\/privatpersonen\/\"},{\"@type\":\"ListItem\",\"position\":3,\"name\":\"Application Coaching\"}]},{\"@type\":\"WebSite\",\"@id\":\"https:\/\/coaching-lauer.de\/#website\",\"url\":\"https:\/\/coaching-lauer.de\/\",\"name\":\"Hans-Georg Lauer\",\"description\":\"Businesscoaching und Karriere-Kickstart\",\"potentialAction\":[{\"@type\":\"SearchAction\",\"target\":{\"@type\":\"EntryPoint\",\"urlTemplate\":\"https:\/\/coaching-lauer.de\/?s={search_term_string}\"},\"query-input\":\"required name=search_term_string\"}],\"inLanguage\":\"en-US\"}]}<\/script>\n<!-- \/ Yoast SEO plugin. -->","yoast_head_json":{"title":"Bewerbungs-Coaching in K\u00f6ln | Hans-Georg Lauer","description":"Ich biete Bewerbungcoaching d\u00fcr Sie an! Ich helfe Ihnen bei der Optimierung Ihrer Bewerbungsunterlagen und bei der Vor- und Nachbereitung des Gespr\u00e4ches.","robots":{"index":"index","follow":"follow","max-snippet":"max-snippet:-1","max-image-preview":"max-image-preview:large","max-video-preview":"max-video-preview:-1"},"canonical":"https:\/\/coaching-lauer.de\/privatpersonen\/bewerbungs-coaching\/","og_locale":"en_US","og_type":"article","og_title":"Bewerbungs-Coaching in K\u00f6ln | Hans-Georg Lauer","og_description":"Ich biete Bewerbungcoaching d\u00fcr Sie an! Ich helfe Ihnen bei der Optimierung Ihrer Bewerbungsunterlagen und bei der Vor- und Nachbereitung des Gespr\u00e4ches.","og_url":"https:\/\/coaching-lauer.de\/privatpersonen\/bewerbungs-coaching\/","og_site_name":"Hans-Georg Lauer","article_modified_time":"2017-12-07T10:49:26+00:00","og_image":[{"width":3405,"height":2034,"url":"https:\/\/coaching-lauer.de\/wp-content\/uploads\/PageSlider\/bewerbungs-coaching.jpg","type":"image\/jpeg"}],"twitter_card":"summary_large_image","twitter_misc":{"Est. reading time":"6 minutes"},"schema":{"@context":"https:\/\/schema.org","@graph":[{"@type":"WebPage","@id":"https:\/\/coaching-lauer.de\/privatpersonen\/bewerbungs-coaching\/","url":"https:\/\/coaching-lauer.de\/privatpersonen\/bewerbungs-coaching\/","name":"Bewerbungs-Coaching in K\u00f6ln | Hans-Georg Lauer","isPartOf":{"@id":"https:\/\/coaching-lauer.de\/#website"},"primaryImageOfPage":{"@id":"https:\/\/coaching-lauer.de\/privatpersonen\/bewerbungs-coaching\/#primaryimage"},"image":{"@id":"https:\/\/coaching-lauer.de\/privatpersonen\/bewerbungs-coaching\/#primaryimage"},"thumbnailUrl":"https:\/\/coaching-lauer.de\/wp-content\/uploads\/PageSlider\/bewerbungs-coaching.jpg","datePublished":"2017-10-16T14:32:11+00:00","dateModified":"2017-12-07T10:49:26+00:00","description":"Ich biete Bewerbungcoaching d\u00fcr Sie an! Ich helfe Ihnen bei der Optimierung Ihrer Bewerbungsunterlagen und bei der Vor- und Nachbereitung des Gespr\u00e4ches.","breadcrumb":{"@id":"https:\/\/coaching-lauer.de\/privatpersonen\/bewerbungs-coaching\/#breadcrumb"},"inLanguage":"en-US","potentialAction":[{"@type":"ReadAction","target":["https:\/\/coaching-lauer.de\/privatpersonen\/bewerbungs-coaching\/"]}]},{"@type":"ImageObject","inLanguage":"en-US","@id":"https:\/\/coaching-lauer.de\/privatpersonen\/bewerbungs-coaching\/#primaryimage","url":"https:\/\/coaching-lauer.de\/wp-content\/uploads\/PageSlider\/bewerbungs-coaching.jpg","contentUrl":"https:\/\/coaching-lauer.de\/wp-content\/uploads\/PageSlider\/bewerbungs-coaching.jpg","width":3405,"height":2034,"caption":"bewerbungs-coaching mit Tipps zwischendurch zur optimalen Vorbereitung"},{"@type":"BreadcrumbList","@id":"https:\/\/coaching-lauer.de\/privatpersonen\/bewerbungs-coaching\/#breadcrumb","itemListElement":[{"@type":"ListItem","position":1,"name":"Startseite","item":"https:\/\/coaching-lauer.de\/en\/"},{"@type":"ListItem","position":2,"name":"Private individuals","item":"https:\/\/coaching-lauer.de\/privatpersonen\/"},{"@type":"ListItem","position":3,"name":"Application Coaching"}]},{"@type":"WebSite","@id":"https:\/\/coaching-lauer.de\/#website","url":"https:\/\/coaching-lauer.de\/","name":"Hans-Georg Lauer","description":"Businesscoaching und Karriere-Kickstart","potentialAction":[{"@type":"SearchAction","target":{"@type":"EntryPoint","urlTemplate":"https:\/\/coaching-lauer.de\/?s={search_term_string}"},"query-input":"required name=search_term_string"}],"inLanguage":"en-US"}]}},"_links":{"self":[{"href":"https:\/\/coaching-lauer.de\/en\/wp-json\/wp\/v2\/pages\/5875"}],"collection":[{"href":"https:\/\/coaching-lauer.de\/en\/wp-json\/wp\/v2\/pages"}],"about":[{"href":"https:\/\/coaching-lauer.de\/en\/wp-json\/wp\/v2\/types\/page"}],"author":[{"embeddable":true,"href":"https:\/\/coaching-lauer.de\/en\/wp-json\/wp\/v2\/users\/1"}],"replies":[{"embeddable":true,"href":"https:\/\/coaching-lauer.de\/en\/wp-json\/wp\/v2\/comments?post=5875"}],"version-history":[{"count":6,"href":"https:\/\/coaching-lauer.de\/en\/wp-json\/wp\/v2\/pages\/5875\/revisions"}],"predecessor-version":[{"id":5878,"href":"https:\/\/coaching-lauer.de\/en\/wp-json\/wp\/v2\/pages\/5875\/revisions\/5878"}],"up":[{"embeddable":true,"href":"https:\/\/coaching-lauer.de\/en\/wp-json\/wp\/v2\/pages\/5829"}],"wp:featuredmedia":[{"embeddable":true,"href":"https:\/\/coaching-lauer.de\/en\/wp-json\/wp\/v2\/media\/5462"}],"wp:attachment":[{"href":"https:\/\/coaching-lauer.de\/en\/wp-json\/wp\/v2\/media?parent=5875"}],"curies":[{"name":"wp","href":"https:\/\/api.w.org\/{rel}","templated":true}]}}