{"id":5900,"date":"2017-10-16T14:52:37","date_gmt":"2017-10-16T12:52:37","guid":{"rendered":"https:\/\/coaching-lauer.de\/privatpersonen\/life-coaching\/"},"modified":"2017-11-30T15:31:05","modified_gmt":"2017-11-30T14:31:05","slug":"life-coaching","status":"publish","type":"page","link":"https:\/\/coaching-lauer.de\/en\/privatpersonen\/life-coaching\/","title":{"rendered":"Life-Coaching"},"content":{"rendered":"<p>[et_pb_section bb_built=&#8221;1&#8243;][et_pb_row][et_pb_column type=&#8221;4_4&#8243;][et_pb_text _builder_version=&#8221;3.0.75&#8243; background_layout=&#8221;light&#8221; border_style=&#8221;solid&#8221;]<\/p>\n<div class=\"wpb_content_element block_title column_title inner-simple \">\n<p class=\"p1\">How can you give your life more happiness and satisfaction? How do you manage to break out of old patterns? How can you combine work and life more fulfillingly (Work Life Balance)? Use my experience and working methods in life coaching to emerge stronger from a personal crisis.<\/p>\n<\/div>\n<p>[\/et_pb_text][\/et_pb_column][\/et_pb_row][\/et_pb_section][et_pb_section bb_built=&#8221;1&#8243; fullwidth=&#8221;off&#8221; specialty=&#8221;off&#8221; _builder_version=&#8221;3.0.75&#8243; module_class=&#8221;is-featured&#8221;][et_pb_row][et_pb_column type=&#8221;4_4&#8243;][et_pb_text admin_label=&#8221;Inhalte und Anl\u00e4sse \u00fcberschrift&#8221; _builder_version=&#8221;3.0.75&#8243; background_layout=&#8221;dark&#8221; border_style=&#8221;solid&#8221;]<\/p>\n<div class=\"wpb_text_column wpb_content_element \">\n<div class=\"wpb_wrapper\">\n<h2>Occasions for a coaching<\/h2>\n<\/div>\n<\/div>\n<div class=\"wpb_text_column wpb_content_element \"><\/div>\n<p>[\/et_pb_text][\/et_pb_column][\/et_pb_row][et_pb_row _builder_version=&#8221;3.0.75&#8243; module_class=&#8221;boxen noicons&#8221;][et_pb_column type=&#8221;4_4&#8243;][et_pb_blurb admin_label=&#8221;Life Coaching bei Verlusten und Lebenskrisen&#8221; use_icon=&#8221;off&#8221; font_icon=&#8221;%%236%%&#8221; icon_color=&#8221;#1c9cdb&#8221; icon_placement=&#8221;left&#8221; _builder_version=&#8221;3.0.75&#8243; header_font_size=&#8221;24px&#8221; header_line_height=&#8221;1.2em&#8221; use_border_color=&#8221;on&#8221; border_color=&#8221;#cccccc&#8221; border_style=&#8221;dashed&#8221; custom_padding=&#8221;15px|15px|15px|15px&#8221; saved_tabs=&#8221;all&#8221; url_new_window=&#8221;off&#8221; use_circle=&#8221;off&#8221; use_circle_border=&#8221;off&#8221; use_icon_font_size=&#8221;off&#8221; background_layout=&#8221;dark&#8221; background_color=&#8221;#1779b1&#8243;] Life coaching for losses and life crises [\/et_pb_blurb][et_pb_blurb admin_label=&#8221;Stress erkennen und bew\u00e4ltigen&#8221; use_icon=&#8221;off&#8221; font_icon=&#8221;%%236%%&#8221; icon_color=&#8221;#1c9cdb&#8221; icon_placement=&#8221;left&#8221; _builder_version=&#8221;3.0.75&#8243; header_font_size=&#8221;24px&#8221; header_line_height=&#8221;1.2em&#8221; use_border_color=&#8221;on&#8221; border_color=&#8221;#cccccc&#8221; border_style=&#8221;dashed&#8221; custom_padding=&#8221;15px|15px|15px|15px&#8221; saved_tabs=&#8221;all&#8221; url_new_window=&#8221;off&#8221; use_circle=&#8221;off&#8221; use_circle_border=&#8221;off&#8221; use_icon_font_size=&#8221;off&#8221; background_layout=&#8221;dark&#8221; background_color=&#8221;#1779b1&#8243;] Identify and deal with stress [\/et_pb_blurb][et_pb_blurb admin_label=&#8221;Wunsch nach Gelassenheit und Lebensfreude&#8221; use_icon=&#8221;off&#8221; font_icon=&#8221;%%236%%&#8221; icon_color=&#8221;#1c9cdb&#8221; icon_placement=&#8221;left&#8221; _builder_version=&#8221;3.0.75&#8243; header_font_size=&#8221;24px&#8221; header_line_height=&#8221;1.2em&#8221; use_border_color=&#8221;on&#8221; border_color=&#8221;#cccccc&#8221; border_style=&#8221;dashed&#8221; custom_padding=&#8221;15px|15px|15px|15px&#8221; saved_tabs=&#8221;all&#8221; url_new_window=&#8221;off&#8221; use_circle=&#8221;off&#8221; use_circle_border=&#8221;off&#8221; use_icon_font_size=&#8221;off&#8221; background_layout=&#8221;dark&#8221; background_color=&#8221;#1779b1&#8243;] Desire for serenity and joy of life [\/et_pb_blurb][et_pb_blurb admin_label=&#8221;Burn Out Pr\u00e4vention, Work Life Balance&#8221; use_icon=&#8221;off&#8221; font_icon=&#8221;%%236%%&#8221; icon_color=&#8221;#1c9cdb&#8221; icon_placement=&#8221;left&#8221; _builder_version=&#8221;3.0.75&#8243; header_font_size=&#8221;24px&#8221; header_line_height=&#8221;1.2em&#8221; use_border_color=&#8221;on&#8221; border_color=&#8221;#cccccc&#8221; border_style=&#8221;dashed&#8221; custom_padding=&#8221;15px|15px|15px|15px&#8221; saved_tabs=&#8221;all&#8221; url_new_window=&#8221;off&#8221; use_circle=&#8221;off&#8221; use_circle_border=&#8221;off&#8221; use_icon_font_size=&#8221;off&#8221; background_layout=&#8221;dark&#8221; background_color=&#8221;#1779b1&#8243;] Burn Out Prevention, Work Life Balance [\/et_pb_blurb][et_pb_blurb admin_label=&#8221;Beziehungsprobleme&#8221; use_icon=&#8221;off&#8221; font_icon=&#8221;%%236%%&#8221; icon_color=&#8221;#1c9cdb&#8221; icon_placement=&#8221;left&#8221; _builder_version=&#8221;3.0.75&#8243; header_font_size=&#8221;24px&#8221; header_line_height=&#8221;1.2em&#8221; use_border_color=&#8221;on&#8221; border_color=&#8221;#cccccc&#8221; border_style=&#8221;dashed&#8221; custom_padding=&#8221;15px|15px|15px|15px&#8221; saved_tabs=&#8221;all&#8221; url_new_window=&#8221;on&#8221; use_circle=&#8221;off&#8221; use_circle_border=&#8221;off&#8221; use_icon_font_size=&#8221;off&#8221; background_layout=&#8221;dark&#8221; background_color=&#8221;#1779b1&#8243; locked=&#8221;off&#8221; collapsed=&#8221;off&#8221; url=&#8221;http:\/\/paarberatung-koelnbonn.de\/&#8221;]<\/p>\n<p>Relationship problems<\/p>\n<p>[\/et_pb_blurb][et_pb_blurb admin_label=&#8221;Wichtige Entscheidungen treffen \/ Klarheit \u00fcber den eigenen Weg Blog Entscheidungen unter Unsicherheit&#8221; use_icon=&#8221;off&#8221; font_icon=&#8221;%%236%%&#8221; icon_color=&#8221;#1c9cdb&#8221; icon_placement=&#8221;left&#8221; _builder_version=&#8221;3.0.75&#8243; header_font_size=&#8221;24px&#8221; header_line_height=&#8221;1.2em&#8221; use_border_color=&#8221;on&#8221; border_color=&#8221;#cccccc&#8221; border_style=&#8221;dashed&#8221; custom_padding=&#8221;15px|15px|15px|15px&#8221; saved_tabs=&#8221;all&#8221; url_new_window=&#8221;off&#8221; use_circle=&#8221;off&#8221; use_circle_border=&#8221;off&#8221; use_icon_font_size=&#8221;off&#8221; background_layout=&#8221;dark&#8221; background_color=&#8221;#1779b1&#8243;] Make Important Decisions \/ Clarity About Your Own<em>\u00a0Blog Decisions under Uncertainty<\/em> [\/et_pb_blurb][\/et_pb_column][\/et_pb_row][\/et_pb_section][et_pb_section bb_built=&#8221;1&#8243; fullwidth=&#8221;off&#8221; specialty=&#8221;off&#8221;][et_pb_row][et_pb_column type=&#8221;4_4&#8243;][et_pb_text _builder_version=&#8221;3.0.75&#8243; background_layout=&#8221;light&#8221; border_style=&#8221;solid&#8221;]<\/p>\n<div class=\"wpb_text_column wpb_content_element \">\n<div class=\"wpb_wrapper\">\n<div class=\"wpb_text_column wpb_content_element \">\n<div class=\"wpb_wrapper\">\n<p>Sometimes we are blocked or emotionally trapped. We do not live the happy and content life we really want. Excessions, stress and anxiety play a role. We may guess where to go, but the \u201chow\u201d is still unclear. Life coaching can be an effective way to make necessary decisions, activate resources and master a crisis.<\/p>\n<\/div>\n<\/div>\n<\/div>\n<\/div>\n<div class=\"wpb_text_column wpb_content_element \">\n<div class=\"wpb_wrapper\">\n<p>As your coach in Cologne and surroundings, I can support you with your request. As a coach, you can expect a pragmatic advice, a critical voice and new impulses.<\/p>\n<div class=\"wpb_text_column wpb_content_element \">\n<div class=\"wpb_wrapper\">\n<p><strong>Duration:<\/strong>\u00a03 \u2013 6 coaching sessions, individually according to your needs, I calculate according to actual hours, available in Cologne.<\/p>\n<\/div>\n<\/div>\n<\/div>\n<\/div>\n<p>[\/et_pb_text][\/et_pb_column][\/et_pb_row][\/et_pb_section][et_pb_section bb_built=&#8221;1&#8243; _builder_version=&#8221;3.0.75&#8243; custom_padding=&#8221;0px|0px|0px|0px&#8221; global_module=&#8221;5743&#8243;][et_pb_row global_parent=&#8221;5743&#8243; custom_padding=&#8221;28.7188px|0px|0px|0px&#8221; _builder_version=&#8221;3.0.75&#8243;][et_pb_column type=&#8221;1_2&#8243;][et_pb_text global_parent=&#8221;5743&#8243; _builder_version=&#8221;3.0.75&#8243; background_layout=&#8221;light&#8221; border_style=&#8221;solid&#8221;]<\/p>\n<div id=\"tw-target-text-container\" class=\"tw-ta-container tw-nfl\">\n<h2 id=\"tw-target-text\" class=\"tw-data-text tw-ta tw-text-medium\" dir=\"ltr\" data-placeholder=\"\u00dcbersetzung\"><span lang=\"en\">Non-binding coaching request<\/span><\/h2>\n<pre class=\"tw-data-text tw-ta tw-text-medium\" lang=\"en\"><\/pre>\n<\/div>\n<p><strong>Do you have questions about my method or you want to know if we can communicate with each other and I understand your problem?<\/strong><\/p>\n<p>I am glad that you are interested in my coaching. You may contact me on my phone: 0221 29861442.<\/p>\n<p>your sincerely,<\/p>\n<p>Hans-Georg Lauer<\/p>\n<p><img loading=\"lazy\" decoding=\"async\" class=\"wp-image-5076 alignnone size-full\" src=\"https:\/\/coaching-lauer.de\/wp-content\/uploads\/2017\/09\/coaching-lauer-unterschrift.png\" alt=\"\" width=\"250\" height=\"85\" \/><\/p>\n<div class=\"et_pb_row col2-custom\">\n<div class=\"et_pb_column et_pb_column_1_2\"><strong>Coaching in Cologne:<br \/>\n<\/strong>Hans-Georg Lauer<br \/>\nTel.: 0221 29861442<br \/>\nChristophstra\u00dfe 31<br \/>\n50670 Cologne<\/div>\n<div class=\"et_pb_column et_pb_column_1_2\"><strong>Coaching in Bonn:<br \/>\n<\/strong>Hans-Georg Lauer<br \/>\nTel.: 0172 6478000<br \/>\nR\u00fcngsdorfer Stra\u00dfe 1a<br \/>\n53173 Bonn<\/div>\n<\/div>\n<p>[\/et_pb_text][\/et_pb_column][et_pb_column type=&#8221;1_2&#8243;][et_pb_code admin_label=&#8221;Map&#8221; global_parent=&#8221;5743&#8243; _builder_version=&#8221;3.0.75&#8243;]&lt;iframe src=&#8221;https:\/\/www.google.com\/maps\/embed?pb=!1m14!1m8!1m3!1d10055.583969117439!2d6.9433523!3d50.9441365!3m2!1i1024!2i768!4f13.1!3m3!1m2!1s0x0%3A0xf0665aeb3171a092!2sHans-Georg+Lauer+-+Coaching+in+K%C3%B6ln!5e0!3m2!1sde!2sde!4v1498398305016&#8243; width=&#8221;650&#8243; height=&#8221;450&#8243; frameborder=&#8221;0&#8243; style=&#8221;border:0;width:100%;&#8221; allowfullscreen&gt;&lt;\/iframe&gt;[\/et_pb_code][\/et_pb_column][\/et_pb_row][et_pb_row global_parent=&#8221;5743&#8243; _builder_version=&#8221;3.0.75&#8243;][et_pb_column type=&#8221;4_4&#8243;][et_pb_button global_parent=&#8221;5743&#8243; button_url=&#8221;\/kontakt&#8221; button_text=&#8221;Contact form&#8221; button_alignment=&#8221;center&#8221; _builder_version=&#8221;3.0.75&#8243; url_new_window=&#8221;off&#8221; background_layout=&#8221;light&#8221; custom_button=&#8221;off&#8221; button_letter_spacing=&#8221;0&#8243; button_icon_placement=&#8221;right&#8221; button_letter_spacing_hover=&#8221;0&#8243; \/][\/et_pb_column][\/et_pb_row][\/et_pb_section]<\/p>\n","protected":false},"excerpt":{"rendered":"<p><div class=\"et_pb_row et_pb_row_0 et_pb_row_empty\">\n\t\t\t\t\n\t\t\t\t\n\t\t\t\t\n\t\t\t\t\n\t\t\t\t\n\t\t\t<\/div> How can you give your life more happiness and satisfaction? How do you manage to break out of old patterns? How can you combine work and life more fulfillingly (Work Life Balance)? Use my experience and working methods in life coaching to emerge stronger from a personal crisis. <div class=\"et_pb_row et_pb_row_1 et_pb_row_empty\">\n\t\t\t\t\n\t\t\t\t\n\t\t\t\t\n\t\t\t\t\n\t\t\t\t\n\t\t\t<\/div> Occasions for a coaching Life [&hellip;]<\/p>\n","protected":false},"author":1,"featured_media":5416,"parent":5829,"menu_order":0,"comment_status":"closed","ping_status":"closed","template":"tmpl-unterseite.php","meta":{"_acf_changed":false,"_et_pb_use_builder":"on","_et_pb_old_content":"","_et_gb_content_width":"","inline_featured_image":false,"footnotes":""},"acf":[],"yoast_head":"<!-- This site is optimized with the Yoast SEO plugin v23.0 - https:\/\/yoast.com\/wordpress\/plugins\/seo\/ -->\n<title>Life-Coaching in K\u00f6ln | Hans-Georg Lauer<\/title>\n<meta name=\"description\" content=\"Nutzen Sie meine Erfahrung und Arbeitsweise im Life Coaching, um gest\u00e4rkt aus einer pers\u00f6nlichen Krise hervorzugehen und gest\u00e4rkt in den Alltag zu starten.\" \/>\n<meta name=\"robots\" content=\"index, follow, max-snippet:-1, max-image-preview:large, max-video-preview:-1\" \/>\n<link rel=\"canonical\" href=\"https:\/\/coaching-lauer.de\/privatpersonen\/life-coaching\/\" \/>\n<meta property=\"og:locale\" content=\"en_US\" \/>\n<meta property=\"og:type\" content=\"article\" \/>\n<meta property=\"og:title\" content=\"Life-Coaching in K\u00f6ln | Hans-Georg Lauer\" \/>\n<meta property=\"og:description\" content=\"Nutzen Sie meine Erfahrung und Arbeitsweise im Life Coaching, um gest\u00e4rkt aus einer pers\u00f6nlichen Krise hervorzugehen und gest\u00e4rkt in den Alltag zu starten.\" \/>\n<meta property=\"og:url\" content=\"https:\/\/coaching-lauer.de\/privatpersonen\/life-coaching\/\" \/>\n<meta property=\"og:site_name\" content=\"Hans-Georg Lauer\" \/>\n<meta property=\"article:modified_time\" content=\"2017-11-30T14:31:05+00:00\" \/>\n<meta property=\"og:image\" content=\"https:\/\/coaching-lauer.de\/wp-content\/uploads\/PageSlider\/life-coaching.jpg\" \/>\n\t<meta property=\"og:image:width\" content=\"3405\" \/>\n\t<meta property=\"og:image:height\" content=\"2034\" \/>\n\t<meta property=\"og:image:type\" content=\"image\/jpeg\" \/>\n<meta name=\"twitter:card\" content=\"summary_large_image\" \/>\n<meta name=\"twitter:label1\" content=\"Est. reading time\" \/>\n\t<meta name=\"twitter:data1\" content=\"5 minutes\" \/>\n<script type=\"application\/ld+json\" class=\"yoast-schema-graph\">{\"@context\":\"https:\/\/schema.org\",\"@graph\":[{\"@type\":\"WebPage\",\"@id\":\"https:\/\/coaching-lauer.de\/privatpersonen\/life-coaching\/\",\"url\":\"https:\/\/coaching-lauer.de\/privatpersonen\/life-coaching\/\",\"name\":\"Life-Coaching in K\u00f6ln | Hans-Georg Lauer\",\"isPartOf\":{\"@id\":\"https:\/\/coaching-lauer.de\/#website\"},\"primaryImageOfPage\":{\"@id\":\"https:\/\/coaching-lauer.de\/privatpersonen\/life-coaching\/#primaryimage\"},\"image\":{\"@id\":\"https:\/\/coaching-lauer.de\/privatpersonen\/life-coaching\/#primaryimage\"},\"thumbnailUrl\":\"https:\/\/coaching-lauer.de\/wp-content\/uploads\/PageSlider\/life-coaching.jpg\",\"datePublished\":\"2017-10-16T12:52:37+00:00\",\"dateModified\":\"2017-11-30T14:31:05+00:00\",\"description\":\"Nutzen Sie meine Erfahrung und Arbeitsweise im Life Coaching, um gest\u00e4rkt aus einer pers\u00f6nlichen Krise hervorzugehen und gest\u00e4rkt in den Alltag zu starten.\",\"breadcrumb\":{\"@id\":\"https:\/\/coaching-lauer.de\/privatpersonen\/life-coaching\/#breadcrumb\"},\"inLanguage\":\"en-US\",\"potentialAction\":[{\"@type\":\"ReadAction\",\"target\":[\"https:\/\/coaching-lauer.de\/privatpersonen\/life-coaching\/\"]}]},{\"@type\":\"ImageObject\",\"inLanguage\":\"en-US\",\"@id\":\"https:\/\/coaching-lauer.de\/privatpersonen\/life-coaching\/#primaryimage\",\"url\":\"https:\/\/coaching-lauer.de\/wp-content\/uploads\/PageSlider\/life-coaching.jpg\",\"contentUrl\":\"https:\/\/coaching-lauer.de\/wp-content\/uploads\/PageSlider\/life-coaching.jpg\",\"width\":3405,\"height\":2034},{\"@type\":\"BreadcrumbList\",\"@id\":\"https:\/\/coaching-lauer.de\/privatpersonen\/life-coaching\/#breadcrumb\",\"itemListElement\":[{\"@type\":\"ListItem\",\"position\":1,\"name\":\"Startseite\",\"item\":\"https:\/\/coaching-lauer.de\/en\/\"},{\"@type\":\"ListItem\",\"position\":2,\"name\":\"Private individuals\",\"item\":\"https:\/\/coaching-lauer.de\/privatpersonen\/\"},{\"@type\":\"ListItem\",\"position\":3,\"name\":\"Life-Coaching\"}]},{\"@type\":\"WebSite\",\"@id\":\"https:\/\/coaching-lauer.de\/#website\",\"url\":\"https:\/\/coaching-lauer.de\/\",\"name\":\"Hans-Georg Lauer\",\"description\":\"Businesscoaching und Karriere-Kickstart\",\"potentialAction\":[{\"@type\":\"SearchAction\",\"target\":{\"@type\":\"EntryPoint\",\"urlTemplate\":\"https:\/\/coaching-lauer.de\/?s={search_term_string}\"},\"query-input\":\"required name=search_term_string\"}],\"inLanguage\":\"en-US\"}]}<\/script>\n<!-- \/ Yoast SEO plugin. -->","yoast_head_json":{"title":"Life-Coaching in K\u00f6ln | Hans-Georg Lauer","description":"Nutzen Sie meine Erfahrung und Arbeitsweise im Life Coaching, um gest\u00e4rkt aus einer pers\u00f6nlichen Krise hervorzugehen und gest\u00e4rkt in den Alltag zu starten.","robots":{"index":"index","follow":"follow","max-snippet":"max-snippet:-1","max-image-preview":"max-image-preview:large","max-video-preview":"max-video-preview:-1"},"canonical":"https:\/\/coaching-lauer.de\/privatpersonen\/life-coaching\/","og_locale":"en_US","og_type":"article","og_title":"Life-Coaching in K\u00f6ln | Hans-Georg Lauer","og_description":"Nutzen Sie meine Erfahrung und Arbeitsweise im Life Coaching, um gest\u00e4rkt aus einer pers\u00f6nlichen Krise hervorzugehen und gest\u00e4rkt in den Alltag zu starten.","og_url":"https:\/\/coaching-lauer.de\/privatpersonen\/life-coaching\/","og_site_name":"Hans-Georg Lauer","article_modified_time":"2017-11-30T14:31:05+00:00","og_image":[{"width":3405,"height":2034,"url":"https:\/\/coaching-lauer.de\/wp-content\/uploads\/PageSlider\/life-coaching.jpg","type":"image\/jpeg"}],"twitter_card":"summary_large_image","twitter_misc":{"Est. reading time":"5 minutes"},"schema":{"@context":"https:\/\/schema.org","@graph":[{"@type":"WebPage","@id":"https:\/\/coaching-lauer.de\/privatpersonen\/life-coaching\/","url":"https:\/\/coaching-lauer.de\/privatpersonen\/life-coaching\/","name":"Life-Coaching in K\u00f6ln | Hans-Georg Lauer","isPartOf":{"@id":"https:\/\/coaching-lauer.de\/#website"},"primaryImageOfPage":{"@id":"https:\/\/coaching-lauer.de\/privatpersonen\/life-coaching\/#primaryimage"},"image":{"@id":"https:\/\/coaching-lauer.de\/privatpersonen\/life-coaching\/#primaryimage"},"thumbnailUrl":"https:\/\/coaching-lauer.de\/wp-content\/uploads\/PageSlider\/life-coaching.jpg","datePublished":"2017-10-16T12:52:37+00:00","dateModified":"2017-11-30T14:31:05+00:00","description":"Nutzen Sie meine Erfahrung und Arbeitsweise im Life Coaching, um gest\u00e4rkt aus einer pers\u00f6nlichen Krise hervorzugehen und gest\u00e4rkt in den Alltag zu starten.","breadcrumb":{"@id":"https:\/\/coaching-lauer.de\/privatpersonen\/life-coaching\/#breadcrumb"},"inLanguage":"en-US","potentialAction":[{"@type":"ReadAction","target":["https:\/\/coaching-lauer.de\/privatpersonen\/life-coaching\/"]}]},{"@type":"ImageObject","inLanguage":"en-US","@id":"https:\/\/coaching-lauer.de\/privatpersonen\/life-coaching\/#primaryimage","url":"https:\/\/coaching-lauer.de\/wp-content\/uploads\/PageSlider\/life-coaching.jpg","contentUrl":"https:\/\/coaching-lauer.de\/wp-content\/uploads\/PageSlider\/life-coaching.jpg","width":3405,"height":2034},{"@type":"BreadcrumbList","@id":"https:\/\/coaching-lauer.de\/privatpersonen\/life-coaching\/#breadcrumb","itemListElement":[{"@type":"ListItem","position":1,"name":"Startseite","item":"https:\/\/coaching-lauer.de\/en\/"},{"@type":"ListItem","position":2,"name":"Private individuals","item":"https:\/\/coaching-lauer.de\/privatpersonen\/"},{"@type":"ListItem","position":3,"name":"Life-Coaching"}]},{"@type":"WebSite","@id":"https:\/\/coaching-lauer.de\/#website","url":"https:\/\/coaching-lauer.de\/","name":"Hans-Georg Lauer","description":"Businesscoaching und Karriere-Kickstart","potentialAction":[{"@type":"SearchAction","target":{"@type":"EntryPoint","urlTemplate":"https:\/\/coaching-lauer.de\/?s={search_term_string}"},"query-input":"required name=search_term_string"}],"inLanguage":"en-US"}]}},"_links":{"self":[{"href":"https:\/\/coaching-lauer.de\/en\/wp-json\/wp\/v2\/pages\/5900"}],"collection":[{"href":"https:\/\/coaching-lauer.de\/en\/wp-json\/wp\/v2\/pages"}],"about":[{"href":"https:\/\/coaching-lauer.de\/en\/wp-json\/wp\/v2\/types\/page"}],"author":[{"embeddable":true,"href":"https:\/\/coaching-lauer.de\/en\/wp-json\/wp\/v2\/users\/1"}],"replies":[{"embeddable":true,"href":"https:\/\/coaching-lauer.de\/en\/wp-json\/wp\/v2\/comments?post=5900"}],"version-history":[{"count":3,"href":"https:\/\/coaching-lauer.de\/en\/wp-json\/wp\/v2\/pages\/5900\/revisions"}],"predecessor-version":[{"id":5901,"href":"https:\/\/coaching-lauer.de\/en\/wp-json\/wp\/v2\/pages\/5900\/revisions\/5901"}],"up":[{"embeddable":true,"href":"https:\/\/coaching-lauer.de\/en\/wp-json\/wp\/v2\/pages\/5829"}],"wp:featuredmedia":[{"embeddable":true,"href":"https:\/\/coaching-lauer.de\/en\/wp-json\/wp\/v2\/media\/5416"}],"wp:attachment":[{"href":"https:\/\/coaching-lauer.de\/en\/wp-json\/wp\/v2\/media?parent=5900"}],"curies":[{"name":"wp","href":"https:\/\/api.w.org\/{rel}","templated":true}]}}