{"id":5920,"date":"2017-09-19T11:54:39","date_gmt":"2017-09-19T09:54:39","guid":{"rendered":"https:\/\/coaching-lauer.de\/unternehmen\/"},"modified":"2024-10-23T14:35:22","modified_gmt":"2024-10-23T12:35:22","slug":"unternehmen","status":"publish","type":"page","link":"https:\/\/coaching-lauer.de\/en\/unternehmen\/","title":{"rendered":"Companies"},"content":{"rendered":"<p>[et_pb_section fb_built=&#8221;1&#8243; _builder_version=&#8221;4.16&#8243; custom_margin=&#8221;0px|||&#8221; custom_padding=&#8221;0px|||&#8221; global_colors_info=&#8221;{}&#8221;][et_pb_row module_class=&#8221;boxen&#8221; _builder_version=&#8221;4.16&#8243; global_colors_info=&#8221;{}&#8221;][et_pb_column type=&#8221;4_4&#8243; _builder_version=&#8221;4.16&#8243; custom_padding=&#8221;|||&#8221; global_colors_info=&#8221;{}&#8221; custom_padding__hover=&#8221;|||&#8221;][et_pb_blurb title=&#8221;F\u00fchrungskr\u00e4fte-Coaching&#8221; url=&#8221;https:\/\/coaching-lauer.de\/en\/unternehmen\/coaching-fuer-fuehrungskraefte\/&#8221; use_icon=&#8221;on&#8221; font_icon=&#8221;&#xe0ef;||divi||400&#8243; icon_color=&#8221;#1c9cdb&#8221; icon_placement=&#8221;left&#8221; admin_label=&#8221;F\u00fchrungskr\u00e4fte-Coaching&#8221; _builder_version=&#8221;4.16&#8243; header_font_size=&#8221;22px&#8221; header_line_height=&#8221;1.2em&#8221; custom_padding=&#8221;25px|15px|25px|15px&#8221; border_width_all=&#8221;0px&#8221; border_color_all=&#8221;#cccccc&#8221; border_style_all=&#8221;dashed&#8221; use_border_color=&#8221;on&#8221; border_color=&#8221;#cccccc&#8221; border_style=&#8221;dashed&#8221; use_circle=&#8221;off&#8221; use_circle_border=&#8221;off&#8221; global_colors_info=&#8221;{}&#8221;]Pragmatischer Rat\u00a0und neue Impulse<br \/>\n[\/et_pb_blurb][et_pb_blurb title=&#8221;Team-Coaching&#8221; url=&#8221;https:\/\/coaching-lauer.de\/en\/unternehmen\/coaching-fuer-teams\/&#8221; use_icon=&#8221;on&#8221; font_icon=&#8221;&#xe0e9;||divi||400&#8243; icon_color=&#8221;#1c9cdb&#8221; icon_placement=&#8221;left&#8221; admin_label=&#8221;Team-Coaching&#8221; _builder_version=&#8221;4.16&#8243; header_font_size=&#8221;22px&#8221; header_line_height=&#8221;1.2em&#8221; custom_padding=&#8221;25px|15px|25px|15px&#8221; border_width_all=&#8221;0px&#8221; border_color_all=&#8221;#cccccc&#8221; border_style_all=&#8221;dashed&#8221; use_border_color=&#8221;on&#8221; border_color=&#8221;#cccccc&#8221; border_style=&#8221;dashed&#8221; use_circle=&#8221;off&#8221; use_circle_border=&#8221;off&#8221; global_colors_info=&#8221;{}&#8221;]Vorteile von effektiven Teams nutzen<br \/>\n[\/et_pb_blurb][et_pb_blurb title=&#8221;Outplacement&#8221; url=&#8221;https:\/\/coaching-lauer.de\/en\/unternehmen\/outplacement\/&#8221; use_icon=&#8221;on&#8221; font_icon=&#8221;&#xe01e;||divi||400&#8243; icon_color=&#8221;#1c9cdb&#8221; icon_placement=&#8221;left&#8221; admin_label=&#8221;Outplacement&#8221; _builder_version=&#8221;4.16&#8243; header_font_size=&#8221;22px&#8221; header_line_height=&#8221;1.2em&#8221; custom_padding=&#8221;25px|15px|25px|15px&#8221; border_width_all=&#8221;0px&#8221; border_color_all=&#8221;#cccccc&#8221; border_style_all=&#8221;dashed&#8221; use_border_color=&#8221;on&#8221; border_color=&#8221;#cccccc&#8221; border_style=&#8221;dashed&#8221; use_circle=&#8221;off&#8221; use_circle_border=&#8221;off&#8221; global_colors_info=&#8221;{}&#8221;]Verbessern Sie Ihre Vermittlungserfolge<br \/>\n[\/et_pb_blurb][et_pb_blurb title=&#8221;Nachfolge Coaching&#8221; url=&#8221;https:\/\/coaching-lauer.de\/en\/unternehmen\/nachfolge-coaching\/&#8221; use_icon=&#8221;on&#8221; font_icon=&#8221;&#xe109;||divi||400&#8243; icon_color=&#8221;#1c9cdb&#8221; icon_placement=&#8221;left&#8221; admin_label=&#8221;Nachfolge Coaching&#8221; _builder_version=&#8221;4.16&#8243; header_font_size=&#8221;22px&#8221; header_line_height=&#8221;1.2em&#8221; custom_padding=&#8221;25px|15px|25px|15px&#8221; border_width_all=&#8221;0px&#8221; border_color_all=&#8221;#cccccc&#8221; border_style_all=&#8221;dashed&#8221; use_border_color=&#8221;on&#8221; border_color=&#8221;#cccccc&#8221; border_style=&#8221;dashed&#8221; use_circle=&#8221;off&#8221; use_circle_border=&#8221;off&#8221; global_colors_info=&#8221;{}&#8221;]Nachfolge im Familienunternehmen<br \/>\n[\/et_pb_blurb][et_pb_blurb title=&#8221;Mediation&#8221; url=&#8221;https:\/\/coaching-lauer.de\/en\/unternehmen\/mediation\/&#8221; use_icon=&#8221;on&#8221; font_icon=&#8221;&#xe60e;||divi||400&#8243; icon_color=&#8221;#1c9cdb&#8221; icon_placement=&#8221;left&#8221; admin_label=&#8221;Mediation&#8221; _builder_version=&#8221;4.16&#8243; header_font_size=&#8221;22px&#8221; header_line_height=&#8221;1.2em&#8221; custom_padding=&#8221;25px|15px|25px|15px&#8221; border_width_all=&#8221;0px&#8221; border_color_all=&#8221;#cccccc&#8221; border_style_all=&#8221;dashed&#8221; use_border_color=&#8221;on&#8221; border_color=&#8221;#cccccc&#8221; border_style=&#8221;dashed&#8221; use_circle=&#8221;off&#8221; use_circle_border=&#8221;off&#8221; global_colors_info=&#8221;{}&#8221;]F\u00fcr einen fairen Interessenausgleich<br \/>\n[\/et_pb_blurb][et_pb_blurb title=&#8221;Management Coaching&#8221; url=&#8221;https:\/\/coaching-lauer.de\/en\/unternehmen\/management-development\/&#8221; use_icon=&#8221;on&#8221; font_icon=&#8221;&#xe107;||divi||400&#8243; icon_color=&#8221;#1c9cdb&#8221; icon_placement=&#8221;left&#8221; admin_label=&#8221;Management Coaching&#8221; _builder_version=&#8221;4.16&#8243; header_font_size=&#8221;22px&#8221; header_line_height=&#8221;1.2em&#8221; custom_padding=&#8221;25px|15px|25px|15px&#8221; border_width_all=&#8221;0px&#8221; border_color_all=&#8221;#cccccc&#8221; border_style_all=&#8221;dashed&#8221; use_border_color=&#8221;on&#8221; border_color=&#8221;#cccccc&#8221; border_style=&#8221;dashed&#8221; use_circle=&#8221;off&#8221; use_circle_border=&#8221;off&#8221; global_colors_info=&#8221;{}&#8221;]Fortschritt braucht neue Konzepte<br \/>\n[\/et_pb_blurb][\/et_pb_column][\/et_pb_row][\/et_pb_section][et_pb_section fb_built=&#8221;1&#8243; _builder_version=&#8221;4.16&#8243; background_color=&#8221;#1c9cdb&#8221; custom_padding=&#8221;40px|0px|40px|0px&#8221; hover_enabled=&#8221;0&#8243; global_colors_info=&#8221;{}&#8221; sticky_enabled=&#8221;0&#8243;][et_pb_row _builder_version=&#8221;4.16&#8243; global_colors_info=&#8221;{}&#8221;][et_pb_column type=&#8221;4_4&#8243; _builder_version=&#8221;4.16&#8243; custom_padding=&#8221;|||&#8221; global_colors_info=&#8221;{}&#8221; custom_padding__hover=&#8221;|||&#8221;][et_pb_text _builder_version=&#8221;4.16&#8243; text_font=&#8221;|on|||&#8221; text_font_size=&#8221;19px&#8221; header_font=&#8221;||||&#8221; header_font_size=&#8221;24px&#8221; text_orientation=&#8221;center&#8221; background_layout=&#8221;dark&#8221; module_alignment=&#8221;center&#8221; global_colors_info=&#8221;{}&#8221;]<\/p>\n<h2><strong>Kundenmeinungen \u00fcber mein Business-Coaching<\/strong><\/h2>\n<p><b>Erfahrungen anderer Business-Coaching-Teilnehmer:<\/b><br \/>\n[\/et_pb_text][\/et_pb_column][\/et_pb_row][et_pb_row _builder_version=&#8221;4.16&#8243; global_colors_info=&#8221;{}&#8221; column_structure=&#8221;1_3,1_3,1_3&#8243;][et_pb_column type=&#8221;1_3&#8243; _builder_version=&#8221;4.16&#8243; custom_padding=&#8221;|||&#8221; global_colors_info=&#8221;{}&#8221; custom_padding__hover=&#8221;|||&#8221;][et_pb_testimonial author=&#8221;Yannick Kay&#8221; quote_icon_background_color=&#8221;#1c9cdb&#8221; _builder_version=&#8221;4.16&#8243; background_color=&#8221;#1884ba&#8221; background_layout=&#8221;dark&#8221; global_colors_info=&#8221;{}&#8221;]Das Business-Coaching bei Herrn Lauer war ein voller Erfolg und hat mich zweifelsohne weitergebracht. Besonders die Kompetenz und die Herangehensweise haben mich beeindruckt. Nur zu empfehlen!<br \/>\n[\/et_pb_testimonial][\/et_pb_column][et_pb_column type=&#8221;1_3&#8243; _builder_version=&#8221;4.16&#8243; custom_padding=&#8221;|||&#8221; global_colors_info=&#8221;{}&#8221; custom_padding__hover=&#8221;|||&#8221;][et_pb_testimonial author=&#8221;Tom S.&#8221; job_title=&#8221;Chief Financial Officer&#8221; quote_icon_background_color=&#8221;#1c9cdb&#8221; _builder_version=&#8221;4.16&#8243; background_color=&#8221;#1884ba&#8221; background_layout=&#8221;dark&#8221; border_style=&#8221;solid&#8221; global_colors_info=&#8221;{}&#8221;]<span class=\"kIqwof\">Mit Kompetenz, Erfahrung und Einf\u00fchlsamkeit hat Herr Lauer mit mir ein F\u00fchrungskompetenz-Training durchgef\u00fchrt, welches mir konkrete und zielf\u00fchrende Hilfestellungen f\u00fcr meinen Manager Alltag gegeben hat. Absolut empfehlenswert.<\/span><br \/>\n[\/et_pb_testimonial][\/et_pb_column][et_pb_column type=&#8221;1_3&#8243; _builder_version=&#8221;4.16&#8243; custom_padding=&#8221;|||&#8221; global_colors_info=&#8221;{}&#8221; custom_padding__hover=&#8221;|||&#8221;][et_pb_testimonial author=&#8221;Bernd T.&#8221; job_title=&#8221;Vertriebsleiter&#8221; quote_icon_background_color=&#8221;#1c9cdb&#8221; _builder_version=&#8221;4.16&#8243; background_color=&#8221;#1884ba&#8221; background_layout=&#8221;dark&#8221; border_style=&#8221;solid&#8221; global_colors_info=&#8221;{}&#8221;]<span class=\"kIqwof\">Das Karriere Coaching von Herrn Lauer hat mir bei meiner Vertriebs-Karriere sehr geholfen. Ich kann es jedem weiterempfehlen, der gerade vor einem wichtigen beruflichen Schritt steht!<\/span><br \/>\n[\/et_pb_testimonial][\/et_pb_column][\/et_pb_row][\/et_pb_section][et_pb_section fb_built=&#8221;1&#8243; _builder_version=&#8221;4.16&#8243; custom_padding=&#8221;60px|0px|0px|0px&#8221; global_colors_info=&#8221;{}&#8221;][et_pb_row _builder_version=&#8221;4.16&#8243; background_size=&#8221;initial&#8221; background_position=&#8221;top_left&#8221; background_repeat=&#8221;repeat&#8221; custom_padding=&#8221;30px|0px|0px|0px&#8221; global_colors_info=&#8221;{}&#8221; column_structure=&#8221;1_3,2_3&#8243;][et_pb_column type=&#8221;1_3&#8243; _builder_version=&#8221;4.16&#8243; custom_padding=&#8221;|||&#8221; global_colors_info=&#8221;{}&#8221; custom_padding__hover=&#8221;|||&#8221;][et_pb_image src=&#8221;https:\/\/coaching-lauer.de\/wp-content\/uploads\/2017\/09\/hans-georg-business-coach.jpg&#8221; align_tablet=&#8221;center&#8221; align_last_edited=&#8221;on|desktop&#8221; _builder_version=&#8221;4.16&#8243; global_colors_info=&#8221;{}&#8221; align_phone=&#8221;center&#8221;][\/et_pb_image][et_pb_button button_url=&#8221;https:\/\/coaching-lauer.de\/en\/kontakt\/&#8221; button_text=&#8221;Beratung anfordern&#8221; _builder_version=&#8221;4.16&#8243; button_letter_spacing_hover=&#8221;0&#8243; global_colors_info=&#8221;{}&#8221; button_text_size__hover_enabled=&#8221;off&#8221; button_one_text_size__hover_enabled=&#8221;off&#8221; button_two_text_size__hover_enabled=&#8221;off&#8221; button_text_color__hover_enabled=&#8221;off&#8221; button_one_text_color__hover_enabled=&#8221;off&#8221; button_two_text_color__hover_enabled=&#8221;off&#8221; button_border_width__hover_enabled=&#8221;off&#8221; button_one_border_width__hover_enabled=&#8221;off&#8221; button_two_border_width__hover_enabled=&#8221;off&#8221; button_border_color__hover_enabled=&#8221;off&#8221; button_one_border_color__hover_enabled=&#8221;off&#8221; button_two_border_color__hover_enabled=&#8221;off&#8221; button_border_radius__hover_enabled=&#8221;off&#8221; button_one_border_radius__hover_enabled=&#8221;off&#8221; button_two_border_radius__hover_enabled=&#8221;off&#8221; button_letter_spacing__hover_enabled=&#8221;on&#8221; button_letter_spacing__hover=&#8221;0&#8243; button_one_letter_spacing__hover_enabled=&#8221;off&#8221; button_two_letter_spacing__hover_enabled=&#8221;off&#8221; button_bg_color__hover_enabled=&#8221;off&#8221; button_one_bg_color__hover_enabled=&#8221;off&#8221; button_two_bg_color__hover_enabled=&#8221;off&#8221;][\/et_pb_button][\/et_pb_column][et_pb_column type=&#8221;2_3&#8243; _builder_version=&#8221;4.16&#8243; custom_padding=&#8221;|||&#8221; global_colors_info=&#8221;{}&#8221; custom_padding__hover=&#8221;|||&#8221;][et_pb_text _builder_version=&#8221;4.16&#8243; border_style=&#8221;solid&#8221; global_colors_info=&#8221;{}&#8221;]<\/p>\n<h2>Coaching in Unternehmen<\/h2>\n<p>Der Erfolg von Unternehmen h\u00e4ngt von vielen Faktoren ab, letztlich von den Mitarbeitern und ihren F\u00fchrungskr\u00e4ften. Exzellente F\u00fchrungskr\u00e4fte sind der Garant daf\u00fcr, dass sich Unternehmen im Wettbewerb durchsetzen. Umgekehrt gilt: Unternehmen sind dann erfolgreich, wenn das F\u00fchrungspersonal selbst Erfolg hat.<\/p>\n<p>Dabei \u00e4ndern sich die Rahmen-Bedingungen f\u00fcr Erfolg immer schneller. Digitalisierung und Globalisierung sind die beherrschenden Treiber unserer Wirtschafts-und Unternehmensentwicklung. Sicher geglaubte Gesch\u00e4ftsmodelle werden durch die Digitalisierung infrage gestellt, globale Teams \u00fcberwinden Sprach- und Zeitbarrieren, um mittels Techniken wie WebEx weltweit zusammenzuarbeiten.<\/p>\n<p>Der Wettbewerb um die gr\u00f6\u00dften F\u00fchrungs-Talente hat l\u00e4ngst begonnen und Unternehmen haben angesichts des \u201ewar for talents\u201c erkannt, ihre F\u00fchrungskr\u00e4fte kontinuierlich weiterzuentwickeln und sie in einem sich \u00e4ndernden Marktumfeld zu unterst\u00fctzen.<\/p>\n<p>Hier kommt meine Coaching Dienstleistung ins Spiel. Als Business Coach bin ich \u201eAnwalt\u201c f\u00fcr die Weiterentwicklung der Kompetenzen ihrer F\u00fchrungskr\u00e4fte und Sparringspartner ihres Management-Teams in einem sich rasch ver\u00e4ndernden Marktumfeld.<\/p>\n<h2>Coaching f\u00fcr F\u00fchrungskr\u00e4fte in K\u00f6ln<\/h2>\n<p>Als F\u00fchrungskr\u00e4fte-Coach unterst\u00fctze ihre F\u00fchrungskr\u00e4fte dabei, sich selbst und ihr Team erfolgreich zu f\u00fchren und den Wandel zielgerichtet zu gestalten. Dabei ber\u00fccksichtige ich die jeweilige Strategie, Marktstellung und Unternehmenskultur ihres Unternehmens.<\/p>\n<p>Typische Themen in meinem F\u00fchrungskr\u00e4fte Coaching sind:<\/p>\n<ol>\n<li>F\u00fchrung und Selbstf\u00fchrung, Leadership Skills weiterentwickeln<\/li>\n<li>Authentischer Auftritt<\/li>\n<li>Abgleich von Fremd- und Selbstbild, Kritikf\u00e4higkeit und Wahrnehmung<\/li>\n<li>Unterst\u00fctzung bei komplexen Entscheidungen<\/li>\n<li>Internationale Teams effektiv f\u00fchren und motivieren<\/li>\n<li>Konflikte sachgerecht \u00f6sen und kreative L\u00f6sungen mit Mehrwert f\u00fcr alle Stakeholder zu schaffen<\/li>\n<li>Konsequentes Umsetzen, Steigerung der Handlungsorientierung<\/li>\n<\/ol>\n<p>Dabei setze ich sowohl meine eigene Manager-Erfahrung als auch meine organisations-und sozialpsychologischen Kenntnisse ein. Details zu meiner Vorgehensweise bei den unterschiedlichen Angeboten finden Sie auf den n\u00e4chsten Seiten.<br \/>\n[\/et_pb_text][\/et_pb_column][\/et_pb_row][\/et_pb_section][et_pb_section fb_built=&#8221;1&#8243; _builder_version=&#8221;4.16&#8243; custom_padding=&#8221;0px|0px|0px|0px&#8221; global_colors_info=&#8221;{}&#8221;][et_pb_row _builder_version=&#8221;4.16&#8243; custom_padding=&#8221;30px|0px|0px|0px&#8221; global_colors_info=&#8221;{}&#8221;][et_pb_column type=&#8221;4_4&#8243; _builder_version=&#8221;4.16&#8243; custom_padding=&#8221;|||&#8221; global_colors_info=&#8221;{}&#8221; custom_padding__hover=&#8221;|||&#8221;][et_pb_divider color=&#8221;#d3d3d3&#8243; _builder_version=&#8221;4.16&#8243; global_colors_info=&#8221;{}&#8221;][\/et_pb_divider][et_pb_text _builder_version=&#8221;4.16&#8243; text_font=&#8221;|on|||&#8221; text_font_size=&#8221;19px&#8221; header_font=&#8221;||||&#8221; header_font_size=&#8221;24px&#8221; text_orientation=&#8221;center&#8221; module_alignment=&#8221;center&#8221; global_colors_info=&#8221;{}&#8221;]<\/p>\n<h2><strong>Neueste Beitr\u00e4ge zum Thema Business-Coaching<\/strong><\/h2>\n<p><b>Erfahren Sie mehr \u00fcber die M\u00f6glichkeiten und Anwendungsbereiche<br \/>\nvon Business Coaching.<\/b><br \/>\n[\/et_pb_text][et_pb_blog fullwidth=&#8221;off&#8221; posts_number=&#8221;3&#8243; _builder_version=&#8221;4.16&#8243; global_colors_info=&#8221;{}&#8221;][\/et_pb_blog][et_pb_divider color=&#8221;#d3d3d3&#8243; _builder_version=&#8221;4.16&#8243; global_colors_info=&#8221;{}&#8221;][\/et_pb_divider][\/et_pb_column][\/et_pb_row][\/et_pb_section][et_pb_section fb_built=&#8221;1&#8243; _builder_version=&#8221;3.0.75&#8243; custom_padding=&#8221;0px|0px|0px|0px&#8221; global_module=&#8221;5743&#8243; global_colors_info=&#8221;{}&#8221;][\/et_pb_section]<\/p>\n","protected":false},"excerpt":{"rendered":"<p>Pragmatischer Rat\u00a0und neue Impulse Vorteile von effektiven Teams nutzen Verbessern Sie Ihre Vermittlungserfolge Nachfolge im Familienunternehmen F\u00fcr einen fairen Interessenausgleich Fortschritt braucht neue Konzepte Kundenmeinungen \u00fcber mein Business-Coaching Erfahrungen anderer Business-Coaching-Teilnehmer: Das Business-Coaching bei Herrn Lauer war ein voller Erfolg und hat mich zweifelsohne weitergebracht. Besonders die Kompetenz und die Herangehensweise haben mich beeindruckt. Nur [&hellip;]<\/p>\n","protected":false},"author":1,"featured_media":5297,"parent":0,"menu_order":0,"comment_status":"closed","ping_status":"closed","template":"tmpl-unterseite.php","meta":{"_acf_changed":false,"_et_pb_use_builder":"on","_et_pb_old_content":"","_et_gb_content_width":"","inline_featured_image":false,"footnotes":""},"acf":[],"yoast_head":"<!-- This site is optimized with the Yoast SEO plugin v23.0 - https:\/\/yoast.com\/wordpress\/plugins\/seo\/ -->\n<title>Coaching f\u00fcr Unternehmen | Hans-Georg Lauer<\/title>\n<meta name=\"description\" content=\"Bei meinem Coaching f\u00fcr Unternehmen biete ich F\u00fchrungskr\u00e4fte-Coaching, Team-Coaching, Outplacement, Nachfolge-Coaching und Management-Coaching an.\" \/>\n<meta name=\"robots\" content=\"index, follow, max-snippet:-1, max-image-preview:large, max-video-preview:-1\" \/>\n<link rel=\"canonical\" href=\"https:\/\/coaching-lauer.de\/unternehmen\/\" \/>\n<meta property=\"og:locale\" content=\"en_US\" \/>\n<meta property=\"og:type\" content=\"article\" \/>\n<meta property=\"og:title\" content=\"Coaching f\u00fcr Unternehmen | Hans-Georg Lauer\" \/>\n<meta property=\"og:description\" content=\"Bei meinem Coaching f\u00fcr Unternehmen biete ich F\u00fchrungskr\u00e4fte-Coaching, Team-Coaching, Outplacement, Nachfolge-Coaching und Management-Coaching an.\" \/>\n<meta property=\"og:url\" content=\"https:\/\/coaching-lauer.de\/unternehmen\/\" \/>\n<meta property=\"og:site_name\" content=\"Hans-Georg Lauer\" \/>\n<meta property=\"article:modified_time\" content=\"2024-10-23T12:35:22+00:00\" \/>\n<meta property=\"og:image\" content=\"https:\/\/coaching-lauer.de\/wp-content\/uploads\/PageSlider\/unternehmen.jpg\" \/>\n\t<meta property=\"og:image:width\" content=\"3224\" \/>\n\t<meta property=\"og:image:height\" content=\"1790\" \/>\n\t<meta property=\"og:image:type\" content=\"image\/jpeg\" \/>\n<meta name=\"twitter:card\" content=\"summary_large_image\" \/>\n<meta name=\"twitter:label1\" content=\"Est. reading time\" \/>\n\t<meta name=\"twitter:data1\" content=\"8 minutes\" \/>\n<script type=\"application\/ld+json\" class=\"yoast-schema-graph\">{\"@context\":\"https:\/\/schema.org\",\"@graph\":[{\"@type\":\"WebPage\",\"@id\":\"https:\/\/coaching-lauer.de\/unternehmen\/\",\"url\":\"https:\/\/coaching-lauer.de\/unternehmen\/\",\"name\":\"Coaching f\u00fcr Unternehmen | Hans-Georg Lauer\",\"isPartOf\":{\"@id\":\"https:\/\/coaching-lauer.de\/#website\"},\"primaryImageOfPage\":{\"@id\":\"https:\/\/coaching-lauer.de\/unternehmen\/#primaryimage\"},\"image\":{\"@id\":\"https:\/\/coaching-lauer.de\/unternehmen\/#primaryimage\"},\"thumbnailUrl\":\"https:\/\/coaching-lauer.de\/wp-content\/uploads\/PageSlider\/unternehmen.jpg\",\"datePublished\":\"2017-09-19T09:54:39+00:00\",\"dateModified\":\"2024-10-23T12:35:22+00:00\",\"description\":\"Bei meinem Coaching f\u00fcr Unternehmen biete ich F\u00fchrungskr\u00e4fte-Coaching, Team-Coaching, Outplacement, Nachfolge-Coaching und Management-Coaching an.\",\"breadcrumb\":{\"@id\":\"https:\/\/coaching-lauer.de\/unternehmen\/#breadcrumb\"},\"inLanguage\":\"en-US\",\"potentialAction\":[{\"@type\":\"ReadAction\",\"target\":[\"https:\/\/coaching-lauer.de\/unternehmen\/\"]}]},{\"@type\":\"ImageObject\",\"inLanguage\":\"en-US\",\"@id\":\"https:\/\/coaching-lauer.de\/unternehmen\/#primaryimage\",\"url\":\"https:\/\/coaching-lauer.de\/wp-content\/uploads\/PageSlider\/unternehmen.jpg\",\"contentUrl\":\"https:\/\/coaching-lauer.de\/wp-content\/uploads\/PageSlider\/unternehmen.jpg\",\"width\":3224,\"height\":1790},{\"@type\":\"BreadcrumbList\",\"@id\":\"https:\/\/coaching-lauer.de\/unternehmen\/#breadcrumb\",\"itemListElement\":[{\"@type\":\"ListItem\",\"position\":1,\"name\":\"Startseite\",\"item\":\"https:\/\/coaching-lauer.de\/en\/\"},{\"@type\":\"ListItem\",\"position\":2,\"name\":\"Companies\"}]},{\"@type\":\"WebSite\",\"@id\":\"https:\/\/coaching-lauer.de\/#website\",\"url\":\"https:\/\/coaching-lauer.de\/\",\"name\":\"Hans-Georg Lauer\",\"description\":\"Businesscoaching und Karriere-Kickstart\",\"potentialAction\":[{\"@type\":\"SearchAction\",\"target\":{\"@type\":\"EntryPoint\",\"urlTemplate\":\"https:\/\/coaching-lauer.de\/?s={search_term_string}\"},\"query-input\":\"required name=search_term_string\"}],\"inLanguage\":\"en-US\"}]}<\/script>\n<!-- \/ Yoast SEO plugin. -->","yoast_head_json":{"title":"Coaching f\u00fcr Unternehmen | Hans-Georg Lauer","description":"Bei meinem Coaching f\u00fcr Unternehmen biete ich F\u00fchrungskr\u00e4fte-Coaching, Team-Coaching, Outplacement, Nachfolge-Coaching und Management-Coaching an.","robots":{"index":"index","follow":"follow","max-snippet":"max-snippet:-1","max-image-preview":"max-image-preview:large","max-video-preview":"max-video-preview:-1"},"canonical":"https:\/\/coaching-lauer.de\/unternehmen\/","og_locale":"en_US","og_type":"article","og_title":"Coaching f\u00fcr Unternehmen | Hans-Georg Lauer","og_description":"Bei meinem Coaching f\u00fcr Unternehmen biete ich F\u00fchrungskr\u00e4fte-Coaching, Team-Coaching, Outplacement, Nachfolge-Coaching und Management-Coaching an.","og_url":"https:\/\/coaching-lauer.de\/unternehmen\/","og_site_name":"Hans-Georg Lauer","article_modified_time":"2024-10-23T12:35:22+00:00","og_image":[{"width":3224,"height":1790,"url":"https:\/\/coaching-lauer.de\/wp-content\/uploads\/PageSlider\/unternehmen.jpg","type":"image\/jpeg"}],"twitter_card":"summary_large_image","twitter_misc":{"Est. reading time":"8 minutes"},"schema":{"@context":"https:\/\/schema.org","@graph":[{"@type":"WebPage","@id":"https:\/\/coaching-lauer.de\/unternehmen\/","url":"https:\/\/coaching-lauer.de\/unternehmen\/","name":"Coaching f\u00fcr Unternehmen | Hans-Georg Lauer","isPartOf":{"@id":"https:\/\/coaching-lauer.de\/#website"},"primaryImageOfPage":{"@id":"https:\/\/coaching-lauer.de\/unternehmen\/#primaryimage"},"image":{"@id":"https:\/\/coaching-lauer.de\/unternehmen\/#primaryimage"},"thumbnailUrl":"https:\/\/coaching-lauer.de\/wp-content\/uploads\/PageSlider\/unternehmen.jpg","datePublished":"2017-09-19T09:54:39+00:00","dateModified":"2024-10-23T12:35:22+00:00","description":"Bei meinem Coaching f\u00fcr Unternehmen biete ich F\u00fchrungskr\u00e4fte-Coaching, Team-Coaching, Outplacement, Nachfolge-Coaching und Management-Coaching an.","breadcrumb":{"@id":"https:\/\/coaching-lauer.de\/unternehmen\/#breadcrumb"},"inLanguage":"en-US","potentialAction":[{"@type":"ReadAction","target":["https:\/\/coaching-lauer.de\/unternehmen\/"]}]},{"@type":"ImageObject","inLanguage":"en-US","@id":"https:\/\/coaching-lauer.de\/unternehmen\/#primaryimage","url":"https:\/\/coaching-lauer.de\/wp-content\/uploads\/PageSlider\/unternehmen.jpg","contentUrl":"https:\/\/coaching-lauer.de\/wp-content\/uploads\/PageSlider\/unternehmen.jpg","width":3224,"height":1790},{"@type":"BreadcrumbList","@id":"https:\/\/coaching-lauer.de\/unternehmen\/#breadcrumb","itemListElement":[{"@type":"ListItem","position":1,"name":"Startseite","item":"https:\/\/coaching-lauer.de\/en\/"},{"@type":"ListItem","position":2,"name":"Companies"}]},{"@type":"WebSite","@id":"https:\/\/coaching-lauer.de\/#website","url":"https:\/\/coaching-lauer.de\/","name":"Hans-Georg Lauer","description":"Businesscoaching und Karriere-Kickstart","potentialAction":[{"@type":"SearchAction","target":{"@type":"EntryPoint","urlTemplate":"https:\/\/coaching-lauer.de\/?s={search_term_string}"},"query-input":"required name=search_term_string"}],"inLanguage":"en-US"}]}},"_links":{"self":[{"href":"https:\/\/coaching-lauer.de\/en\/wp-json\/wp\/v2\/pages\/5920"}],"collection":[{"href":"https:\/\/coaching-lauer.de\/en\/wp-json\/wp\/v2\/pages"}],"about":[{"href":"https:\/\/coaching-lauer.de\/en\/wp-json\/wp\/v2\/types\/page"}],"author":[{"embeddable":true,"href":"https:\/\/coaching-lauer.de\/en\/wp-json\/wp\/v2\/users\/1"}],"replies":[{"embeddable":true,"href":"https:\/\/coaching-lauer.de\/en\/wp-json\/wp\/v2\/comments?post=5920"}],"version-history":[{"count":5,"href":"https:\/\/coaching-lauer.de\/en\/wp-json\/wp\/v2\/pages\/5920\/revisions"}],"predecessor-version":[{"id":7433,"href":"https:\/\/coaching-lauer.de\/en\/wp-json\/wp\/v2\/pages\/5920\/revisions\/7433"}],"wp:featuredmedia":[{"embeddable":true,"href":"https:\/\/coaching-lauer.de\/en\/wp-json\/wp\/v2\/media\/5297"}],"wp:attachment":[{"href":"https:\/\/coaching-lauer.de\/en\/wp-json\/wp\/v2\/media?parent=5920"}],"curies":[{"name":"wp","href":"https:\/\/api.w.org\/{rel}","templated":true}]}}