{"id":5923,"date":"2017-10-12T14:22:54","date_gmt":"2017-10-12T12:22:54","guid":{"rendered":"https:\/\/coaching-lauer.de\/unternehmen\/coaching-fuer-fuehrungskraefte\/auftritt-und-praesentation\/"},"modified":"2017-11-29T14:37:20","modified_gmt":"2017-11-29T13:37:20","slug":"auftritt-und-praesentation","status":"publish","type":"page","link":"https:\/\/coaching-lauer.de\/en\/unternehmen\/coaching-fuer-fuehrungskraefte\/auftritt-und-praesentation\/","title":{"rendered":"Appearance and performance"},"content":{"rendered":"<p>[et_pb_section bb_built=&#8221;1&#8243; _builder_version=&#8221;3.0.75&#8243;][et_pb_row][et_pb_column type=&#8221;4_4&#8243;][et_pb_text _builder_version=&#8221;3.0.75&#8243; background_layout=&#8221;light&#8221; border_style=&#8221;solid&#8221;]<\/p>\n<p>There is hardly a competence that is so important for executives today, such as the successful appearance and the sovereign presentation. Executives can only communicate their vision and strategy effectively if the presentation and presentation are authentic and coherent. From the strategy conference to the management meeting to the customer presentation, your presentation skills are in demand everywhere. The higher you rise in the hierarchy, the more important it becomes for you to rhetorically convince. My performance coaching serves this purpose.<\/p>\n<h2>What you&#8217;ll learn in my appearance coaching<\/h2>\n<ul>\n<li>To improve your selfconfidence<\/li>\n<li>To become aware of your appearance and your impact<\/li>\n<li>To work on your language, gestures and facial expressions to work (if desired with video feedback)<\/li>\n<li>to go calm and confident to critical meetings and presentations<\/li>\n<li>to argue convincing<\/li>\n<li>To develop a suitable elevator pitch for you<\/li>\n<li>Build your own image or develop further<\/li>\n<\/ul>\n<p>&nbsp;<\/p>\n<p>As a management coach, I know typical topics around appearance and presentation from my own &#8220;manager life&#8221;. So I bring not only my tools but also my knowledge of experience in our coaching. I support you in strengthening your presentation and persuasion skills. Together, we will work out suitable behaviors for you, how to effectively master current and future performances and deal professionally with stage fright and critical customers \/ listeners.<\/p>\n<p>[\/et_pb_text][\/et_pb_column][\/et_pb_row][\/et_pb_section][et_pb_section bb_built=&#8221;1&#8243; _builder_version=&#8221;3.0.75&#8243; custom_padding=&#8221;0px|0px|0px|0px&#8221; global_module=&#8221;5743&#8243;][et_pb_row global_parent=&#8221;5743&#8243; custom_padding=&#8221;28.7188px|0px|0px|0px&#8221; _builder_version=&#8221;3.0.75&#8243;][et_pb_column type=&#8221;1_2&#8243;][et_pb_text global_parent=&#8221;5743&#8243; _builder_version=&#8221;3.0.75&#8243; background_layout=&#8221;light&#8221; border_style=&#8221;solid&#8221;]<\/p>\n<div id=\"tw-target-text-container\" class=\"tw-ta-container tw-nfl\">\n<h2 id=\"tw-target-text\" class=\"tw-data-text tw-ta tw-text-medium\" dir=\"ltr\" data-placeholder=\"\u00dcbersetzung\"><span lang=\"en\">Non-binding coaching request<\/span><\/h2>\n<pre class=\"tw-data-text tw-ta tw-text-medium\" lang=\"en\"><\/pre>\n<\/div>\n<p><strong>Do you have questions about my method or you want to know if we can communicate with each other and I understand your problem?<\/strong><\/p>\n<p>I am glad that you are interested in my coaching. You may contact me on my phone: 0221 29861442.<\/p>\n<p>your sincerely,<\/p>\n<p>Hans-Georg Lauer<\/p>\n<p><img loading=\"lazy\" decoding=\"async\" class=\"wp-image-5076 alignnone size-full\" src=\"https:\/\/coaching-lauer.de\/wp-content\/uploads\/2017\/09\/coaching-lauer-unterschrift.png\" alt=\"\" width=\"250\" height=\"85\" \/><\/p>\n<div class=\"et_pb_row col2-custom\">\n<div class=\"et_pb_column et_pb_column_1_2\"><strong>Coaching in Cologne:<br \/>\n<\/strong>Hans-Georg Lauer<br \/>\nTel.: 0221 29861442<br \/>\nChristophstra\u00dfe 31<br \/>\n50670 Cologne<\/div>\n<div class=\"et_pb_column et_pb_column_1_2\"><strong>Coaching in Bonn:<br \/>\n<\/strong>Hans-Georg Lauer<br \/>\nTel.: 0172 6478000<br \/>\nR\u00fcngsdorfer Stra\u00dfe 1a<br \/>\n53173 Bonn<\/div>\n<\/div>\n<p>[\/et_pb_text][\/et_pb_column][et_pb_column type=&#8221;1_2&#8243;][et_pb_code admin_label=&#8221;Map&#8221; global_parent=&#8221;5743&#8243; _builder_version=&#8221;3.0.75&#8243;]&lt;iframe src=&#8221;https:\/\/www.google.com\/maps\/embed?pb=!1m14!1m8!1m3!1d10055.583969117439!2d6.9433523!3d50.9441365!3m2!1i1024!2i768!4f13.1!3m3!1m2!1s0x0%3A0xf0665aeb3171a092!2sHans-Georg+Lauer+-+Coaching+in+K%C3%B6ln!5e0!3m2!1sde!2sde!4v1498398305016&#8243; width=&#8221;650&#8243; height=&#8221;450&#8243; frameborder=&#8221;0&#8243; style=&#8221;border:0;width:100%;&#8221; allowfullscreen&gt;&lt;\/iframe&gt;[\/et_pb_code][\/et_pb_column][\/et_pb_row][et_pb_row global_parent=&#8221;5743&#8243; _builder_version=&#8221;3.0.75&#8243;][et_pb_column type=&#8221;4_4&#8243;][et_pb_button global_parent=&#8221;5743&#8243; button_url=&#8221;\/kontakt&#8221; button_text=&#8221;Contact form&#8221; button_alignment=&#8221;center&#8221; _builder_version=&#8221;3.0.75&#8243; url_new_window=&#8221;off&#8221; background_layout=&#8221;light&#8221; custom_button=&#8221;off&#8221; button_letter_spacing=&#8221;0&#8243; button_icon_placement=&#8221;right&#8221; button_letter_spacing_hover=&#8221;0&#8243; \/][\/et_pb_column][\/et_pb_row][\/et_pb_section]<\/p>\n","protected":false},"excerpt":{"rendered":"<p><div class=\"et_pb_row et_pb_row_0 et_pb_row_empty\">\n\t\t\t\t\n\t\t\t\t\n\t\t\t\t\n\t\t\t\t\n\t\t\t\t\n\t\t\t<\/div> There is hardly a competence that is so important for executives today, such as the successful appearance and the sovereign presentation. Executives can only communicate their vision and strategy effectively if the presentation and presentation are authentic and coherent. From the strategy conference to the management meeting to the customer presentation, your presentation skills [&hellip;]<\/p>\n","protected":false},"author":1,"featured_media":5302,"parent":5918,"menu_order":0,"comment_status":"closed","ping_status":"closed","template":"tmpl-unterseite.php","meta":{"_acf_changed":false,"_et_pb_use_builder":"on","_et_pb_old_content":"","_et_gb_content_width":"","inline_featured_image":false,"footnotes":""},"acf":[],"yoast_head":"<!-- This site is optimized with the Yoast SEO plugin v23.0 - https:\/\/yoast.com\/wordpress\/plugins\/seo\/ -->\n<title>Auftritt und Pr\u00e4sentation | Hans-Georg Lauer<\/title>\n<meta name=\"description\" content=\"Ein gelungener Auftritt und die souver\u00e4ne Pr\u00e4sentation ist f\u00fcr eine F\u00fchrungskraft extrem wichtig. Ich helfe Ihnen dabei sich authentisch zu pr\u00e4sentieren!\" \/>\n<meta name=\"robots\" content=\"index, follow, max-snippet:-1, max-image-preview:large, max-video-preview:-1\" \/>\n<link rel=\"canonical\" href=\"https:\/\/coaching-lauer.de\/unternehmen\/coaching-fuer-fuehrungskraefte\/auftritt-und-praesentation\/\" \/>\n<meta property=\"og:locale\" content=\"en_US\" \/>\n<meta property=\"og:type\" content=\"article\" \/>\n<meta property=\"og:title\" content=\"Auftritt und Pr\u00e4sentation | Hans-Georg Lauer\" \/>\n<meta property=\"og:description\" content=\"Ein gelungener Auftritt und die souver\u00e4ne Pr\u00e4sentation ist f\u00fcr eine F\u00fchrungskraft extrem wichtig. Ich helfe Ihnen dabei sich authentisch zu pr\u00e4sentieren!\" \/>\n<meta property=\"og:url\" content=\"https:\/\/coaching-lauer.de\/unternehmen\/coaching-fuer-fuehrungskraefte\/auftritt-und-praesentation\/\" \/>\n<meta property=\"og:site_name\" content=\"Hans-Georg Lauer\" \/>\n<meta property=\"article:modified_time\" content=\"2017-11-29T13:37:20+00:00\" \/>\n<meta property=\"og:image\" content=\"https:\/\/coaching-lauer.de\/wp-content\/uploads\/PageSlider\/auftritt-und-praesentation.jpg\" \/>\n\t<meta property=\"og:image:width\" content=\"1300\" \/>\n\t<meta property=\"og:image:height\" content=\"423\" \/>\n\t<meta property=\"og:image:type\" content=\"image\/jpeg\" \/>\n<meta name=\"twitter:card\" content=\"summary_large_image\" \/>\n<meta name=\"twitter:label1\" content=\"Est. reading time\" \/>\n\t<meta name=\"twitter:data1\" content=\"3 minutes\" \/>\n<script type=\"application\/ld+json\" class=\"yoast-schema-graph\">{\"@context\":\"https:\/\/schema.org\",\"@graph\":[{\"@type\":\"WebPage\",\"@id\":\"https:\/\/coaching-lauer.de\/unternehmen\/coaching-fuer-fuehrungskraefte\/auftritt-und-praesentation\/\",\"url\":\"https:\/\/coaching-lauer.de\/unternehmen\/coaching-fuer-fuehrungskraefte\/auftritt-und-praesentation\/\",\"name\":\"Auftritt und Pr\u00e4sentation | Hans-Georg Lauer\",\"isPartOf\":{\"@id\":\"https:\/\/coaching-lauer.de\/#website\"},\"primaryImageOfPage\":{\"@id\":\"https:\/\/coaching-lauer.de\/unternehmen\/coaching-fuer-fuehrungskraefte\/auftritt-und-praesentation\/#primaryimage\"},\"image\":{\"@id\":\"https:\/\/coaching-lauer.de\/unternehmen\/coaching-fuer-fuehrungskraefte\/auftritt-und-praesentation\/#primaryimage\"},\"thumbnailUrl\":\"https:\/\/coaching-lauer.de\/wp-content\/uploads\/PageSlider\/auftritt-und-praesentation.jpg\",\"datePublished\":\"2017-10-12T12:22:54+00:00\",\"dateModified\":\"2017-11-29T13:37:20+00:00\",\"description\":\"Ein gelungener Auftritt und die souver\u00e4ne Pr\u00e4sentation ist f\u00fcr eine F\u00fchrungskraft extrem wichtig. Ich helfe Ihnen dabei sich authentisch zu pr\u00e4sentieren!\",\"breadcrumb\":{\"@id\":\"https:\/\/coaching-lauer.de\/unternehmen\/coaching-fuer-fuehrungskraefte\/auftritt-und-praesentation\/#breadcrumb\"},\"inLanguage\":\"en-US\",\"potentialAction\":[{\"@type\":\"ReadAction\",\"target\":[\"https:\/\/coaching-lauer.de\/unternehmen\/coaching-fuer-fuehrungskraefte\/auftritt-und-praesentation\/\"]}]},{\"@type\":\"ImageObject\",\"inLanguage\":\"en-US\",\"@id\":\"https:\/\/coaching-lauer.de\/unternehmen\/coaching-fuer-fuehrungskraefte\/auftritt-und-praesentation\/#primaryimage\",\"url\":\"https:\/\/coaching-lauer.de\/wp-content\/uploads\/PageSlider\/auftritt-und-praesentation.jpg\",\"contentUrl\":\"https:\/\/coaching-lauer.de\/wp-content\/uploads\/PageSlider\/auftritt-und-praesentation.jpg\",\"width\":1300,\"height\":423},{\"@type\":\"BreadcrumbList\",\"@id\":\"https:\/\/coaching-lauer.de\/unternehmen\/coaching-fuer-fuehrungskraefte\/auftritt-und-praesentation\/#breadcrumb\",\"itemListElement\":[{\"@type\":\"ListItem\",\"position\":1,\"name\":\"Startseite\",\"item\":\"https:\/\/coaching-lauer.de\/en\/\"},{\"@type\":\"ListItem\",\"position\":2,\"name\":\"Companies\",\"item\":\"https:\/\/coaching-lauer.de\/unternehmen\/\"},{\"@type\":\"ListItem\",\"position\":3,\"name\":\"Executive Coaching\",\"item\":\"https:\/\/coaching-lauer.de\/unternehmen\/coaching-fuer-fuehrungskraefte\/\"},{\"@type\":\"ListItem\",\"position\":4,\"name\":\"Appearance and performance\"}]},{\"@type\":\"WebSite\",\"@id\":\"https:\/\/coaching-lauer.de\/#website\",\"url\":\"https:\/\/coaching-lauer.de\/\",\"name\":\"Hans-Georg Lauer\",\"description\":\"Businesscoaching und Karriere-Kickstart\",\"potentialAction\":[{\"@type\":\"SearchAction\",\"target\":{\"@type\":\"EntryPoint\",\"urlTemplate\":\"https:\/\/coaching-lauer.de\/?s={search_term_string}\"},\"query-input\":\"required name=search_term_string\"}],\"inLanguage\":\"en-US\"}]}<\/script>\n<!-- \/ Yoast SEO plugin. -->","yoast_head_json":{"title":"Auftritt und Pr\u00e4sentation | Hans-Georg Lauer","description":"Ein gelungener Auftritt und die souver\u00e4ne Pr\u00e4sentation ist f\u00fcr eine F\u00fchrungskraft extrem wichtig. Ich helfe Ihnen dabei sich authentisch zu pr\u00e4sentieren!","robots":{"index":"index","follow":"follow","max-snippet":"max-snippet:-1","max-image-preview":"max-image-preview:large","max-video-preview":"max-video-preview:-1"},"canonical":"https:\/\/coaching-lauer.de\/unternehmen\/coaching-fuer-fuehrungskraefte\/auftritt-und-praesentation\/","og_locale":"en_US","og_type":"article","og_title":"Auftritt und Pr\u00e4sentation | Hans-Georg Lauer","og_description":"Ein gelungener Auftritt und die souver\u00e4ne Pr\u00e4sentation ist f\u00fcr eine F\u00fchrungskraft extrem wichtig. Ich helfe Ihnen dabei sich authentisch zu pr\u00e4sentieren!","og_url":"https:\/\/coaching-lauer.de\/unternehmen\/coaching-fuer-fuehrungskraefte\/auftritt-und-praesentation\/","og_site_name":"Hans-Georg Lauer","article_modified_time":"2017-11-29T13:37:20+00:00","og_image":[{"width":1300,"height":423,"url":"https:\/\/coaching-lauer.de\/wp-content\/uploads\/PageSlider\/auftritt-und-praesentation.jpg","type":"image\/jpeg"}],"twitter_card":"summary_large_image","twitter_misc":{"Est. reading time":"3 minutes"},"schema":{"@context":"https:\/\/schema.org","@graph":[{"@type":"WebPage","@id":"https:\/\/coaching-lauer.de\/unternehmen\/coaching-fuer-fuehrungskraefte\/auftritt-und-praesentation\/","url":"https:\/\/coaching-lauer.de\/unternehmen\/coaching-fuer-fuehrungskraefte\/auftritt-und-praesentation\/","name":"Auftritt und Pr\u00e4sentation | Hans-Georg Lauer","isPartOf":{"@id":"https:\/\/coaching-lauer.de\/#website"},"primaryImageOfPage":{"@id":"https:\/\/coaching-lauer.de\/unternehmen\/coaching-fuer-fuehrungskraefte\/auftritt-und-praesentation\/#primaryimage"},"image":{"@id":"https:\/\/coaching-lauer.de\/unternehmen\/coaching-fuer-fuehrungskraefte\/auftritt-und-praesentation\/#primaryimage"},"thumbnailUrl":"https:\/\/coaching-lauer.de\/wp-content\/uploads\/PageSlider\/auftritt-und-praesentation.jpg","datePublished":"2017-10-12T12:22:54+00:00","dateModified":"2017-11-29T13:37:20+00:00","description":"Ein gelungener Auftritt und die souver\u00e4ne Pr\u00e4sentation ist f\u00fcr eine F\u00fchrungskraft extrem wichtig. Ich helfe Ihnen dabei sich authentisch zu pr\u00e4sentieren!","breadcrumb":{"@id":"https:\/\/coaching-lauer.de\/unternehmen\/coaching-fuer-fuehrungskraefte\/auftritt-und-praesentation\/#breadcrumb"},"inLanguage":"en-US","potentialAction":[{"@type":"ReadAction","target":["https:\/\/coaching-lauer.de\/unternehmen\/coaching-fuer-fuehrungskraefte\/auftritt-und-praesentation\/"]}]},{"@type":"ImageObject","inLanguage":"en-US","@id":"https:\/\/coaching-lauer.de\/unternehmen\/coaching-fuer-fuehrungskraefte\/auftritt-und-praesentation\/#primaryimage","url":"https:\/\/coaching-lauer.de\/wp-content\/uploads\/PageSlider\/auftritt-und-praesentation.jpg","contentUrl":"https:\/\/coaching-lauer.de\/wp-content\/uploads\/PageSlider\/auftritt-und-praesentation.jpg","width":1300,"height":423},{"@type":"BreadcrumbList","@id":"https:\/\/coaching-lauer.de\/unternehmen\/coaching-fuer-fuehrungskraefte\/auftritt-und-praesentation\/#breadcrumb","itemListElement":[{"@type":"ListItem","position":1,"name":"Startseite","item":"https:\/\/coaching-lauer.de\/en\/"},{"@type":"ListItem","position":2,"name":"Companies","item":"https:\/\/coaching-lauer.de\/unternehmen\/"},{"@type":"ListItem","position":3,"name":"Executive Coaching","item":"https:\/\/coaching-lauer.de\/unternehmen\/coaching-fuer-fuehrungskraefte\/"},{"@type":"ListItem","position":4,"name":"Appearance and performance"}]},{"@type":"WebSite","@id":"https:\/\/coaching-lauer.de\/#website","url":"https:\/\/coaching-lauer.de\/","name":"Hans-Georg Lauer","description":"Businesscoaching und Karriere-Kickstart","potentialAction":[{"@type":"SearchAction","target":{"@type":"EntryPoint","urlTemplate":"https:\/\/coaching-lauer.de\/?s={search_term_string}"},"query-input":"required name=search_term_string"}],"inLanguage":"en-US"}]}},"_links":{"self":[{"href":"https:\/\/coaching-lauer.de\/en\/wp-json\/wp\/v2\/pages\/5923"}],"collection":[{"href":"https:\/\/coaching-lauer.de\/en\/wp-json\/wp\/v2\/pages"}],"about":[{"href":"https:\/\/coaching-lauer.de\/en\/wp-json\/wp\/v2\/types\/page"}],"author":[{"embeddable":true,"href":"https:\/\/coaching-lauer.de\/en\/wp-json\/wp\/v2\/users\/1"}],"replies":[{"embeddable":true,"href":"https:\/\/coaching-lauer.de\/en\/wp-json\/wp\/v2\/comments?post=5923"}],"version-history":[{"count":2,"href":"https:\/\/coaching-lauer.de\/en\/wp-json\/wp\/v2\/pages\/5923\/revisions"}],"predecessor-version":[{"id":5924,"href":"https:\/\/coaching-lauer.de\/en\/wp-json\/wp\/v2\/pages\/5923\/revisions\/5924"}],"up":[{"embeddable":true,"href":"https:\/\/coaching-lauer.de\/en\/wp-json\/wp\/v2\/pages\/5918"}],"wp:featuredmedia":[{"embeddable":true,"href":"https:\/\/coaching-lauer.de\/en\/wp-json\/wp\/v2\/media\/5302"}],"wp:attachment":[{"href":"https:\/\/coaching-lauer.de\/en\/wp-json\/wp\/v2\/media?parent=5923"}],"curies":[{"name":"wp","href":"https:\/\/api.w.org\/{rel}","templated":true}]}}