{"id":5933,"date":"2017-10-12T15:01:01","date_gmt":"2017-10-12T13:01:01","guid":{"rendered":"https:\/\/coaching-lauer.de\/unternehmen\/coaching-fuer-fuehrungskraefte\/konfliktmanagement\/"},"modified":"2017-11-29T15:29:43","modified_gmt":"2017-11-29T14:29:43","slug":"konfliktmanagement","status":"publish","type":"page","link":"https:\/\/coaching-lauer.de\/en\/unternehmen\/coaching-fuer-fuehrungskraefte\/konfliktmanagement\/","title":{"rendered":"Conflict management"},"content":{"rendered":"<p>[et_pb_section bb_built=&#8221;1&#8243;][et_pb_row][et_pb_column type=&#8221;4_4&#8243;][et_pb_text _builder_version=&#8221;3.0.75&#8243; background_layout=&#8221;light&#8221; border_style=&#8221;solid&#8221;]<\/p>\n<p>Conflicts can bind a great deal of strength and energy in companies. Sometimes they are held open, sometimes hidden. Executives feel attacked as a person and no longer focus on the subject matter. In the foreground are injured <strong>vanities<\/strong> and the <strong>desire for satisfaction<\/strong>. This can cost the company a lot of time and money.<\/p>\n<p>One-sided <strong>surrender<\/strong> or <strong>enforcement<\/strong> at the expense of the other is often not the most effective behavior. Although you solve the conflict at short notice, but may not a satisfactory solution for the company.<\/p>\n<h2>What you&#8217;ll learn with my coaching:<\/h2>\n<ul>\n<li>Recognizing and addressing conflicts in a timely manner, i. use appropriate conversation techniques<\/li>\n<li>To differentiate between role, value, and distribution conflicts<\/li>\n<li>To name conflicts as what they are, namely different views on values and norms<\/li>\n<li>To develop criteria for constructive compromises<\/li>\n<li>Develop appropriate solutions with the counterparties<\/li>\n<li>To resolve a current conflict properly<\/li>\n<\/ul>\n<p>&nbsp;<\/p>\n<h3>Behavior in conflict situations<\/h3>\n<p>As a <strong>management coach<\/strong> I know typical conflicts from my own &#8220;manager life&#8221;. So I bring not only my tools but also my knowledge of experience in our coaching. I support you in strengthening <strong>your own ability to deal with conflicts<\/strong>. Together, we work out appropriate behaviors for you, how to effectively resolve current and future conflicts, and how to deal professionally with &#8220;difficult&#8221; employees, colleagues and supervisors.<\/p>\n<p>[\/et_pb_text][\/et_pb_column][\/et_pb_row][\/et_pb_section][et_pb_section bb_built=&#8221;1&#8243; _builder_version=&#8221;3.0.75&#8243; custom_padding=&#8221;0px|0px|0px|0px&#8221; global_module=&#8221;5743&#8243;][et_pb_row global_parent=&#8221;5743&#8243; custom_padding=&#8221;28.7188px|0px|0px|0px&#8221; _builder_version=&#8221;3.0.75&#8243;][et_pb_column type=&#8221;1_2&#8243;][et_pb_text global_parent=&#8221;5743&#8243; _builder_version=&#8221;3.0.75&#8243; background_layout=&#8221;light&#8221; border_style=&#8221;solid&#8221;]<\/p>\n<div id=\"tw-target-text-container\" class=\"tw-ta-container tw-nfl\">\n<h2 id=\"tw-target-text\" class=\"tw-data-text tw-ta tw-text-medium\" dir=\"ltr\" data-placeholder=\"\u00dcbersetzung\"><span lang=\"en\">Non-binding coaching request<\/span><\/h2>\n<pre class=\"tw-data-text tw-ta tw-text-medium\" lang=\"en\"><\/pre>\n<\/div>\n<p><strong>Do you have questions about my method or you want to know if we can communicate with each other and I understand your problem?<\/strong><\/p>\n<p>I am glad that you are interested in my coaching. You may contact me on my phone: 0221 29861442.<\/p>\n<p>your sincerely,<\/p>\n<p>Hans-Georg Lauer<\/p>\n<p><img loading=\"lazy\" decoding=\"async\" class=\"wp-image-5076 alignnone size-full\" src=\"https:\/\/coaching-lauer.de\/wp-content\/uploads\/2017\/09\/coaching-lauer-unterschrift.png\" alt=\"\" width=\"250\" height=\"85\" \/><\/p>\n<div class=\"et_pb_row col2-custom\">\n<div class=\"et_pb_column et_pb_column_1_2\"><strong>Coaching in Cologne:<br \/>\n<\/strong>Hans-Georg Lauer<br \/>\nTel.: 0221 29861442<br \/>\nChristophstra\u00dfe 31<br \/>\n50670 Cologne<\/div>\n<div class=\"et_pb_column et_pb_column_1_2\"><strong>Coaching in Bonn:<br \/>\n<\/strong>Hans-Georg Lauer<br \/>\nTel.: 0172 6478000<br \/>\nR\u00fcngsdorfer Stra\u00dfe 1a<br \/>\n53173 Bonn<\/div>\n<\/div>\n<p>[\/et_pb_text][\/et_pb_column][et_pb_column type=&#8221;1_2&#8243;][et_pb_code admin_label=&#8221;Map&#8221; global_parent=&#8221;5743&#8243; _builder_version=&#8221;3.0.75&#8243;]&lt;iframe src=&#8221;https:\/\/www.google.com\/maps\/embed?pb=!1m14!1m8!1m3!1d10055.583969117439!2d6.9433523!3d50.9441365!3m2!1i1024!2i768!4f13.1!3m3!1m2!1s0x0%3A0xf0665aeb3171a092!2sHans-Georg+Lauer+-+Coaching+in+K%C3%B6ln!5e0!3m2!1sde!2sde!4v1498398305016&#8243; width=&#8221;650&#8243; height=&#8221;450&#8243; frameborder=&#8221;0&#8243; style=&#8221;border:0;width:100%;&#8221; allowfullscreen&gt;&lt;\/iframe&gt;[\/et_pb_code][\/et_pb_column][\/et_pb_row][et_pb_row global_parent=&#8221;5743&#8243; _builder_version=&#8221;3.0.75&#8243;][et_pb_column type=&#8221;4_4&#8243;][et_pb_button global_parent=&#8221;5743&#8243; button_url=&#8221;\/kontakt&#8221; button_text=&#8221;Contact form&#8221; button_alignment=&#8221;center&#8221; _builder_version=&#8221;3.0.75&#8243; url_new_window=&#8221;off&#8221; background_layout=&#8221;light&#8221; custom_button=&#8221;off&#8221; button_letter_spacing=&#8221;0&#8243; button_icon_placement=&#8221;right&#8221; button_letter_spacing_hover=&#8221;0&#8243; \/][\/et_pb_column][\/et_pb_row][\/et_pb_section]<\/p>\n","protected":false},"excerpt":{"rendered":"<p><div class=\"et_pb_row et_pb_row_0 et_pb_row_empty\">\n\t\t\t\t\n\t\t\t\t\n\t\t\t\t\n\t\t\t\t\n\t\t\t\t\n\t\t\t<\/div> Conflicts can bind a great deal of strength and energy in companies. Sometimes they are held open, sometimes hidden. Executives feel attacked as a person and no longer focus on the subject matter. In the foreground are injured vanities and the desire for satisfaction. This can cost the company a lot of time and [&hellip;]<\/p>\n","protected":false},"author":1,"featured_media":5303,"parent":5918,"menu_order":0,"comment_status":"closed","ping_status":"closed","template":"tmpl-unterseite.php","meta":{"_acf_changed":false,"_et_pb_use_builder":"on","_et_pb_old_content":"","_et_gb_content_width":"","inline_featured_image":false,"footnotes":""},"acf":[],"yoast_head":"<!-- This site is optimized with the Yoast SEO plugin v23.0 - https:\/\/yoast.com\/wordpress\/plugins\/seo\/ -->\n<title>Coaching f\u00fcr Konfliktmanagement | Hans-Georg Lauer<\/title>\n<meta name=\"description\" content=\"In meinem Coaching lernen Sie mit Konflikten als F\u00fchrungsperson umzugehen, Ihre Konfliktf\u00e4higkeit zu st\u00e4rken und Ihr Verhalten bei Konflikten zu verbessern!\" \/>\n<meta name=\"robots\" content=\"index, follow, max-snippet:-1, max-image-preview:large, max-video-preview:-1\" \/>\n<link rel=\"canonical\" href=\"https:\/\/coaching-lauer.de\/unternehmen\/coaching-fuer-fuehrungskraefte\/konfliktmanagement\/\" \/>\n<meta property=\"og:locale\" content=\"en_US\" \/>\n<meta property=\"og:type\" content=\"article\" \/>\n<meta property=\"og:title\" content=\"Coaching f\u00fcr Konfliktmanagement | Hans-Georg Lauer\" \/>\n<meta property=\"og:description\" content=\"In meinem Coaching lernen Sie mit Konflikten als F\u00fchrungsperson umzugehen, Ihre Konfliktf\u00e4higkeit zu st\u00e4rken und Ihr Verhalten bei Konflikten zu verbessern!\" \/>\n<meta property=\"og:url\" content=\"https:\/\/coaching-lauer.de\/unternehmen\/coaching-fuer-fuehrungskraefte\/konfliktmanagement\/\" \/>\n<meta property=\"og:site_name\" content=\"Hans-Georg Lauer\" \/>\n<meta property=\"article:modified_time\" content=\"2017-11-29T14:29:43+00:00\" \/>\n<meta property=\"og:image\" content=\"https:\/\/coaching-lauer.de\/wp-content\/uploads\/PageSlider\/konfliktmanagement.jpg\" \/>\n\t<meta property=\"og:image:width\" content=\"1300\" \/>\n\t<meta property=\"og:image:height\" content=\"406\" \/>\n\t<meta property=\"og:image:type\" content=\"image\/jpeg\" \/>\n<meta name=\"twitter:card\" content=\"summary_large_image\" \/>\n<meta name=\"twitter:label1\" content=\"Est. reading time\" \/>\n\t<meta name=\"twitter:data1\" content=\"3 minutes\" \/>\n<script type=\"application\/ld+json\" class=\"yoast-schema-graph\">{\"@context\":\"https:\/\/schema.org\",\"@graph\":[{\"@type\":\"WebPage\",\"@id\":\"https:\/\/coaching-lauer.de\/unternehmen\/coaching-fuer-fuehrungskraefte\/konfliktmanagement\/\",\"url\":\"https:\/\/coaching-lauer.de\/unternehmen\/coaching-fuer-fuehrungskraefte\/konfliktmanagement\/\",\"name\":\"Coaching f\u00fcr Konfliktmanagement | Hans-Georg Lauer\",\"isPartOf\":{\"@id\":\"https:\/\/coaching-lauer.de\/#website\"},\"primaryImageOfPage\":{\"@id\":\"https:\/\/coaching-lauer.de\/unternehmen\/coaching-fuer-fuehrungskraefte\/konfliktmanagement\/#primaryimage\"},\"image\":{\"@id\":\"https:\/\/coaching-lauer.de\/unternehmen\/coaching-fuer-fuehrungskraefte\/konfliktmanagement\/#primaryimage\"},\"thumbnailUrl\":\"https:\/\/coaching-lauer.de\/wp-content\/uploads\/PageSlider\/konfliktmanagement.jpg\",\"datePublished\":\"2017-10-12T13:01:01+00:00\",\"dateModified\":\"2017-11-29T14:29:43+00:00\",\"description\":\"In meinem Coaching lernen Sie mit Konflikten als F\u00fchrungsperson umzugehen, Ihre Konfliktf\u00e4higkeit zu st\u00e4rken und Ihr Verhalten bei Konflikten zu verbessern!\",\"breadcrumb\":{\"@id\":\"https:\/\/coaching-lauer.de\/unternehmen\/coaching-fuer-fuehrungskraefte\/konfliktmanagement\/#breadcrumb\"},\"inLanguage\":\"en-US\",\"potentialAction\":[{\"@type\":\"ReadAction\",\"target\":[\"https:\/\/coaching-lauer.de\/unternehmen\/coaching-fuer-fuehrungskraefte\/konfliktmanagement\/\"]}]},{\"@type\":\"ImageObject\",\"inLanguage\":\"en-US\",\"@id\":\"https:\/\/coaching-lauer.de\/unternehmen\/coaching-fuer-fuehrungskraefte\/konfliktmanagement\/#primaryimage\",\"url\":\"https:\/\/coaching-lauer.de\/wp-content\/uploads\/PageSlider\/konfliktmanagement.jpg\",\"contentUrl\":\"https:\/\/coaching-lauer.de\/wp-content\/uploads\/PageSlider\/konfliktmanagement.jpg\",\"width\":1300,\"height\":406,\"caption\":\"Jobwechsel\"},{\"@type\":\"BreadcrumbList\",\"@id\":\"https:\/\/coaching-lauer.de\/unternehmen\/coaching-fuer-fuehrungskraefte\/konfliktmanagement\/#breadcrumb\",\"itemListElement\":[{\"@type\":\"ListItem\",\"position\":1,\"name\":\"Startseite\",\"item\":\"https:\/\/coaching-lauer.de\/en\/\"},{\"@type\":\"ListItem\",\"position\":2,\"name\":\"Companies\",\"item\":\"https:\/\/coaching-lauer.de\/unternehmen\/\"},{\"@type\":\"ListItem\",\"position\":3,\"name\":\"Executive Coaching\",\"item\":\"https:\/\/coaching-lauer.de\/unternehmen\/coaching-fuer-fuehrungskraefte\/\"},{\"@type\":\"ListItem\",\"position\":4,\"name\":\"Conflict management\"}]},{\"@type\":\"WebSite\",\"@id\":\"https:\/\/coaching-lauer.de\/#website\",\"url\":\"https:\/\/coaching-lauer.de\/\",\"name\":\"Hans-Georg Lauer\",\"description\":\"Businesscoaching und Karriere-Kickstart\",\"potentialAction\":[{\"@type\":\"SearchAction\",\"target\":{\"@type\":\"EntryPoint\",\"urlTemplate\":\"https:\/\/coaching-lauer.de\/?s={search_term_string}\"},\"query-input\":\"required name=search_term_string\"}],\"inLanguage\":\"en-US\"}]}<\/script>\n<!-- \/ Yoast SEO plugin. -->","yoast_head_json":{"title":"Coaching f\u00fcr Konfliktmanagement | Hans-Georg Lauer","description":"In meinem Coaching lernen Sie mit Konflikten als F\u00fchrungsperson umzugehen, Ihre Konfliktf\u00e4higkeit zu st\u00e4rken und Ihr Verhalten bei Konflikten zu verbessern!","robots":{"index":"index","follow":"follow","max-snippet":"max-snippet:-1","max-image-preview":"max-image-preview:large","max-video-preview":"max-video-preview:-1"},"canonical":"https:\/\/coaching-lauer.de\/unternehmen\/coaching-fuer-fuehrungskraefte\/konfliktmanagement\/","og_locale":"en_US","og_type":"article","og_title":"Coaching f\u00fcr Konfliktmanagement | Hans-Georg Lauer","og_description":"In meinem Coaching lernen Sie mit Konflikten als F\u00fchrungsperson umzugehen, Ihre Konfliktf\u00e4higkeit zu st\u00e4rken und Ihr Verhalten bei Konflikten zu verbessern!","og_url":"https:\/\/coaching-lauer.de\/unternehmen\/coaching-fuer-fuehrungskraefte\/konfliktmanagement\/","og_site_name":"Hans-Georg Lauer","article_modified_time":"2017-11-29T14:29:43+00:00","og_image":[{"width":1300,"height":406,"url":"https:\/\/coaching-lauer.de\/wp-content\/uploads\/PageSlider\/konfliktmanagement.jpg","type":"image\/jpeg"}],"twitter_card":"summary_large_image","twitter_misc":{"Est. reading time":"3 minutes"},"schema":{"@context":"https:\/\/schema.org","@graph":[{"@type":"WebPage","@id":"https:\/\/coaching-lauer.de\/unternehmen\/coaching-fuer-fuehrungskraefte\/konfliktmanagement\/","url":"https:\/\/coaching-lauer.de\/unternehmen\/coaching-fuer-fuehrungskraefte\/konfliktmanagement\/","name":"Coaching f\u00fcr Konfliktmanagement | Hans-Georg Lauer","isPartOf":{"@id":"https:\/\/coaching-lauer.de\/#website"},"primaryImageOfPage":{"@id":"https:\/\/coaching-lauer.de\/unternehmen\/coaching-fuer-fuehrungskraefte\/konfliktmanagement\/#primaryimage"},"image":{"@id":"https:\/\/coaching-lauer.de\/unternehmen\/coaching-fuer-fuehrungskraefte\/konfliktmanagement\/#primaryimage"},"thumbnailUrl":"https:\/\/coaching-lauer.de\/wp-content\/uploads\/PageSlider\/konfliktmanagement.jpg","datePublished":"2017-10-12T13:01:01+00:00","dateModified":"2017-11-29T14:29:43+00:00","description":"In meinem Coaching lernen Sie mit Konflikten als F\u00fchrungsperson umzugehen, Ihre Konfliktf\u00e4higkeit zu st\u00e4rken und Ihr Verhalten bei Konflikten zu verbessern!","breadcrumb":{"@id":"https:\/\/coaching-lauer.de\/unternehmen\/coaching-fuer-fuehrungskraefte\/konfliktmanagement\/#breadcrumb"},"inLanguage":"en-US","potentialAction":[{"@type":"ReadAction","target":["https:\/\/coaching-lauer.de\/unternehmen\/coaching-fuer-fuehrungskraefte\/konfliktmanagement\/"]}]},{"@type":"ImageObject","inLanguage":"en-US","@id":"https:\/\/coaching-lauer.de\/unternehmen\/coaching-fuer-fuehrungskraefte\/konfliktmanagement\/#primaryimage","url":"https:\/\/coaching-lauer.de\/wp-content\/uploads\/PageSlider\/konfliktmanagement.jpg","contentUrl":"https:\/\/coaching-lauer.de\/wp-content\/uploads\/PageSlider\/konfliktmanagement.jpg","width":1300,"height":406,"caption":"Jobwechsel"},{"@type":"BreadcrumbList","@id":"https:\/\/coaching-lauer.de\/unternehmen\/coaching-fuer-fuehrungskraefte\/konfliktmanagement\/#breadcrumb","itemListElement":[{"@type":"ListItem","position":1,"name":"Startseite","item":"https:\/\/coaching-lauer.de\/en\/"},{"@type":"ListItem","position":2,"name":"Companies","item":"https:\/\/coaching-lauer.de\/unternehmen\/"},{"@type":"ListItem","position":3,"name":"Executive Coaching","item":"https:\/\/coaching-lauer.de\/unternehmen\/coaching-fuer-fuehrungskraefte\/"},{"@type":"ListItem","position":4,"name":"Conflict management"}]},{"@type":"WebSite","@id":"https:\/\/coaching-lauer.de\/#website","url":"https:\/\/coaching-lauer.de\/","name":"Hans-Georg Lauer","description":"Businesscoaching und Karriere-Kickstart","potentialAction":[{"@type":"SearchAction","target":{"@type":"EntryPoint","urlTemplate":"https:\/\/coaching-lauer.de\/?s={search_term_string}"},"query-input":"required name=search_term_string"}],"inLanguage":"en-US"}]}},"_links":{"self":[{"href":"https:\/\/coaching-lauer.de\/en\/wp-json\/wp\/v2\/pages\/5933"}],"collection":[{"href":"https:\/\/coaching-lauer.de\/en\/wp-json\/wp\/v2\/pages"}],"about":[{"href":"https:\/\/coaching-lauer.de\/en\/wp-json\/wp\/v2\/types\/page"}],"author":[{"embeddable":true,"href":"https:\/\/coaching-lauer.de\/en\/wp-json\/wp\/v2\/users\/1"}],"replies":[{"embeddable":true,"href":"https:\/\/coaching-lauer.de\/en\/wp-json\/wp\/v2\/comments?post=5933"}],"version-history":[{"count":2,"href":"https:\/\/coaching-lauer.de\/en\/wp-json\/wp\/v2\/pages\/5933\/revisions"}],"predecessor-version":[{"id":5934,"href":"https:\/\/coaching-lauer.de\/en\/wp-json\/wp\/v2\/pages\/5933\/revisions\/5934"}],"up":[{"embeddable":true,"href":"https:\/\/coaching-lauer.de\/en\/wp-json\/wp\/v2\/pages\/5918"}],"wp:featuredmedia":[{"embeddable":true,"href":"https:\/\/coaching-lauer.de\/en\/wp-json\/wp\/v2\/media\/5303"}],"wp:attachment":[{"href":"https:\/\/coaching-lauer.de\/en\/wp-json\/wp\/v2\/media?parent=5933"}],"curies":[{"name":"wp","href":"https:\/\/api.w.org\/{rel}","templated":true}]}}