{"id":5940,"date":"2017-10-12T19:36:29","date_gmt":"2017-10-12T17:36:29","guid":{"rendered":"https:\/\/coaching-lauer.de\/unternehmen\/coaching-fuer-fuehrungskraefte\/umstrukturierung\/"},"modified":"2017-11-29T16:33:14","modified_gmt":"2017-11-29T15:33:14","slug":"umstrukturierung","status":"publish","type":"page","link":"https:\/\/coaching-lauer.de\/en\/unternehmen\/coaching-fuer-fuehrungskraefte\/umstrukturierung\/","title":{"rendered":"Restructuring"},"content":{"rendered":"<p>[et_pb_section bb_built=&#8221;1&#8243;][et_pb_row][et_pb_column type=&#8221;4_4&#8243;][et_pb_text _builder_version=&#8221;3.0.75&#8243; background_layout=&#8221;light&#8221; border_style=&#8221;solid&#8221;]<\/p>\n<p>If you are a national or international executive today, you will not be able to avoid change and change in your career. Not least because of deep technological development and increasing globalization, it will be necessary to adapt the organization in ever shorter cycles. Keywords in times of upheaval are <strong>agile<\/strong> organization and <strong>holocracy<\/strong>.<\/p>\n<p>Therefore, many of my <strong>coaching projects<\/strong> are concerned with the question of how managers successfully carry out change processes. Many of my clients are currently in a process of change, spending more than 30% of their time designing changes. And this share should continue to increase in the following years.<\/p>\n<p>In addition, there are always similar <strong>measures<\/strong> and<strong> tasks<\/strong> in a change process that are crucial:<\/p>\n<ul>\n<li>Analyze the initial situation \/ the suffering pressure<\/li>\n<li>Promote the vision and the change goal in the organization<\/li>\n<li>To be a credible role model and to live the desired change yourself<\/li>\n<li>Meet the middle management and the employees with confidence<\/li>\n<li>Win supporters and change agents in the organization<\/li>\n<li>Mobilize sufficient resources for the planned change<\/li>\n<\/ul>\n<h2>What you&#8217;ll learn with my coaching:<\/h2>\n<ul>\n<li>What you need to keep in mind when assuming a role as Change Manager<\/li>\n<li>How to prepare for a change management project<\/li>\n<li>What the key change management models look like and how they can be used for their own process<\/li>\n<li>How to credibly communicate your vision to the organization<\/li>\n<li>If you need to integrate early into your reorganization project and win for your project<\/li>\n<li>How to establish a culture of trust despite difficult measures<\/li>\n<\/ul>\n<h2>Support with your change management<\/h2>\n<p>As a management coach with many years of own management experience, I support you in the implementation of change management projects. In doing so, I not only contribute my expert knowledge but also my many years of my own leadership experience. You will get to know the pitfalls of change projects and how to meet them early on. Together, we develop a process model to effectively and humanly support the change processes in your company.<\/p>\n<h3>Process<\/h3>\n<p>I offer you my coaching for reorganization and restructuring in either German or English. Together we work out solutions for your very specific situation. Gladly in my rooms in Cologne or Bonn or in your company.<\/p>\n<p><strong>Duration<\/strong><strong>:<\/strong>\u00a06\u20138 sessions, individually depending on the request. Upon request, I accompany you during the entire application process.<\/p>\n<p><strong>Costs: <\/strong>I\u00a0am happy to make you a non-binding offer. You can deduct your expenses as income tax expenses.<\/p>\n<p>[\/et_pb_text][\/et_pb_column][\/et_pb_row][\/et_pb_section][et_pb_section bb_built=&#8221;1&#8243; _builder_version=&#8221;3.0.75&#8243; custom_padding=&#8221;0px|0px|0px|0px&#8221; global_module=&#8221;5743&#8243;][et_pb_row global_parent=&#8221;5743&#8243; custom_padding=&#8221;28.7188px|0px|0px|0px&#8221; _builder_version=&#8221;3.0.75&#8243;][et_pb_column type=&#8221;1_2&#8243;][et_pb_text global_parent=&#8221;5743&#8243; _builder_version=&#8221;3.0.75&#8243; background_layout=&#8221;light&#8221; border_style=&#8221;solid&#8221;]<\/p>\n<div id=\"tw-target-text-container\" class=\"tw-ta-container tw-nfl\">\n<h2 id=\"tw-target-text\" class=\"tw-data-text tw-ta tw-text-medium\" dir=\"ltr\" data-placeholder=\"\u00dcbersetzung\"><span lang=\"en\">Non-binding coaching request<\/span><\/h2>\n<pre class=\"tw-data-text tw-ta tw-text-medium\" lang=\"en\"><\/pre>\n<\/div>\n<p><strong>Do you have questions about my method or you want to know if we can communicate with each other and I understand your problem?<\/strong><\/p>\n<p>I am glad that you are interested in my coaching. You may contact me on my phone: 0221 29861442.<\/p>\n<p>your sincerely,<\/p>\n<p>Hans-Georg Lauer<\/p>\n<p><img loading=\"lazy\" decoding=\"async\" class=\"wp-image-5076 alignnone size-full\" src=\"https:\/\/coaching-lauer.de\/wp-content\/uploads\/2017\/09\/coaching-lauer-unterschrift.png\" alt=\"\" width=\"250\" height=\"85\" \/><\/p>\n<div class=\"et_pb_row col2-custom\">\n<div class=\"et_pb_column et_pb_column_1_2\"><strong>Coaching in Cologne:<br \/>\n<\/strong>Hans-Georg Lauer<br \/>\nTel.: 0221 29861442<br \/>\nChristophstra\u00dfe 31<br \/>\n50670 Cologne<\/div>\n<div class=\"et_pb_column et_pb_column_1_2\"><strong>Coaching in Bonn:<br \/>\n<\/strong>Hans-Georg Lauer<br \/>\nTel.: 0172 6478000<br \/>\nR\u00fcngsdorfer Stra\u00dfe 1a<br \/>\n53173 Bonn<\/div>\n<\/div>\n<p>[\/et_pb_text][\/et_pb_column][et_pb_column type=&#8221;1_2&#8243;][et_pb_code admin_label=&#8221;Map&#8221; global_parent=&#8221;5743&#8243; _builder_version=&#8221;3.0.75&#8243;]&lt;iframe src=&#8221;https:\/\/www.google.com\/maps\/embed?pb=!1m14!1m8!1m3!1d10055.583969117439!2d6.9433523!3d50.9441365!3m2!1i1024!2i768!4f13.1!3m3!1m2!1s0x0%3A0xf0665aeb3171a092!2sHans-Georg+Lauer+-+Coaching+in+K%C3%B6ln!5e0!3m2!1sde!2sde!4v1498398305016&#8243; width=&#8221;650&#8243; height=&#8221;450&#8243; frameborder=&#8221;0&#8243; style=&#8221;border:0;width:100%;&#8221; allowfullscreen&gt;&lt;\/iframe&gt;[\/et_pb_code][\/et_pb_column][\/et_pb_row][et_pb_row global_parent=&#8221;5743&#8243; _builder_version=&#8221;3.0.75&#8243;][et_pb_column type=&#8221;4_4&#8243;][et_pb_button global_parent=&#8221;5743&#8243; button_url=&#8221;\/kontakt&#8221; button_text=&#8221;Contact form&#8221; button_alignment=&#8221;center&#8221; _builder_version=&#8221;3.0.75&#8243; url_new_window=&#8221;off&#8221; background_layout=&#8221;light&#8221; custom_button=&#8221;off&#8221; button_letter_spacing=&#8221;0&#8243; button_icon_placement=&#8221;right&#8221; button_letter_spacing_hover=&#8221;0&#8243; \/][\/et_pb_column][\/et_pb_row][\/et_pb_section]<\/p>\n","protected":false},"excerpt":{"rendered":"<p><div class=\"et_pb_row et_pb_row_0 et_pb_row_empty\">\n\t\t\t\t\n\t\t\t\t\n\t\t\t\t\n\t\t\t\t\n\t\t\t\t\n\t\t\t<\/div> If you are a national or international executive today, you will not be able to avoid change and change in your career. Not least because of deep technological development and increasing globalization, it will be necessary to adapt the organization in ever shorter cycles. Keywords in times of upheaval are agile organization and holocracy. [&hellip;]<\/p>\n","protected":false},"author":1,"featured_media":5309,"parent":5918,"menu_order":0,"comment_status":"closed","ping_status":"closed","template":"tmpl-unterseite.php","meta":{"_acf_changed":false,"_et_pb_use_builder":"on","_et_pb_old_content":"","_et_gb_content_width":"","inline_featured_image":false,"footnotes":""},"acf":[],"yoast_head":"<!-- This site is optimized with the Yoast SEO plugin v23.0 - https:\/\/yoast.com\/wordpress\/plugins\/seo\/ -->\n<title>Coaching bei Umstrukturierungen | Hans-Georg Lauer<\/title>\n<meta name=\"description\" content=\"Als F\u00fchrungskr\u00e4fte-Coach mit langer, eigener F\u00fchrungserfahrung unterst\u00fctze ich Sie bei Ver\u00e4nderungen und der Umsetzung von Change Management Projekten.\" \/>\n<meta name=\"robots\" content=\"index, follow, max-snippet:-1, max-image-preview:large, max-video-preview:-1\" \/>\n<link rel=\"canonical\" href=\"https:\/\/coaching-lauer.de\/unternehmen\/coaching-fuer-fuehrungskraefte\/umstrukturierung\/\" \/>\n<meta property=\"og:locale\" content=\"en_US\" \/>\n<meta property=\"og:type\" content=\"article\" \/>\n<meta property=\"og:title\" content=\"Coaching bei Umstrukturierungen | Hans-Georg Lauer\" \/>\n<meta property=\"og:description\" content=\"Als F\u00fchrungskr\u00e4fte-Coach mit langer, eigener F\u00fchrungserfahrung unterst\u00fctze ich Sie bei Ver\u00e4nderungen und der Umsetzung von Change Management Projekten.\" \/>\n<meta property=\"og:url\" content=\"https:\/\/coaching-lauer.de\/unternehmen\/coaching-fuer-fuehrungskraefte\/umstrukturierung\/\" \/>\n<meta property=\"og:site_name\" content=\"Hans-Georg Lauer\" \/>\n<meta property=\"article:modified_time\" content=\"2017-11-29T15:33:14+00:00\" \/>\n<meta property=\"og:image\" content=\"https:\/\/coaching-lauer.de\/wp-content\/uploads\/PageSlider\/umstrukturierung.jpg\" \/>\n\t<meta property=\"og:image:width\" content=\"1300\" \/>\n\t<meta property=\"og:image:height\" content=\"438\" \/>\n\t<meta property=\"og:image:type\" content=\"image\/jpeg\" \/>\n<meta name=\"twitter:card\" content=\"summary_large_image\" \/>\n<meta name=\"twitter:label1\" content=\"Est. reading time\" \/>\n\t<meta name=\"twitter:data1\" content=\"3 minutes\" \/>\n<script type=\"application\/ld+json\" class=\"yoast-schema-graph\">{\"@context\":\"https:\/\/schema.org\",\"@graph\":[{\"@type\":\"WebPage\",\"@id\":\"https:\/\/coaching-lauer.de\/unternehmen\/coaching-fuer-fuehrungskraefte\/umstrukturierung\/\",\"url\":\"https:\/\/coaching-lauer.de\/unternehmen\/coaching-fuer-fuehrungskraefte\/umstrukturierung\/\",\"name\":\"Coaching bei Umstrukturierungen | Hans-Georg Lauer\",\"isPartOf\":{\"@id\":\"https:\/\/coaching-lauer.de\/#website\"},\"primaryImageOfPage\":{\"@id\":\"https:\/\/coaching-lauer.de\/unternehmen\/coaching-fuer-fuehrungskraefte\/umstrukturierung\/#primaryimage\"},\"image\":{\"@id\":\"https:\/\/coaching-lauer.de\/unternehmen\/coaching-fuer-fuehrungskraefte\/umstrukturierung\/#primaryimage\"},\"thumbnailUrl\":\"https:\/\/coaching-lauer.de\/wp-content\/uploads\/PageSlider\/umstrukturierung.jpg\",\"datePublished\":\"2017-10-12T17:36:29+00:00\",\"dateModified\":\"2017-11-29T15:33:14+00:00\",\"description\":\"Als F\u00fchrungskr\u00e4fte-Coach mit langer, eigener F\u00fchrungserfahrung unterst\u00fctze ich Sie bei Ver\u00e4nderungen und der Umsetzung von Change Management Projekten.\",\"breadcrumb\":{\"@id\":\"https:\/\/coaching-lauer.de\/unternehmen\/coaching-fuer-fuehrungskraefte\/umstrukturierung\/#breadcrumb\"},\"inLanguage\":\"en-US\",\"potentialAction\":[{\"@type\":\"ReadAction\",\"target\":[\"https:\/\/coaching-lauer.de\/unternehmen\/coaching-fuer-fuehrungskraefte\/umstrukturierung\/\"]}]},{\"@type\":\"ImageObject\",\"inLanguage\":\"en-US\",\"@id\":\"https:\/\/coaching-lauer.de\/unternehmen\/coaching-fuer-fuehrungskraefte\/umstrukturierung\/#primaryimage\",\"url\":\"https:\/\/coaching-lauer.de\/wp-content\/uploads\/PageSlider\/umstrukturierung.jpg\",\"contentUrl\":\"https:\/\/coaching-lauer.de\/wp-content\/uploads\/PageSlider\/umstrukturierung.jpg\",\"width\":1300,\"height\":438},{\"@type\":\"BreadcrumbList\",\"@id\":\"https:\/\/coaching-lauer.de\/unternehmen\/coaching-fuer-fuehrungskraefte\/umstrukturierung\/#breadcrumb\",\"itemListElement\":[{\"@type\":\"ListItem\",\"position\":1,\"name\":\"Startseite\",\"item\":\"https:\/\/coaching-lauer.de\/en\/\"},{\"@type\":\"ListItem\",\"position\":2,\"name\":\"Companies\",\"item\":\"https:\/\/coaching-lauer.de\/unternehmen\/\"},{\"@type\":\"ListItem\",\"position\":3,\"name\":\"Executive Coaching\",\"item\":\"https:\/\/coaching-lauer.de\/unternehmen\/coaching-fuer-fuehrungskraefte\/\"},{\"@type\":\"ListItem\",\"position\":4,\"name\":\"Restructuring\"}]},{\"@type\":\"WebSite\",\"@id\":\"https:\/\/coaching-lauer.de\/#website\",\"url\":\"https:\/\/coaching-lauer.de\/\",\"name\":\"Hans-Georg Lauer\",\"description\":\"Businesscoaching und Karriere-Kickstart\",\"potentialAction\":[{\"@type\":\"SearchAction\",\"target\":{\"@type\":\"EntryPoint\",\"urlTemplate\":\"https:\/\/coaching-lauer.de\/?s={search_term_string}\"},\"query-input\":\"required name=search_term_string\"}],\"inLanguage\":\"en-US\"}]}<\/script>\n<!-- \/ Yoast SEO plugin. -->","yoast_head_json":{"title":"Coaching bei Umstrukturierungen | Hans-Georg Lauer","description":"Als F\u00fchrungskr\u00e4fte-Coach mit langer, eigener F\u00fchrungserfahrung unterst\u00fctze ich Sie bei Ver\u00e4nderungen und der Umsetzung von Change Management Projekten.","robots":{"index":"index","follow":"follow","max-snippet":"max-snippet:-1","max-image-preview":"max-image-preview:large","max-video-preview":"max-video-preview:-1"},"canonical":"https:\/\/coaching-lauer.de\/unternehmen\/coaching-fuer-fuehrungskraefte\/umstrukturierung\/","og_locale":"en_US","og_type":"article","og_title":"Coaching bei Umstrukturierungen | Hans-Georg Lauer","og_description":"Als F\u00fchrungskr\u00e4fte-Coach mit langer, eigener F\u00fchrungserfahrung unterst\u00fctze ich Sie bei Ver\u00e4nderungen und der Umsetzung von Change Management Projekten.","og_url":"https:\/\/coaching-lauer.de\/unternehmen\/coaching-fuer-fuehrungskraefte\/umstrukturierung\/","og_site_name":"Hans-Georg Lauer","article_modified_time":"2017-11-29T15:33:14+00:00","og_image":[{"width":1300,"height":438,"url":"https:\/\/coaching-lauer.de\/wp-content\/uploads\/PageSlider\/umstrukturierung.jpg","type":"image\/jpeg"}],"twitter_card":"summary_large_image","twitter_misc":{"Est. reading time":"3 minutes"},"schema":{"@context":"https:\/\/schema.org","@graph":[{"@type":"WebPage","@id":"https:\/\/coaching-lauer.de\/unternehmen\/coaching-fuer-fuehrungskraefte\/umstrukturierung\/","url":"https:\/\/coaching-lauer.de\/unternehmen\/coaching-fuer-fuehrungskraefte\/umstrukturierung\/","name":"Coaching bei Umstrukturierungen | Hans-Georg Lauer","isPartOf":{"@id":"https:\/\/coaching-lauer.de\/#website"},"primaryImageOfPage":{"@id":"https:\/\/coaching-lauer.de\/unternehmen\/coaching-fuer-fuehrungskraefte\/umstrukturierung\/#primaryimage"},"image":{"@id":"https:\/\/coaching-lauer.de\/unternehmen\/coaching-fuer-fuehrungskraefte\/umstrukturierung\/#primaryimage"},"thumbnailUrl":"https:\/\/coaching-lauer.de\/wp-content\/uploads\/PageSlider\/umstrukturierung.jpg","datePublished":"2017-10-12T17:36:29+00:00","dateModified":"2017-11-29T15:33:14+00:00","description":"Als F\u00fchrungskr\u00e4fte-Coach mit langer, eigener F\u00fchrungserfahrung unterst\u00fctze ich Sie bei Ver\u00e4nderungen und der Umsetzung von Change Management Projekten.","breadcrumb":{"@id":"https:\/\/coaching-lauer.de\/unternehmen\/coaching-fuer-fuehrungskraefte\/umstrukturierung\/#breadcrumb"},"inLanguage":"en-US","potentialAction":[{"@type":"ReadAction","target":["https:\/\/coaching-lauer.de\/unternehmen\/coaching-fuer-fuehrungskraefte\/umstrukturierung\/"]}]},{"@type":"ImageObject","inLanguage":"en-US","@id":"https:\/\/coaching-lauer.de\/unternehmen\/coaching-fuer-fuehrungskraefte\/umstrukturierung\/#primaryimage","url":"https:\/\/coaching-lauer.de\/wp-content\/uploads\/PageSlider\/umstrukturierung.jpg","contentUrl":"https:\/\/coaching-lauer.de\/wp-content\/uploads\/PageSlider\/umstrukturierung.jpg","width":1300,"height":438},{"@type":"BreadcrumbList","@id":"https:\/\/coaching-lauer.de\/unternehmen\/coaching-fuer-fuehrungskraefte\/umstrukturierung\/#breadcrumb","itemListElement":[{"@type":"ListItem","position":1,"name":"Startseite","item":"https:\/\/coaching-lauer.de\/en\/"},{"@type":"ListItem","position":2,"name":"Companies","item":"https:\/\/coaching-lauer.de\/unternehmen\/"},{"@type":"ListItem","position":3,"name":"Executive Coaching","item":"https:\/\/coaching-lauer.de\/unternehmen\/coaching-fuer-fuehrungskraefte\/"},{"@type":"ListItem","position":4,"name":"Restructuring"}]},{"@type":"WebSite","@id":"https:\/\/coaching-lauer.de\/#website","url":"https:\/\/coaching-lauer.de\/","name":"Hans-Georg Lauer","description":"Businesscoaching und Karriere-Kickstart","potentialAction":[{"@type":"SearchAction","target":{"@type":"EntryPoint","urlTemplate":"https:\/\/coaching-lauer.de\/?s={search_term_string}"},"query-input":"required name=search_term_string"}],"inLanguage":"en-US"}]}},"_links":{"self":[{"href":"https:\/\/coaching-lauer.de\/en\/wp-json\/wp\/v2\/pages\/5940"}],"collection":[{"href":"https:\/\/coaching-lauer.de\/en\/wp-json\/wp\/v2\/pages"}],"about":[{"href":"https:\/\/coaching-lauer.de\/en\/wp-json\/wp\/v2\/types\/page"}],"author":[{"embeddable":true,"href":"https:\/\/coaching-lauer.de\/en\/wp-json\/wp\/v2\/users\/1"}],"replies":[{"embeddable":true,"href":"https:\/\/coaching-lauer.de\/en\/wp-json\/wp\/v2\/comments?post=5940"}],"version-history":[{"count":2,"href":"https:\/\/coaching-lauer.de\/en\/wp-json\/wp\/v2\/pages\/5940\/revisions"}],"predecessor-version":[{"id":5941,"href":"https:\/\/coaching-lauer.de\/en\/wp-json\/wp\/v2\/pages\/5940\/revisions\/5941"}],"up":[{"embeddable":true,"href":"https:\/\/coaching-lauer.de\/en\/wp-json\/wp\/v2\/pages\/5918"}],"wp:featuredmedia":[{"embeddable":true,"href":"https:\/\/coaching-lauer.de\/en\/wp-json\/wp\/v2\/media\/5309"}],"wp:attachment":[{"href":"https:\/\/coaching-lauer.de\/en\/wp-json\/wp\/v2\/media?parent=5940"}],"curies":[{"name":"wp","href":"https:\/\/api.w.org\/{rel}","templated":true}]}}