{"id":5944,"date":"2017-09-19T12:03:06","date_gmt":"2017-09-19T10:03:06","guid":{"rendered":"https:\/\/coaching-lauer.de\/unternehmen\/coaching-fuer-managerinnen\/"},"modified":"2017-12-07T11:27:52","modified_gmt":"2017-12-07T10:27:52","slug":"coaching-fuer-managerinnen","status":"publish","type":"page","link":"https:\/\/coaching-lauer.de\/en\/unternehmen\/coaching-fuer-managerinnen\/","title":{"rendered":"Coaching for female managers"},"content":{"rendered":"<p>[et_pb_section fb_built=&#8221;1&#8243; _builder_version=&#8221;3.0.75&#8243; custom_padding=&#8221;0px|0px|50px|0px&#8221;][et_pb_row module_class=&#8221;boxen&#8221; _builder_version=&#8221;3.0.75&#8243;][et_pb_column type=&#8221;4_4&#8243; _builder_version=&#8221;3.0.47&#8243; parallax=&#8221;off&#8221; parallax_method=&#8221;on&#8221;][et_pb_blurb title=&#8221;First promotion&#8221; use_icon=&#8221;on&#8221; font_icon=&#8221;%%169%%&#8221; icon_color=&#8221;#1c9cdb&#8221; icon_placement=&#8221;left&#8221; _builder_version=&#8221;3.0.75&#8243; header_font_size=&#8221;22px&#8221; header_line_height=&#8221;1.2em&#8221; use_border_color=&#8221;on&#8221; border_color=&#8221;#cccccc&#8221; border_style=&#8221;dashed&#8221; custom_padding=&#8221;25px|15px|25px|15px&#8221;]<\/p>\n<p>Dealing with the management level<\/p>\n<p>[\/et_pb_blurb][et_pb_blurb title=&#8221;Appearance and visibility&#8221; use_icon=&#8221;on&#8221; font_icon=&#8221;%%258%%&#8221; icon_color=&#8221;#1c9cdb&#8221; icon_placement=&#8221;left&#8221; _builder_version=&#8221;3.0.75&#8243; header_font_size=&#8221;22px&#8221; header_line_height=&#8221;1.2em&#8221; use_border_color=&#8221;on&#8221; border_color=&#8221;#cccccc&#8221; border_style=&#8221;dashed&#8221; custom_padding=&#8221;25px|15px|25px|15px&#8221;]<\/p>\n<p>Skillfully use the effect of your performance<\/p>\n<p>[\/et_pb_blurb][et_pb_blurb title=&#8221;Skilled self-marketing for leadership women&#8221; use_icon=&#8221;on&#8221; font_icon=&#8221;%%148%%&#8221; icon_color=&#8221;#1c9cdb&#8221; icon_placement=&#8221;left&#8221; _builder_version=&#8221;3.0.75&#8243; header_font_size=&#8221;22px&#8221; header_line_height=&#8221;1.2em&#8221; use_border_color=&#8221;on&#8221; border_color=&#8221;#cccccc&#8221; border_style=&#8221;dashed&#8221; custom_padding=&#8221;25px|15px|25px|15px&#8221;]<\/p>\n<p>recognize your own needs as a manager<\/p>\n<p>[\/et_pb_blurb][et_pb_blurb title=&#8221;Career and family&#8221; use_icon=&#8221;on&#8221; font_icon=&#8221;%%102%%&#8221; icon_color=&#8221;#1c9cdb&#8221; icon_placement=&#8221;left&#8221; _builder_version=&#8221;3.0.75&#8243; header_font_size=&#8221;22px&#8221; header_line_height=&#8221;1.2em&#8221; use_border_color=&#8221;on&#8221; border_color=&#8221;#cccccc&#8221; border_style=&#8221;dashed&#8221; custom_padding=&#8221;25px|15px|25px|15px&#8221;]<\/p>\n<p>Promotion and compatibility of career and family<\/p>\n<p>[\/et_pb_blurb][et_pb_blurb title=&#8221;Dealing with power&#8221; use_icon=&#8221;on&#8221; font_icon=&#8221;%%85%%&#8221; icon_color=&#8221;#1c9cdb&#8221; icon_placement=&#8221;left&#8221; _builder_version=&#8221;3.0.75&#8243; header_font_size=&#8221;22px&#8221; header_line_height=&#8221;1.2em&#8221; use_border_color=&#8221;on&#8221; border_color=&#8221;#cccccc&#8221; border_style=&#8221;dashed&#8221; custom_padding=&#8221;25px|15px|25px|15px&#8221;]<\/p>\n<p>Recognize and act on power games<\/p>\n<p>[\/et_pb_blurb][et_pb_blurb title=&#8221;Self and others perception&#8221; use_icon=&#8221;on&#8221; font_icon=&#8221;%%259%%&#8221; icon_color=&#8221;#1c9cdb&#8221; icon_placement=&#8221;left&#8221; _builder_version=&#8221;3.0.75&#8243; header_font_size=&#8221;22px&#8221; header_line_height=&#8221;1.2em&#8221; use_border_color=&#8221;on&#8221; border_color=&#8221;#cccccc&#8221; border_style=&#8221;dashed&#8221; custom_padding=&#8221;25px|15px|25px|15px&#8221;]<\/p>\n<p>reflect and analyze oneself<\/p>\n<p>[\/et_pb_blurb][et_pb_blurb title=&#8221;Leadership \/ role conflicts&#8221; use_icon=&#8221;on&#8221; font_icon=&#8221;%%168%%&#8221; icon_color=&#8221;#1c9cdb&#8221; icon_placement=&#8221;left&#8221; _builder_version=&#8221;3.0.75&#8243; header_font_size=&#8221;22px&#8221; header_line_height=&#8221;1.2em&#8221; use_border_color=&#8221;on&#8221; border_color=&#8221;#cccccc&#8221; border_style=&#8221;dashed&#8221; custom_padding=&#8221;25px|15px|25px|15px&#8221;]<\/p>\n<p>Master conflicts triggered by gender issues<\/p>\n<p>[\/et_pb_blurb][\/et_pb_column][\/et_pb_row][\/et_pb_section][et_pb_section fb_built=&#8221;1&#8243; background_color=&#8221;#1c9cdb&#8221; _builder_version=&#8221;3.0.75&#8243; custom_padding=&#8221;40px|0px|40px|0px&#8221;][et_pb_row _builder_version=&#8221;3.0.75&#8243;][et_pb_column type=&#8221;4_4&#8243; _builder_version=&#8221;3.0.47&#8243; parallax=&#8221;off&#8221; parallax_method=&#8221;on&#8221;][et_pb_text background_layout=&#8221;dark&#8221; _builder_version=&#8221;3.0.75&#8243; text_font=&#8221;|on|||&#8221; text_font_size=&#8221;19px&#8221; header_font_size=&#8221;24px&#8221; text_orientation=&#8221;center&#8221; module_alignment=&#8221;center&#8221;]<\/p>\n<h2><strong>Customer opinions about my business coaching<br \/>\n<\/strong><\/h2>\n<p><b>Experiences of other business coaching participants:<\/b><\/p>\n<p>[\/et_pb_text][\/et_pb_column][\/et_pb_row][et_pb_row _builder_version=&#8221;3.0.75&#8243;][et_pb_column type=&#8221;1_3&#8243; _builder_version=&#8221;3.0.47&#8243; parallax=&#8221;off&#8221; parallax_method=&#8221;on&#8221;][et_pb_testimonial author=&#8221;Yannick Kay&#8221; background_color=&#8221;#1884ba&#8221; quote_icon_background_color=&#8221;#1c9cdb&#8221; _builder_version=&#8221;3.0.75&#8243;]<\/p>\n<p>The business coaching with Mr. Lauer was a complete success and has undoubtedly brought me further. Especially the competence and the approach impressed me. Only to be recommended!<\/p>\n<p>[\/et_pb_testimonial][\/et_pb_column][et_pb_column type=&#8221;1_3&#8243; _builder_version=&#8221;3.0.47&#8243; parallax=&#8221;off&#8221; parallax_method=&#8221;on&#8221;][et_pb_testimonial author=&#8221;Yannick Kay&#8221; background_color=&#8221;#1884ba&#8221; quote_icon_background_color=&#8221;#1c9cdb&#8221; _builder_version=&#8221;3.0.75&#8243;]<\/p>\n<p>The business coaching with Mr. Lauer was a complete success and has undoubtedly brought me further. Especially the competence and the approach impressed me. Only to be recommended!<\/p>\n<p>[\/et_pb_testimonial][\/et_pb_column][et_pb_column type=&#8221;1_3&#8243; _builder_version=&#8221;3.0.47&#8243; parallax=&#8221;off&#8221; parallax_method=&#8221;on&#8221;][et_pb_testimonial author=&#8221;Yannick Kay&#8221; background_color=&#8221;#1884ba&#8221; quote_icon_background_color=&#8221;#1c9cdb&#8221; _builder_version=&#8221;3.0.75&#8243;]<\/p>\n<p>The business coaching with Mr. Lauer was a complete success and has undoubtedly brought me further. Especially the competence and the approach impressed me. Only to be recommended!<\/p>\n<p>[\/et_pb_testimonial][\/et_pb_column][\/et_pb_row][\/et_pb_section][et_pb_section fb_built=&#8221;1&#8243; _builder_version=&#8221;3.0.47&#8243; custom_padding=&#8221;60px|0px|0px|0px&#8221;][et_pb_row custom_padding=&#8221;30px|0px|0px|0px&#8221; _builder_version=&#8221;3.0.47&#8243; background_size=&#8221;initial&#8221; background_position=&#8221;top_left&#8221; background_repeat=&#8221;repeat&#8221; _i=&#8221;0&#8243; _address=&#8221;2.0&#8243;][et_pb_column type=&#8221;1_3&#8243; _builder_version=&#8221;3.0.47&#8243; parallax=&#8221;off&#8221; parallax_method=&#8221;on&#8221;][et_pb_image src=&#8221;https:\/\/coaching-lauer.de\/wp-content\/uploads\/2017\/09\/hans-georg-lauer-coach.jpg&#8221; _builder_version=&#8221;3.0.75&#8243;][\/et_pb_image][et_pb_button button_url=&#8221;\/en\/kontakt&#8221; button_text=&#8221;Request advice&#8221; _builder_version=&#8221;3.0.75&#8243;][\/et_pb_button][\/et_pb_column][et_pb_column type=&#8221;2_3&#8243; _builder_version=&#8221;3.0.47&#8243; parallax=&#8221;off&#8221; parallax_method=&#8221;on&#8221;][et_pb_text _builder_version=&#8221;3.0.75&#8243;]<\/p>\n<h2>Coaching for female managers<\/h2>\n<p>Against the backdrop of the legislative initiatives (\u201cquota\u201d), more and more companies strive for a balanced gender balance in management.<\/p>\n<p>According to current statistics, women have the same level of education and management potential as their male counterparts. In day-to-day running, however, there are often falling cords, which lead to women\u2019s careers being stony and less successful. What can managers do to improve their career chances? What can business coaching bring to women?<\/p>\n<p>As managers, I support women to learn to deal with the male view in the management. From me you can get a pragmatic advice, a critical voice and new impulses. Through my psychological training and my long-term manager\u2019s experience, I know many leadership situations and know how women \/ men deal with it. Use my coaching for managers.<\/p>\n<p>I offer you coaching for guidance in German or English. Together we work out solutions for your very specific situation as a management woman. I would like to work in my offices in Cologne or in your company.<\/p>\n<p><strong>Duration<\/strong>: 4-6 individual discussions, depending on the request<\/p>\n<p><strong>Costs<\/strong>: I am counting on actual hours. I would be pleased to provide you with a noncommittal estimate for your request.<\/p>\n<p>[\/et_pb_text][\/et_pb_column][\/et_pb_row][\/et_pb_section][et_pb_section fb_built=&#8221;1&#8243; _builder_version=&#8221;3.0.75&#8243; custom_padding=&#8221;0px|0px|0px|0px&#8221;][et_pb_row _builder_version=&#8221;3.0.75&#8243;][et_pb_column type=&#8221;4_4&#8243; _builder_version=&#8221;3.0.47&#8243; parallax=&#8221;off&#8221; parallax_method=&#8221;on&#8221;][et_pb_divider color=&#8221;#d3d3d3&#8243; show_divider=&#8221;on&#8221; _builder_version=&#8221;3.0.75&#8243;][\/et_pb_divider][\/et_pb_column][\/et_pb_row][et_pb_row custom_padding=&#8221;28.7188px|0px|0px|0px&#8221; _builder_version=&#8221;3.0.75&#8243;][et_pb_column type=&#8221;1_2&#8243; _builder_version=&#8221;3.0.47&#8243; parallax=&#8221;off&#8221; parallax_method=&#8221;on&#8221;][et_pb_text _builder_version=&#8221;3.0.75&#8243;]<\/p>\n<div id=\"tw-target-text-container\" class=\"tw-ta-container tw-nfl\">\n<h2 id=\"tw-target-text\" class=\"tw-data-text tw-ta tw-text-medium\" dir=\"ltr\" data-placeholder=\"\u00dcbersetzung\"><span lang=\"en\">Non-binding coaching request<\/span><\/h2>\n<pre class=\"tw-data-text tw-ta tw-text-medium\" lang=\"en\"><\/pre>\n<\/div>\n<p><strong>Do you have questions about my method or you want to know if we can communicate with each other and I understand your problem?<\/strong><\/p>\n<p>I am glad that you are interested in my coaching. You may contact me on my phone: 0221 29861442.<\/p>\n<p>your sincerely,<\/p>\n<p>Hans-Georg Lauer<\/p>\n<p><img loading=\"lazy\" decoding=\"async\" class=\"wp-image-5076 alignnone size-full\" src=\"https:\/\/coaching-lauer.de\/wp-content\/uploads\/2017\/09\/coaching-lauer-unterschrift.png\" alt=\"\" width=\"250\" height=\"85\" \/><\/p>\n<p><strong>Coaching in Cologne:<br \/>\n<\/strong>Hans-Georg Lauer<br \/>\nCoa\u00adching und Con\u00adsul\u00adting in Cologne<br \/>\nTel.: 0221 29861442<br \/>\nChristophstra\u00dfe 31<br \/>\n50670 Cologne<\/p>\n<p>[\/et_pb_text][\/et_pb_column][et_pb_column type=&#8221;1_2&#8243; _builder_version=&#8221;3.0.47&#8243; parallax=&#8221;off&#8221; parallax_method=&#8221;on&#8221;][et_pb_code _builder_version=&#8221;3.0.75&#8243;]&lt;iframe src=&quot;https:\/\/www.google.com\/maps\/embed?pb=!1m14!1m8!1m3!1d10055.583969117439!2d6.9433523!3d50.9441365!3m2!1i1024!2i768!4f13.1!3m3!1m2!1s0x0%3A0xf0665aeb3171a092!2sHans-Georg+Lauer+-+Coaching+in+K%C3%B6ln!5e0!3m2!1sde!2sde!4v1498398305016&quot; width=&quot;650&quot; height=&quot;450&quot; frameborder=&quot;0&quot; style=&quot;border:0;width:100%;&quot; allowfullscreen&gt;&lt;\/iframe&gt;[\/et_pb_code][\/et_pb_column][\/et_pb_row][et_pb_row _builder_version=&#8221;3.0.75&#8243;][et_pb_column type=&#8221;4_4&#8243; _builder_version=&#8221;3.0.47&#8243; parallax=&#8221;off&#8221; parallax_method=&#8221;on&#8221;][et_pb_button button_text=&#8221;Contact form&#8221; button_alignment=&#8221;center&#8221; _builder_version=&#8221;3.0.75&#8243;][\/et_pb_button][\/et_pb_column][\/et_pb_row][\/et_pb_section]<\/p>\n","protected":false},"excerpt":{"rendered":"<p>Dealing with the management level Skillfully use the effect of your performance recognize your own needs as a manager Promotion and compatibility of career and family Recognize and act on power games reflect and analyze oneself Master conflicts triggered by gender issues Customer opinions about my business coaching Experiences of other business coaching participants: The [&hellip;]<\/p>\n","protected":false},"author":1,"featured_media":5410,"parent":5920,"menu_order":0,"comment_status":"closed","ping_status":"closed","template":"tmpl-unterseite.php","meta":{"_acf_changed":false,"_et_pb_use_builder":"on","_et_pb_old_content":"","_et_gb_content_width":"","inline_featured_image":false,"footnotes":""},"acf":[],"yoast_head":"<!-- This site is optimized with the Yoast SEO plugin v23.0 - https:\/\/yoast.com\/wordpress\/plugins\/seo\/ -->\n<title>Coaching f\u00fcr Management | Hans-Georg Lauer<\/title>\n<meta name=\"description\" content=\"Im Coaching f\u00fcr Management biete ich Coaching f\u00fcr gekonntes Selbstmarketing, Auftritt, Sichtbarkeit, Karriere und Familie, Umgang mit Macht und weiteres an.\" \/>\n<meta name=\"robots\" content=\"index, follow, max-snippet:-1, max-image-preview:large, max-video-preview:-1\" \/>\n<link rel=\"canonical\" href=\"https:\/\/coaching-lauer.de\/unternehmen\/coaching-fuer-managerinnen\/\" \/>\n<meta property=\"og:locale\" content=\"en_US\" \/>\n<meta property=\"og:type\" content=\"article\" \/>\n<meta property=\"og:title\" content=\"Coaching f\u00fcr Management | Hans-Georg Lauer\" \/>\n<meta property=\"og:description\" content=\"Im Coaching f\u00fcr Management biete ich Coaching f\u00fcr gekonntes Selbstmarketing, Auftritt, Sichtbarkeit, Karriere und Familie, Umgang mit Macht und weiteres an.\" \/>\n<meta property=\"og:url\" content=\"https:\/\/coaching-lauer.de\/unternehmen\/coaching-fuer-managerinnen\/\" \/>\n<meta property=\"og:site_name\" content=\"Hans-Georg Lauer\" \/>\n<meta property=\"article:modified_time\" content=\"2017-12-07T10:27:52+00:00\" \/>\n<meta property=\"og:image\" content=\"https:\/\/coaching-lauer.de\/wp-content\/uploads\/PageSlider\/coaching-fuer-managerinnen.jpg\" \/>\n\t<meta property=\"og:image:width\" content=\"3405\" \/>\n\t<meta property=\"og:image:height\" content=\"2034\" \/>\n\t<meta property=\"og:image:type\" content=\"image\/jpeg\" \/>\n<meta name=\"twitter:card\" content=\"summary_large_image\" \/>\n<meta name=\"twitter:label1\" content=\"Est. reading time\" \/>\n\t<meta name=\"twitter:data1\" content=\"6 minutes\" \/>\n<script type=\"application\/ld+json\" class=\"yoast-schema-graph\">{\"@context\":\"https:\/\/schema.org\",\"@graph\":[{\"@type\":\"WebPage\",\"@id\":\"https:\/\/coaching-lauer.de\/unternehmen\/coaching-fuer-managerinnen\/\",\"url\":\"https:\/\/coaching-lauer.de\/unternehmen\/coaching-fuer-managerinnen\/\",\"name\":\"Coaching f\u00fcr Management | Hans-Georg Lauer\",\"isPartOf\":{\"@id\":\"https:\/\/coaching-lauer.de\/#website\"},\"primaryImageOfPage\":{\"@id\":\"https:\/\/coaching-lauer.de\/unternehmen\/coaching-fuer-managerinnen\/#primaryimage\"},\"image\":{\"@id\":\"https:\/\/coaching-lauer.de\/unternehmen\/coaching-fuer-managerinnen\/#primaryimage\"},\"thumbnailUrl\":\"https:\/\/coaching-lauer.de\/wp-content\/uploads\/PageSlider\/coaching-fuer-managerinnen.jpg\",\"datePublished\":\"2017-09-19T10:03:06+00:00\",\"dateModified\":\"2017-12-07T10:27:52+00:00\",\"description\":\"Im Coaching f\u00fcr Management biete ich Coaching f\u00fcr gekonntes Selbstmarketing, Auftritt, Sichtbarkeit, Karriere und Familie, Umgang mit Macht und weiteres an.\",\"breadcrumb\":{\"@id\":\"https:\/\/coaching-lauer.de\/unternehmen\/coaching-fuer-managerinnen\/#breadcrumb\"},\"inLanguage\":\"en-US\",\"potentialAction\":[{\"@type\":\"ReadAction\",\"target\":[\"https:\/\/coaching-lauer.de\/unternehmen\/coaching-fuer-managerinnen\/\"]}]},{\"@type\":\"ImageObject\",\"inLanguage\":\"en-US\",\"@id\":\"https:\/\/coaching-lauer.de\/unternehmen\/coaching-fuer-managerinnen\/#primaryimage\",\"url\":\"https:\/\/coaching-lauer.de\/wp-content\/uploads\/PageSlider\/coaching-fuer-managerinnen.jpg\",\"contentUrl\":\"https:\/\/coaching-lauer.de\/wp-content\/uploads\/PageSlider\/coaching-fuer-managerinnen.jpg\",\"width\":3405,\"height\":2034},{\"@type\":\"BreadcrumbList\",\"@id\":\"https:\/\/coaching-lauer.de\/unternehmen\/coaching-fuer-managerinnen\/#breadcrumb\",\"itemListElement\":[{\"@type\":\"ListItem\",\"position\":1,\"name\":\"Startseite\",\"item\":\"https:\/\/coaching-lauer.de\/en\/\"},{\"@type\":\"ListItem\",\"position\":2,\"name\":\"Companies\",\"item\":\"https:\/\/coaching-lauer.de\/unternehmen\/\"},{\"@type\":\"ListItem\",\"position\":3,\"name\":\"Coaching for female managers\"}]},{\"@type\":\"WebSite\",\"@id\":\"https:\/\/coaching-lauer.de\/#website\",\"url\":\"https:\/\/coaching-lauer.de\/\",\"name\":\"Hans-Georg Lauer\",\"description\":\"Businesscoaching und Karriere-Kickstart\",\"potentialAction\":[{\"@type\":\"SearchAction\",\"target\":{\"@type\":\"EntryPoint\",\"urlTemplate\":\"https:\/\/coaching-lauer.de\/?s={search_term_string}\"},\"query-input\":\"required name=search_term_string\"}],\"inLanguage\":\"en-US\"}]}<\/script>\n<!-- \/ Yoast SEO plugin. -->","yoast_head_json":{"title":"Coaching f\u00fcr Management | Hans-Georg Lauer","description":"Im Coaching f\u00fcr Management biete ich Coaching f\u00fcr gekonntes Selbstmarketing, Auftritt, Sichtbarkeit, Karriere und Familie, Umgang mit Macht und weiteres an.","robots":{"index":"index","follow":"follow","max-snippet":"max-snippet:-1","max-image-preview":"max-image-preview:large","max-video-preview":"max-video-preview:-1"},"canonical":"https:\/\/coaching-lauer.de\/unternehmen\/coaching-fuer-managerinnen\/","og_locale":"en_US","og_type":"article","og_title":"Coaching f\u00fcr Management | Hans-Georg Lauer","og_description":"Im Coaching f\u00fcr Management biete ich Coaching f\u00fcr gekonntes Selbstmarketing, Auftritt, Sichtbarkeit, Karriere und Familie, Umgang mit Macht und weiteres an.","og_url":"https:\/\/coaching-lauer.de\/unternehmen\/coaching-fuer-managerinnen\/","og_site_name":"Hans-Georg Lauer","article_modified_time":"2017-12-07T10:27:52+00:00","og_image":[{"width":3405,"height":2034,"url":"https:\/\/coaching-lauer.de\/wp-content\/uploads\/PageSlider\/coaching-fuer-managerinnen.jpg","type":"image\/jpeg"}],"twitter_card":"summary_large_image","twitter_misc":{"Est. reading time":"6 minutes"},"schema":{"@context":"https:\/\/schema.org","@graph":[{"@type":"WebPage","@id":"https:\/\/coaching-lauer.de\/unternehmen\/coaching-fuer-managerinnen\/","url":"https:\/\/coaching-lauer.de\/unternehmen\/coaching-fuer-managerinnen\/","name":"Coaching f\u00fcr Management | Hans-Georg Lauer","isPartOf":{"@id":"https:\/\/coaching-lauer.de\/#website"},"primaryImageOfPage":{"@id":"https:\/\/coaching-lauer.de\/unternehmen\/coaching-fuer-managerinnen\/#primaryimage"},"image":{"@id":"https:\/\/coaching-lauer.de\/unternehmen\/coaching-fuer-managerinnen\/#primaryimage"},"thumbnailUrl":"https:\/\/coaching-lauer.de\/wp-content\/uploads\/PageSlider\/coaching-fuer-managerinnen.jpg","datePublished":"2017-09-19T10:03:06+00:00","dateModified":"2017-12-07T10:27:52+00:00","description":"Im Coaching f\u00fcr Management biete ich Coaching f\u00fcr gekonntes Selbstmarketing, Auftritt, Sichtbarkeit, Karriere und Familie, Umgang mit Macht und weiteres an.","breadcrumb":{"@id":"https:\/\/coaching-lauer.de\/unternehmen\/coaching-fuer-managerinnen\/#breadcrumb"},"inLanguage":"en-US","potentialAction":[{"@type":"ReadAction","target":["https:\/\/coaching-lauer.de\/unternehmen\/coaching-fuer-managerinnen\/"]}]},{"@type":"ImageObject","inLanguage":"en-US","@id":"https:\/\/coaching-lauer.de\/unternehmen\/coaching-fuer-managerinnen\/#primaryimage","url":"https:\/\/coaching-lauer.de\/wp-content\/uploads\/PageSlider\/coaching-fuer-managerinnen.jpg","contentUrl":"https:\/\/coaching-lauer.de\/wp-content\/uploads\/PageSlider\/coaching-fuer-managerinnen.jpg","width":3405,"height":2034},{"@type":"BreadcrumbList","@id":"https:\/\/coaching-lauer.de\/unternehmen\/coaching-fuer-managerinnen\/#breadcrumb","itemListElement":[{"@type":"ListItem","position":1,"name":"Startseite","item":"https:\/\/coaching-lauer.de\/en\/"},{"@type":"ListItem","position":2,"name":"Companies","item":"https:\/\/coaching-lauer.de\/unternehmen\/"},{"@type":"ListItem","position":3,"name":"Coaching for female managers"}]},{"@type":"WebSite","@id":"https:\/\/coaching-lauer.de\/#website","url":"https:\/\/coaching-lauer.de\/","name":"Hans-Georg Lauer","description":"Businesscoaching und Karriere-Kickstart","potentialAction":[{"@type":"SearchAction","target":{"@type":"EntryPoint","urlTemplate":"https:\/\/coaching-lauer.de\/?s={search_term_string}"},"query-input":"required name=search_term_string"}],"inLanguage":"en-US"}]}},"_links":{"self":[{"href":"https:\/\/coaching-lauer.de\/en\/wp-json\/wp\/v2\/pages\/5944"}],"collection":[{"href":"https:\/\/coaching-lauer.de\/en\/wp-json\/wp\/v2\/pages"}],"about":[{"href":"https:\/\/coaching-lauer.de\/en\/wp-json\/wp\/v2\/types\/page"}],"author":[{"embeddable":true,"href":"https:\/\/coaching-lauer.de\/en\/wp-json\/wp\/v2\/users\/1"}],"replies":[{"embeddable":true,"href":"https:\/\/coaching-lauer.de\/en\/wp-json\/wp\/v2\/comments?post=5944"}],"version-history":[{"count":5,"href":"https:\/\/coaching-lauer.de\/en\/wp-json\/wp\/v2\/pages\/5944\/revisions"}],"predecessor-version":[{"id":6108,"href":"https:\/\/coaching-lauer.de\/en\/wp-json\/wp\/v2\/pages\/5944\/revisions\/6108"}],"up":[{"embeddable":true,"href":"https:\/\/coaching-lauer.de\/en\/wp-json\/wp\/v2\/pages\/5920"}],"wp:featuredmedia":[{"embeddable":true,"href":"https:\/\/coaching-lauer.de\/en\/wp-json\/wp\/v2\/media\/5410"}],"wp:attachment":[{"href":"https:\/\/coaching-lauer.de\/en\/wp-json\/wp\/v2\/media?parent=5944"}],"curies":[{"name":"wp","href":"https:\/\/api.w.org\/{rel}","templated":true}]}}