{"id":5945,"date":"2017-09-19T12:03:22","date_gmt":"2017-09-19T10:03:22","guid":{"rendered":"https:\/\/coaching-lauer.de\/unternehmen\/coaching-fuer-teams\/"},"modified":"2017-12-07T11:14:45","modified_gmt":"2017-12-07T10:14:45","slug":"coaching-fuer-teams","status":"publish","type":"page","link":"https:\/\/coaching-lauer.de\/en\/unternehmen\/coaching-fuer-teams\/","title":{"rendered":"Coaching for teams"},"content":{"rendered":"<p>[et_pb_section bb_built=&#8221;1&#8243; fullwidth=&#8221;off&#8221; specialty=&#8221;off&#8221; _builder_version=&#8221;3.0.75&#8243; module_class=&#8221;boxen&#8221;][et_pb_row][et_pb_column type=&#8221;4_4&#8243;][et_pb_blurb title=&#8221;Role definition&#8221; use_icon=&#8221;on&#8221; font_icon=&#8221;%%101%%&#8221; icon_color=&#8221;#1c9cdb&#8221; icon_placement=&#8221;left&#8221; _builder_version=&#8221;3.0.75&#8243; header_font_size=&#8221;22px&#8221; header_line_height=&#8221;1.2em&#8221; use_border_color=&#8221;on&#8221; border_color=&#8221;#cccccc&#8221; border_style=&#8221;dashed&#8221; custom_padding=&#8221;25px|15px|25px|15px&#8221; url_new_window=&#8221;off&#8221; use_circle=&#8221;off&#8221; use_circle_border=&#8221;off&#8221; use_icon_font_size=&#8221;off&#8221; background_layout=&#8221;light&#8221;]<\/p>\n<p>better organisation through role definition in the team<\/p>\n<p>[\/et_pb_blurb][et_pb_blurb title=&#8221;Solve conflicts&#8221; use_icon=&#8221;on&#8221; font_icon=&#8221;%%96%%&#8221; icon_color=&#8221;#1c9cdb&#8221; icon_placement=&#8221;left&#8221; _builder_version=&#8221;3.0.75&#8243; header_font_size=&#8221;22px&#8221; header_line_height=&#8221;1.2em&#8221; use_border_color=&#8221;on&#8221; border_color=&#8221;#cccccc&#8221; border_style=&#8221;dashed&#8221; custom_padding=&#8221;25px|15px|25px|15px&#8221; url_new_window=&#8221;off&#8221; use_circle=&#8221;off&#8221; use_circle_border=&#8221;off&#8221; use_icon_font_size=&#8221;off&#8221; background_layout=&#8221;light&#8221;]<\/p>\n<p>Solve conlicts with in the team<\/p>\n<p>[\/et_pb_blurb][et_pb_blurb title=&#8221;New beginning&#8221; use_icon=&#8221;on&#8221; font_icon=&#8221;%%75%%&#8221; icon_color=&#8221;#1c9cdb&#8221; icon_placement=&#8221;left&#8221; _builder_version=&#8221;3.0.75&#8243; header_font_size=&#8221;22px&#8221; header_line_height=&#8221;1.2em&#8221; use_border_color=&#8221;on&#8221; border_color=&#8221;#cccccc&#8221; border_style=&#8221;dashed&#8221; custom_padding=&#8221;25px|15px|25px|15px&#8221; url_new_window=&#8221;off&#8221; use_circle=&#8221;off&#8221; use_circle_border=&#8221;off&#8221; use_icon_font_size=&#8221;off&#8221; background_layout=&#8221;light&#8221;]<\/p>\n<p>Reorganisation and new beginnings in the team<\/p>\n<p>[\/et_pb_blurb][et_pb_blurb title=&#8221;Overcome communication weaknesses&#8221; use_icon=&#8221;on&#8221; font_icon=&#8221;%%176%%&#8221; icon_color=&#8221;#1c9cdb&#8221; icon_placement=&#8221;left&#8221; _builder_version=&#8221;3.0.75&#8243; header_font_size=&#8221;22px&#8221; header_line_height=&#8221;1.2em&#8221; use_border_color=&#8221;on&#8221; border_color=&#8221;#cccccc&#8221; border_style=&#8221;dashed&#8221; custom_padding=&#8221;25px|15px|25px|15px&#8221; url_new_window=&#8221;off&#8221; use_circle=&#8221;off&#8221; use_circle_border=&#8221;off&#8221; use_icon_font_size=&#8221;off&#8221; background_layout=&#8221;light&#8221;]<\/p>\n<p>Improvement of team communication<\/p>\n<p>[\/et_pb_blurb][et_pb_blurb title=&#8221;Leadership&#8221; use_icon=&#8221;on&#8221; font_icon=&#8221;%%45%%&#8221; icon_color=&#8221;#1c9cdb&#8221; icon_placement=&#8221;left&#8221; _builder_version=&#8221;3.0.75&#8243; header_font_size=&#8221;22px&#8221; header_line_height=&#8221;1.2em&#8221; use_border_color=&#8221;on&#8221; border_color=&#8221;#cccccc&#8221; border_style=&#8221;dashed&#8221; custom_padding=&#8221;25px|15px|25px|15px&#8221; url_new_window=&#8221;off&#8221; use_circle=&#8221;off&#8221; use_circle_border=&#8221;off&#8221; use_icon_font_size=&#8221;off&#8221; background_layout=&#8221;light&#8221;]<\/p>\n<p>Leadership of international project teams<\/p>\n<p>[\/et_pb_blurb][et_pb_blurb title=&#8221;Increase team performance&#8221; use_icon=&#8221;on&#8221; font_icon=&#8221;%%126%%&#8221; icon_color=&#8221;#1c9cdb&#8221; icon_placement=&#8221;left&#8221; _builder_version=&#8221;3.0.75&#8243; header_font_size=&#8221;22px&#8221; header_line_height=&#8221;1.2em&#8221; use_border_color=&#8221;on&#8221; border_color=&#8221;#cccccc&#8221; border_style=&#8221;dashed&#8221; custom_padding=&#8221;25px|15px|25px|15px&#8221; url_new_window=&#8221;off&#8221; use_circle=&#8221;off&#8221; use_circle_border=&#8221;off&#8221; use_icon_font_size=&#8221;off&#8221; background_layout=&#8221;light&#8221;]<\/p>\n<p>Fast solutions thanks to management experience<\/p>\n<p>[\/et_pb_blurb][\/et_pb_column][\/et_pb_row][\/et_pb_section][et_pb_section bb_built=&#8221;1&#8243; background_color=&#8221;#1c9cdb&#8221; _builder_version=&#8221;3.0.75&#8243; custom_padding=&#8221;40px|0px|40px|0px&#8221;][et_pb_row _builder_version=&#8221;3.0.75&#8243;][et_pb_column type=&#8221;4_4&#8243;][et_pb_text background_layout=&#8221;dark&#8221; _builder_version=&#8221;3.0.75&#8243; text_font=&#8221;|on|||&#8221; text_font_size=&#8221;19px&#8221; header_font_size=&#8221;24px&#8221; text_orientation=&#8221;center&#8221; module_alignment=&#8221;center&#8221; border_style=&#8221;solid&#8221;]<\/p>\n<h2><strong>Customer opinions about my business coaching<\/strong><\/h2>\n<p><b>Experiences of other business coaching participants:<\/b><\/p>\n<p>[\/et_pb_text][\/et_pb_column][\/et_pb_row][et_pb_row _builder_version=&#8221;3.0.75&#8243;][et_pb_column type=&#8221;1_3&#8243;][et_pb_testimonial author=&#8221;Yannick Kay&#8221; background_color=&#8221;#1884ba&#8221; quote_icon_background_color=&#8221;#1c9cdb&#8221; _builder_version=&#8221;3.0.75&#8243; url_new_window=&#8221;off&#8221; quote_icon=&#8221;on&#8221; use_background_color=&#8221;on&#8221; background_layout=&#8221;dark&#8221; border_style=&#8221;solid&#8221; quote_icon_color=&#8221;#ffffff&#8221;]<\/p>\n<p>The business coaching with Mr. Lauer was a complete success and has undoubtedly brought me further. Especially the competence and the approach impressed me. Only to be recommended!<\/p>\n<p>[\/et_pb_testimonial][\/et_pb_column][et_pb_column type=&#8221;1_3&#8243;][et_pb_testimonial author=&#8221;Yannick Kay&#8221; background_color=&#8221;#1884ba&#8221; quote_icon_background_color=&#8221;#1c9cdb&#8221; _builder_version=&#8221;3.0.75&#8243; url_new_window=&#8221;off&#8221; quote_icon=&#8221;on&#8221; use_background_color=&#8221;on&#8221; background_layout=&#8221;dark&#8221; border_style=&#8221;solid&#8221; quote_icon_color=&#8221;#ffffff&#8221;]<\/p>\n<p>The business coaching with Mr. Lauer was a complete success and has undoubtedly brought me further. Especially the competence and the approach impressed me. Only to be recommended!<\/p>\n<p>[\/et_pb_testimonial][\/et_pb_column][et_pb_column type=&#8221;1_3&#8243;][et_pb_testimonial author=&#8221;Yannick Kay&#8221; background_color=&#8221;#1884ba&#8221; quote_icon_background_color=&#8221;#1c9cdb&#8221; _builder_version=&#8221;3.0.75&#8243; url_new_window=&#8221;off&#8221; quote_icon=&#8221;on&#8221; use_background_color=&#8221;on&#8221; background_layout=&#8221;dark&#8221; border_style=&#8221;solid&#8221; quote_icon_color=&#8221;#ffffff&#8221;]<\/p>\n<p>The business coaching with Mr. Lauer was a complete success and has undoubtedly brought me further. Especially the competence and the approach impressed me. Only to be recommended!<\/p>\n<p>[\/et_pb_testimonial][\/et_pb_column][\/et_pb_row][\/et_pb_section][et_pb_section bb_built=&#8221;1&#8243; _builder_version=&#8221;3.0.47&#8243; custom_padding=&#8221;60px|0px|0px|0px&#8221;][et_pb_row custom_padding=&#8221;30px|0px|0px|0px&#8221; _builder_version=&#8221;3.0.47&#8243; background_size=&#8221;initial&#8221; background_position=&#8221;top_left&#8221; background_repeat=&#8221;repeat&#8221; _i=&#8221;0&#8243; _address=&#8221;2.0&#8243;][et_pb_column type=&#8221;1_3&#8243;][et_pb_image src=&#8221;https:\/\/coaching-lauer.de\/wp-content\/uploads\/2017\/09\/hans-georg-business-coach.jpg&#8221; _builder_version=&#8221;3.0.75&#8243; \/][et_pb_button button_text=&#8221;Arrange a consultation&#8221; _builder_version=&#8221;3.0.75&#8243; button_url=&#8221;\/en\/kontakt&#8221; url_new_window=&#8221;off&#8221; background_layout=&#8221;light&#8221; custom_button=&#8221;off&#8221; button_letter_spacing=&#8221;0&#8243; button_icon_placement=&#8221;right&#8221; button_letter_spacing_hover=&#8221;0&#8243; \/][\/et_pb_column][et_pb_column type=&#8221;2_3&#8243;][et_pb_text _builder_version=&#8221;3.0.75&#8243; background_layout=&#8221;light&#8221; border_style=&#8221;solid&#8221;]<\/p>\n<h2>Team Coaching in Cologne<\/h2>\n<p>Why do some teams work, others do not? Who is suitable as a team leader and which competencies characterize him? Which other roles are needed in the team? How can you, as a <strong>team leader<\/strong>, ensure the right dynamics in the team? In change processes I support you effectively with my team <strong>coaching<\/strong>.<\/p>\n<h2>Teamwork und Cooperation<\/h2>\n<p>But great successes are rarely the work of <strong>individuals<\/strong>. They are based on teamwork and cooperation. Achieving this requires a clear distribution of roles and tasks, a good communication culture and a suitable composition of the team. As an expert in team coaching, I work systemically and solution-oriented, helping you improve your <strong>team performance<\/strong>. Team compilations can be used as well as interviews or moderation techniques. Always empathetic, supportive and equitable.<\/p>\n<p>I offer coaching on leadership topics either in German or English. Together we work out solution proposals for your very specific manager situation. I&#8217;m happy to work in my rooms in Cologne or in your company.<\/p>\n<p><strong>Duration<\/strong>:\u00a03-5 sessions, Mix of team and one-on-one talks, depending on your request.<\/p>\n<p><strong>Costs<\/strong>:\u00a0I will provide you a non-binding estimate for your Outplacement request.<\/p>\n<p>[\/et_pb_text][\/et_pb_column][\/et_pb_row][\/et_pb_section][et_pb_section bb_built=&#8221;1&#8243; _builder_version=&#8221;3.0.75&#8243; custom_padding=&#8221;0px|0px|0px|0px&#8221; global_module=&#8221;5743&#8243;][et_pb_row global_parent=&#8221;5743&#8243; custom_padding=&#8221;28.7188px|0px|0px|0px&#8221; _builder_version=&#8221;3.0.75&#8243;][et_pb_column type=&#8221;1_2&#8243;][et_pb_text global_parent=&#8221;5743&#8243; _builder_version=&#8221;3.0.75&#8243; background_layout=&#8221;light&#8221; border_style=&#8221;solid&#8221;]<\/p>\n<div id=\"tw-target-text-container\" class=\"tw-ta-container tw-nfl\">\n<h2 id=\"tw-target-text\" class=\"tw-data-text tw-ta tw-text-medium\" dir=\"ltr\" data-placeholder=\"\u00dcbersetzung\"><span lang=\"en\">Non-binding coaching request<\/span><\/h2>\n<pre class=\"tw-data-text tw-ta tw-text-medium\" lang=\"en\"><\/pre>\n<\/div>\n<p><strong>Do you have questions about my method or you want to know if we can communicate with each other and I understand your problem?<\/strong><\/p>\n<p>I am glad that you are interested in my coaching. You may contact me on my phone: 0221 29861442.<\/p>\n<p>your sincerely,<\/p>\n<p>Hans-Georg Lauer<\/p>\n<p><img loading=\"lazy\" decoding=\"async\" class=\"wp-image-5076 alignnone size-full\" src=\"https:\/\/coaching-lauer.de\/wp-content\/uploads\/2017\/09\/coaching-lauer-unterschrift.png\" alt=\"\" width=\"250\" height=\"85\" \/><\/p>\n<div class=\"et_pb_row col2-custom\">\n<div class=\"et_pb_column et_pb_column_1_2\"><strong>Coaching in Cologne:<br \/>\n<\/strong>Hans-Georg Lauer<br \/>\nTel.: 0221 29861442<br \/>\nChristophstra\u00dfe 31<br \/>\n50670 Cologne<\/div>\n<div class=\"et_pb_column et_pb_column_1_2\"><strong>Coaching in Bonn:<br \/>\n<\/strong>Hans-Georg Lauer<br \/>\nTel.: 0172 6478000<br \/>\nR\u00fcngsdorfer Stra\u00dfe 1a<br \/>\n53173 Bonn<\/div>\n<\/div>\n<p>[\/et_pb_text][\/et_pb_column][et_pb_column type=&#8221;1_2&#8243;][et_pb_code admin_label=&#8221;Map&#8221; global_parent=&#8221;5743&#8243; _builder_version=&#8221;3.0.75&#8243;]&lt;iframe src=&#8221;https:\/\/www.google.com\/maps\/embed?pb=!1m14!1m8!1m3!1d10055.583969117439!2d6.9433523!3d50.9441365!3m2!1i1024!2i768!4f13.1!3m3!1m2!1s0x0%3A0xf0665aeb3171a092!2sHans-Georg+Lauer+-+Coaching+in+K%C3%B6ln!5e0!3m2!1sde!2sde!4v1498398305016&#8243; width=&#8221;650&#8243; height=&#8221;450&#8243; frameborder=&#8221;0&#8243; style=&#8221;border:0;width:100%;&#8221; allowfullscreen&gt;&lt;\/iframe&gt;[\/et_pb_code][\/et_pb_column][\/et_pb_row][et_pb_row global_parent=&#8221;5743&#8243; _builder_version=&#8221;3.0.75&#8243;][et_pb_column type=&#8221;4_4&#8243;][et_pb_button global_parent=&#8221;5743&#8243; button_url=&#8221;\/en\/kontakt&#8221; button_text=&#8221;Contact form&#8221; button_alignment=&#8221;center&#8221; _builder_version=&#8221;3.0.75&#8243; url_new_window=&#8221;off&#8221; background_layout=&#8221;light&#8221; custom_button=&#8221;off&#8221; button_letter_spacing=&#8221;0&#8243; button_icon_placement=&#8221;right&#8221; button_letter_spacing_hover=&#8221;0&#8243; \/][\/et_pb_column][\/et_pb_row][\/et_pb_section]<\/p>\n","protected":false},"excerpt":{"rendered":"<p><div class=\"et_pb_row et_pb_row_0 et_pb_row_empty\">\n\t\t\t\t\n\t\t\t\t\n\t\t\t\t\n\t\t\t\t\n\t\t\t\t\n\t\t\t<\/div> better organisation through role definition in the team Solve conlicts with in the team Reorganisation and new beginnings in the team Improvement of team communication Leadership of international project teams Fast solutions thanks to management experience Customer opinions about my business coaching Experiences of other business coaching participants: The business coaching with Mr. Lauer [&hellip;]<\/p>\n","protected":false},"author":1,"featured_media":5321,"parent":5920,"menu_order":0,"comment_status":"closed","ping_status":"closed","template":"tmpl-unterseite.php","meta":{"_acf_changed":false,"_et_pb_use_builder":"on","_et_pb_old_content":"","_et_gb_content_width":"","inline_featured_image":false,"footnotes":""},"acf":[],"yoast_head":"<!-- This site is optimized with the Yoast SEO plugin v23.0 - https:\/\/yoast.com\/wordpress\/plugins\/seo\/ -->\n<title>Coaching f\u00fcr Teams | Hans-Georg Lauer<\/title>\n<meta name=\"description\" content=\"Beim Coaching f\u00fcr Teams biete ich Rollenfindung, \u00dcberwindung von Kommunikations-Schw\u00e4chen, Steigerung der Team-Performance und weiteres an.\" \/>\n<meta name=\"robots\" content=\"index, follow, max-snippet:-1, max-image-preview:large, max-video-preview:-1\" \/>\n<link rel=\"canonical\" href=\"https:\/\/coaching-lauer.de\/unternehmen\/coaching-fuer-teams\/\" \/>\n<meta property=\"og:locale\" content=\"en_US\" \/>\n<meta property=\"og:type\" content=\"article\" \/>\n<meta property=\"og:title\" content=\"Coaching f\u00fcr Teams | Hans-Georg Lauer\" \/>\n<meta property=\"og:description\" content=\"Beim Coaching f\u00fcr Teams biete ich Rollenfindung, \u00dcberwindung von Kommunikations-Schw\u00e4chen, Steigerung der Team-Performance und weiteres an.\" \/>\n<meta property=\"og:url\" content=\"https:\/\/coaching-lauer.de\/unternehmen\/coaching-fuer-teams\/\" \/>\n<meta property=\"og:site_name\" content=\"Hans-Georg Lauer\" \/>\n<meta property=\"article:modified_time\" content=\"2017-12-07T10:14:45+00:00\" \/>\n<meta property=\"og:image\" content=\"https:\/\/coaching-lauer.de\/wp-content\/uploads\/PageSlider\/team.jpg\" \/>\n\t<meta property=\"og:image:width\" content=\"3405\" \/>\n\t<meta property=\"og:image:height\" content=\"2266\" \/>\n\t<meta property=\"og:image:type\" content=\"image\/jpeg\" \/>\n<meta name=\"twitter:card\" content=\"summary_large_image\" \/>\n<meta name=\"twitter:label1\" content=\"Est. reading time\" \/>\n\t<meta name=\"twitter:data1\" content=\"7 minutes\" \/>\n<script type=\"application\/ld+json\" class=\"yoast-schema-graph\">{\"@context\":\"https:\/\/schema.org\",\"@graph\":[{\"@type\":\"WebPage\",\"@id\":\"https:\/\/coaching-lauer.de\/unternehmen\/coaching-fuer-teams\/\",\"url\":\"https:\/\/coaching-lauer.de\/unternehmen\/coaching-fuer-teams\/\",\"name\":\"Coaching f\u00fcr Teams | Hans-Georg Lauer\",\"isPartOf\":{\"@id\":\"https:\/\/coaching-lauer.de\/#website\"},\"primaryImageOfPage\":{\"@id\":\"https:\/\/coaching-lauer.de\/unternehmen\/coaching-fuer-teams\/#primaryimage\"},\"image\":{\"@id\":\"https:\/\/coaching-lauer.de\/unternehmen\/coaching-fuer-teams\/#primaryimage\"},\"thumbnailUrl\":\"https:\/\/coaching-lauer.de\/wp-content\/uploads\/PageSlider\/team.jpg\",\"datePublished\":\"2017-09-19T10:03:22+00:00\",\"dateModified\":\"2017-12-07T10:14:45+00:00\",\"description\":\"Beim Coaching f\u00fcr Teams biete ich Rollenfindung, \u00dcberwindung von Kommunikations-Schw\u00e4chen, Steigerung der Team-Performance und weiteres an.\",\"breadcrumb\":{\"@id\":\"https:\/\/coaching-lauer.de\/unternehmen\/coaching-fuer-teams\/#breadcrumb\"},\"inLanguage\":\"en-US\",\"potentialAction\":[{\"@type\":\"ReadAction\",\"target\":[\"https:\/\/coaching-lauer.de\/unternehmen\/coaching-fuer-teams\/\"]}]},{\"@type\":\"ImageObject\",\"inLanguage\":\"en-US\",\"@id\":\"https:\/\/coaching-lauer.de\/unternehmen\/coaching-fuer-teams\/#primaryimage\",\"url\":\"https:\/\/coaching-lauer.de\/wp-content\/uploads\/PageSlider\/team.jpg\",\"contentUrl\":\"https:\/\/coaching-lauer.de\/wp-content\/uploads\/PageSlider\/team.jpg\",\"width\":3405,\"height\":2266,\"caption\":\"Feedback als wichtiges F\u00fchrungsinstrument\"},{\"@type\":\"BreadcrumbList\",\"@id\":\"https:\/\/coaching-lauer.de\/unternehmen\/coaching-fuer-teams\/#breadcrumb\",\"itemListElement\":[{\"@type\":\"ListItem\",\"position\":1,\"name\":\"Startseite\",\"item\":\"https:\/\/coaching-lauer.de\/en\/\"},{\"@type\":\"ListItem\",\"position\":2,\"name\":\"Companies\",\"item\":\"https:\/\/coaching-lauer.de\/unternehmen\/\"},{\"@type\":\"ListItem\",\"position\":3,\"name\":\"Coaching for teams\"}]},{\"@type\":\"WebSite\",\"@id\":\"https:\/\/coaching-lauer.de\/#website\",\"url\":\"https:\/\/coaching-lauer.de\/\",\"name\":\"Hans-Georg Lauer\",\"description\":\"Businesscoaching und Karriere-Kickstart\",\"potentialAction\":[{\"@type\":\"SearchAction\",\"target\":{\"@type\":\"EntryPoint\",\"urlTemplate\":\"https:\/\/coaching-lauer.de\/?s={search_term_string}\"},\"query-input\":\"required name=search_term_string\"}],\"inLanguage\":\"en-US\"}]}<\/script>\n<!-- \/ Yoast SEO plugin. -->","yoast_head_json":{"title":"Coaching f\u00fcr Teams | Hans-Georg Lauer","description":"Beim Coaching f\u00fcr Teams biete ich Rollenfindung, \u00dcberwindung von Kommunikations-Schw\u00e4chen, Steigerung der Team-Performance und weiteres an.","robots":{"index":"index","follow":"follow","max-snippet":"max-snippet:-1","max-image-preview":"max-image-preview:large","max-video-preview":"max-video-preview:-1"},"canonical":"https:\/\/coaching-lauer.de\/unternehmen\/coaching-fuer-teams\/","og_locale":"en_US","og_type":"article","og_title":"Coaching f\u00fcr Teams | Hans-Georg Lauer","og_description":"Beim Coaching f\u00fcr Teams biete ich Rollenfindung, \u00dcberwindung von Kommunikations-Schw\u00e4chen, Steigerung der Team-Performance und weiteres an.","og_url":"https:\/\/coaching-lauer.de\/unternehmen\/coaching-fuer-teams\/","og_site_name":"Hans-Georg Lauer","article_modified_time":"2017-12-07T10:14:45+00:00","og_image":[{"width":3405,"height":2266,"url":"https:\/\/coaching-lauer.de\/wp-content\/uploads\/PageSlider\/team.jpg","type":"image\/jpeg"}],"twitter_card":"summary_large_image","twitter_misc":{"Est. reading time":"7 minutes"},"schema":{"@context":"https:\/\/schema.org","@graph":[{"@type":"WebPage","@id":"https:\/\/coaching-lauer.de\/unternehmen\/coaching-fuer-teams\/","url":"https:\/\/coaching-lauer.de\/unternehmen\/coaching-fuer-teams\/","name":"Coaching f\u00fcr Teams | Hans-Georg Lauer","isPartOf":{"@id":"https:\/\/coaching-lauer.de\/#website"},"primaryImageOfPage":{"@id":"https:\/\/coaching-lauer.de\/unternehmen\/coaching-fuer-teams\/#primaryimage"},"image":{"@id":"https:\/\/coaching-lauer.de\/unternehmen\/coaching-fuer-teams\/#primaryimage"},"thumbnailUrl":"https:\/\/coaching-lauer.de\/wp-content\/uploads\/PageSlider\/team.jpg","datePublished":"2017-09-19T10:03:22+00:00","dateModified":"2017-12-07T10:14:45+00:00","description":"Beim Coaching f\u00fcr Teams biete ich Rollenfindung, \u00dcberwindung von Kommunikations-Schw\u00e4chen, Steigerung der Team-Performance und weiteres an.","breadcrumb":{"@id":"https:\/\/coaching-lauer.de\/unternehmen\/coaching-fuer-teams\/#breadcrumb"},"inLanguage":"en-US","potentialAction":[{"@type":"ReadAction","target":["https:\/\/coaching-lauer.de\/unternehmen\/coaching-fuer-teams\/"]}]},{"@type":"ImageObject","inLanguage":"en-US","@id":"https:\/\/coaching-lauer.de\/unternehmen\/coaching-fuer-teams\/#primaryimage","url":"https:\/\/coaching-lauer.de\/wp-content\/uploads\/PageSlider\/team.jpg","contentUrl":"https:\/\/coaching-lauer.de\/wp-content\/uploads\/PageSlider\/team.jpg","width":3405,"height":2266,"caption":"Feedback als wichtiges F\u00fchrungsinstrument"},{"@type":"BreadcrumbList","@id":"https:\/\/coaching-lauer.de\/unternehmen\/coaching-fuer-teams\/#breadcrumb","itemListElement":[{"@type":"ListItem","position":1,"name":"Startseite","item":"https:\/\/coaching-lauer.de\/en\/"},{"@type":"ListItem","position":2,"name":"Companies","item":"https:\/\/coaching-lauer.de\/unternehmen\/"},{"@type":"ListItem","position":3,"name":"Coaching for teams"}]},{"@type":"WebSite","@id":"https:\/\/coaching-lauer.de\/#website","url":"https:\/\/coaching-lauer.de\/","name":"Hans-Georg Lauer","description":"Businesscoaching und Karriere-Kickstart","potentialAction":[{"@type":"SearchAction","target":{"@type":"EntryPoint","urlTemplate":"https:\/\/coaching-lauer.de\/?s={search_term_string}"},"query-input":"required name=search_term_string"}],"inLanguage":"en-US"}]}},"_links":{"self":[{"href":"https:\/\/coaching-lauer.de\/en\/wp-json\/wp\/v2\/pages\/5945"}],"collection":[{"href":"https:\/\/coaching-lauer.de\/en\/wp-json\/wp\/v2\/pages"}],"about":[{"href":"https:\/\/coaching-lauer.de\/en\/wp-json\/wp\/v2\/types\/page"}],"author":[{"embeddable":true,"href":"https:\/\/coaching-lauer.de\/en\/wp-json\/wp\/v2\/users\/1"}],"replies":[{"embeddable":true,"href":"https:\/\/coaching-lauer.de\/en\/wp-json\/wp\/v2\/comments?post=5945"}],"version-history":[{"count":3,"href":"https:\/\/coaching-lauer.de\/en\/wp-json\/wp\/v2\/pages\/5945\/revisions"}],"predecessor-version":[{"id":5947,"href":"https:\/\/coaching-lauer.de\/en\/wp-json\/wp\/v2\/pages\/5945\/revisions\/5947"}],"up":[{"embeddable":true,"href":"https:\/\/coaching-lauer.de\/en\/wp-json\/wp\/v2\/pages\/5920"}],"wp:featuredmedia":[{"embeddable":true,"href":"https:\/\/coaching-lauer.de\/en\/wp-json\/wp\/v2\/media\/5321"}],"wp:attachment":[{"href":"https:\/\/coaching-lauer.de\/en\/wp-json\/wp\/v2\/media?parent=5945"}],"curies":[{"name":"wp","href":"https:\/\/api.w.org\/{rel}","templated":true}]}}