{"id":5954,"date":"2017-09-19T13:32:29","date_gmt":"2017-09-19T11:32:29","guid":{"rendered":"https:\/\/coaching-lauer.de\/unternehmen\/mediation\/"},"modified":"2024-04-30T11:25:48","modified_gmt":"2024-04-30T09:25:48","slug":"mediation","status":"publish","type":"page","link":"https:\/\/coaching-lauer.de\/en\/unternehmen\/mediation\/","title":{"rendered":"Mediation"},"content":{"rendered":"<p>[et_pb_section fb_built=&#8221;1&#8243; _builder_version=&#8221;4.16&#8243; custom_padding=&#8221;0px|0px|50px|0px&#8221; global_colors_info=&#8221;{}&#8221;][et_pb_row module_class=&#8221;boxen col-2&#8243; _builder_version=&#8221;4.16&#8243; global_colors_info=&#8221;{}&#8221;][et_pb_column type=&#8221;4_4&#8243; _builder_version=&#8221;4.16&#8243; custom_padding=&#8221;|||&#8221; global_colors_info=&#8221;{}&#8221; custom_padding__hover=&#8221;|||&#8221;][et_pb_blurb title=&#8221;Konfliktkommunikation&#8221; use_icon=&#8221;on&#8221; font_icon=&#8221;&#x77;||divi||400&#8243; icon_color=&#8221;#1c9cdb&#8221; icon_placement=&#8221;left&#8221; admin_label=&#8221;Konfliktkommunikation&#8221; _builder_version=&#8221;4.16&#8243; header_font_size=&#8221;22px&#8221; header_line_height=&#8221;1.2em&#8221; custom_padding=&#8221;25px|15px|25px|15px&#8221; border_width_all=&#8221;0px&#8221; border_color_all=&#8221;#cccccc&#8221; border_style_all=&#8221;dashed&#8221; use_border_color=&#8221;on&#8221; border_color=&#8221;#cccccc&#8221; border_style=&#8221;dashed&#8221; use_circle=&#8221;off&#8221; use_circle_border=&#8221;off&#8221; global_colors_info=&#8221;{}&#8221;]Kreative Ans\u00e4tze zur Konfliktl\u00f6sung<br \/>\n[\/et_pb_blurb][et_pb_blurb title=&#8221;Scheinbar un\u00fcberwindbare Differenzen&#8221; use_icon=&#8221;on&#8221; font_icon=&#8221;&#x6c;||divi||400&#8243; icon_color=&#8221;#1c9cdb&#8221; icon_placement=&#8221;left&#8221; admin_label=&#8221;Scheinbar un\u00fcberwindbare Differenzen&#8221; _builder_version=&#8221;4.16&#8243; header_font_size=&#8221;22px&#8221; header_line_height=&#8221;1.2em&#8221; custom_padding=&#8221;25px|15px|25px|15px&#8221; border_width_all=&#8221;0px&#8221; border_color_all=&#8221;#cccccc&#8221; border_style_all=&#8221;dashed&#8221; use_border_color=&#8221;on&#8221; border_color=&#8221;#cccccc&#8221; border_style=&#8221;dashed&#8221; use_circle=&#8221;off&#8221; use_circle_border=&#8221;off&#8221; global_colors_info=&#8221;{}&#8221;]Verbindlicher, schriftlicher Interessenausgleich<br \/>\n[\/et_pb_blurb][et_pb_blurb title=&#8221;Festgefahrene Konflikte&#8221; use_icon=&#8221;on&#8221; font_icon=&#8221;&#xe02d;||divi||400&#8243; icon_color=&#8221;#1c9cdb&#8221; icon_placement=&#8221;left&#8221; admin_label=&#8221;Festgefahrene Konflikte&#8221; _builder_version=&#8221;4.16&#8243; header_font_size=&#8221;22px&#8221; header_line_height=&#8221;1.2em&#8221; custom_padding=&#8221;25px|15px|25px|15px&#8221; border_width_all=&#8221;0px&#8221; border_color_all=&#8221;#cccccc&#8221; border_style_all=&#8221;dashed&#8221; use_border_color=&#8221;on&#8221; border_color=&#8221;#cccccc&#8221; border_style=&#8221;dashed&#8221; use_circle=&#8221;off&#8221; use_circle_border=&#8221;off&#8221; global_colors_info=&#8221;{}&#8221;]Unterst\u00fctzung eines unparteiischen Dritten<br \/>\n[\/et_pb_blurb][et_pb_blurb title=&#8221;Streitigkeiten im Unternehmen&#8221; use_icon=&#8221;on&#8221; font_icon=&#8221;&#x5a;||divi||400&#8243; icon_color=&#8221;#1c9cdb&#8221; icon_placement=&#8221;left&#8221; admin_label=&#8221;Streitigkeiten im Unternehmen&#8221; _builder_version=&#8221;4.16&#8243; header_font_size=&#8221;22px&#8221; header_line_height=&#8221;1.2em&#8221; custom_padding=&#8221;25px|15px|25px|15px&#8221; border_width_all=&#8221;0px&#8221; border_color_all=&#8221;#cccccc&#8221; border_style_all=&#8221;dashed&#8221; use_border_color=&#8221;on&#8221; border_color=&#8221;#cccccc&#8221; border_style=&#8221;dashed&#8221; use_circle=&#8221;off&#8221; use_circle_border=&#8221;off&#8221; global_colors_info=&#8221;{}&#8221;]Erlernen konstruktiver Umgangsformen<br \/>\n[\/et_pb_blurb][\/et_pb_column][\/et_pb_row][\/et_pb_section][et_pb_section fb_built=&#8221;1&#8243; _builder_version=&#8221;4.16&#8243; background_color=&#8221;#1c9cdb&#8221; custom_padding=&#8221;40px|0px|40px|0px&#8221; global_colors_info=&#8221;{}&#8221;][et_pb_row _builder_version=&#8221;4.16&#8243; global_colors_info=&#8221;{}&#8221;][et_pb_column type=&#8221;4_4&#8243; _builder_version=&#8221;4.16&#8243; custom_padding=&#8221;|||&#8221; global_colors_info=&#8221;{}&#8221; custom_padding__hover=&#8221;|||&#8221;][et_pb_text _builder_version=&#8221;4.16&#8243; text_font=&#8221;|on|||&#8221; text_font_size=&#8221;19px&#8221; header_font_size=&#8221;24px&#8221; text_orientation=&#8221;center&#8221; background_layout=&#8221;dark&#8221; module_alignment=&#8221;center&#8221; border_style=&#8221;solid&#8221; global_colors_info=&#8221;{}&#8221;]<\/p>\n<h2><strong>Kundenmeinungen \u00fcber meine Mediation in K\u00f6ln<br \/>\n<\/strong><\/h2>\n<p><b>Erfahrungen von Teilnehmern an meiner Mediation:<\/b><br \/>\n[\/et_pb_text][\/et_pb_column][\/et_pb_row][et_pb_row _builder_version=&#8221;4.16&#8243; global_colors_info=&#8221;{}&#8221; column_structure=&#8221;1_3,1_3,1_3&#8243;][et_pb_column type=&#8221;1_3&#8243; _builder_version=&#8221;4.16&#8243; custom_padding=&#8221;|||&#8221; global_colors_info=&#8221;{}&#8221; custom_padding__hover=&#8221;|||&#8221;][et_pb_testimonial author=&#8221;Yannick Kay&#8221; quote_icon_background_color=&#8221;#1c9cdb&#8221; _builder_version=&#8221;4.16&#8243; background_color=&#8221;#1884ba&#8221; background_layout=&#8221;dark&#8221; border_style=&#8221;solid&#8221; global_colors_info=&#8221;{}&#8221;]Die Mediation bei Herrn Lauer war f\u00fcr uns sehr erfolgreich und hat unser Team zweifelsohne weitergebracht. Besonders die Kompetenz in Konflikt-Themen und die systematische Herangehensweise haben mich beeindruckt. Nur zu empfehlen!<br \/>\n[\/et_pb_testimonial][\/et_pb_column][et_pb_column type=&#8221;1_3&#8243; _builder_version=&#8221;4.16&#8243; custom_padding=&#8221;|||&#8221; global_colors_info=&#8221;{}&#8221; custom_padding__hover=&#8221;|||&#8221;][et_pb_testimonial author=&#8221;Klaus B.&#8221; job_title=&#8221;Inhaber Bauunternehmung Berlin \/ K\u00f6ln&#8221; quote_icon_background_color=&#8221;#1c9cdb&#8221; _builder_version=&#8221;4.16&#8243; background_color=&#8221;#1884ba&#8221; background_layout=&#8221;dark&#8221; border_style=&#8221;solid&#8221; global_colors_info=&#8221;{}&#8221;]Die Mediation mit meinem Mit-Gesellschafter verlief sehr konstruktiv. Das h\u00e4tte ich mir nicht erwartet. Ich bin sehr zufrieden, dasss wir mit Herrn Lauer einen engagierten Partner gefunden haben.<br \/>\n[\/et_pb_testimonial][\/et_pb_column][et_pb_column type=&#8221;1_3&#8243; _builder_version=&#8221;4.16&#8243; custom_padding=&#8221;|||&#8221; global_colors_info=&#8221;{}&#8221; custom_padding__hover=&#8221;|||&#8221;][et_pb_testimonial author=&#8221;Hans-J\u00fcrgen F.&#8221; job_title=&#8221;Gesch\u00e4ftsf\u00fchrer &#8221; company_name=&#8221;Mittelst\u00e4ndisches Software Unternehmen&#8221; quote_icon_background_color=&#8221;#1c9cdb&#8221; _builder_version=&#8221;4.16&#8243; background_color=&#8221;#1884ba&#8221; background_layout=&#8221;dark&#8221; border_style=&#8221;solid&#8221; global_colors_info=&#8221;{}&#8221;]Dank der Arbeit von Herrn Lauer haben wir viel erreicht. Die Konflikte sind deutlich reduziert. Das Arbeiten macht jetzt allen Beteiligten wieder deutlich mehr Spa\u00df.<br \/>\n[\/et_pb_testimonial][\/et_pb_column][\/et_pb_row][\/et_pb_section][et_pb_section fb_built=&#8221;1&#8243; _builder_version=&#8221;4.16&#8243; custom_padding=&#8221;60px|0px|0px|0px&#8221; global_colors_info=&#8221;{}&#8221;][et_pb_row _builder_version=&#8221;4.16&#8243; background_size=&#8221;initial&#8221; background_position=&#8221;top_left&#8221; background_repeat=&#8221;repeat&#8221; custom_padding=&#8221;30px|0px|0px|0px&#8221; global_colors_info=&#8221;{}&#8221; column_structure=&#8221;1_3,2_3&#8243;][et_pb_column type=&#8221;1_3&#8243; _builder_version=&#8221;4.16&#8243; custom_padding=&#8221;|||&#8221; global_colors_info=&#8221;{}&#8221; custom_padding__hover=&#8221;|||&#8221;][et_pb_image src=&#8221;https:\/\/coaching-lauer.de\/wp-content\/uploads\/2017\/09\/hans-georg-business-coach.jpg&#8221; align_tablet=&#8221;center&#8221; align_last_edited=&#8221;on|desktop&#8221; _builder_version=&#8221;4.16&#8243; global_colors_info=&#8221;{}&#8221; align_phone=&#8221;center&#8221;][\/et_pb_image][et_pb_button button_url=&#8221;https:\/\/coaching-lauer.de\/en\/kontakt\/&#8221; button_text=&#8221;Beratung anfordern&#8221; _builder_version=&#8221;4.16&#8243; button_letter_spacing_hover=&#8221;0&#8243; global_colors_info=&#8221;{}&#8221; button_text_size__hover_enabled=&#8221;off&#8221; button_one_text_size__hover_enabled=&#8221;off&#8221; button_two_text_size__hover_enabled=&#8221;off&#8221; button_text_color__hover_enabled=&#8221;off&#8221; button_one_text_color__hover_enabled=&#8221;off&#8221; button_two_text_color__hover_enabled=&#8221;off&#8221; button_border_width__hover_enabled=&#8221;off&#8221; button_one_border_width__hover_enabled=&#8221;off&#8221; button_two_border_width__hover_enabled=&#8221;off&#8221; button_border_color__hover_enabled=&#8221;off&#8221; button_one_border_color__hover_enabled=&#8221;off&#8221; button_two_border_color__hover_enabled=&#8221;off&#8221; button_border_radius__hover_enabled=&#8221;off&#8221; button_one_border_radius__hover_enabled=&#8221;off&#8221; button_two_border_radius__hover_enabled=&#8221;off&#8221; button_letter_spacing__hover_enabled=&#8221;on&#8221; button_letter_spacing__hover=&#8221;0&#8243; button_one_letter_spacing__hover_enabled=&#8221;off&#8221; button_two_letter_spacing__hover_enabled=&#8221;off&#8221; button_bg_color__hover_enabled=&#8221;off&#8221; button_one_bg_color__hover_enabled=&#8221;off&#8221; button_two_bg_color__hover_enabled=&#8221;off&#8221;][\/et_pb_button][\/et_pb_column][et_pb_column type=&#8221;2_3&#8243; _builder_version=&#8221;4.16&#8243; custom_padding=&#8221;|||&#8221; global_colors_info=&#8221;{}&#8221; custom_padding__hover=&#8221;|||&#8221;][et_pb_text _builder_version=&#8221;4.16&#8243; border_style=&#8221;solid&#8221; global_colors_info=&#8221;{}&#8221;]<\/p>\n<h2>Mediation in K\u00f6ln f\u00fcr Unternehmen und f\u00fcr Privatpersonen<\/h2>\n<p>Wie stark belastet Sie ein beruflicher oder privater Konflikt? Was k\u00f6nnen Sie zu seiner L\u00f6sung unternehmen? Wie k\u00f6nnen Sie bei scheinbar unl\u00f6sbaren Problemen im Kreise Ihrer F\u00fchrungskr\u00e4fte, Gesch\u00e4ftsf\u00fchrer oder Gesellschafter zu einem f\u00fcr alle Parteien befriedigenden Interessenausgleich kommen? Wie k\u00f6nnen Probleme, die \u201eunter den Teppich gekehrt\u201c werden, endlich einer L\u00f6sung zugef\u00fchrt werden? Im Rahmen der<strong> Mediation in K\u00f6ln<\/strong> sorge ich daf\u00fcr, dass Ihre F\u00fchrungskr\u00e4fte wieder effektiv auf der Sachebene zusammenarbeiten.<\/p>\n<h2>Was ist Mediation?<\/h2>\n<p>Mediation ist eine au\u00dfergerichtliche Form der Konfliktbew\u00e4ltigung zwischen zwei oder mehr Parteien. Sie funktioniert in Unternehmen genauso wie in Organisationen oder zwischen Individuen.<br \/>Als Mediator erforsche ich die Interessen der beteiligten Parteien und bringe diese miteinander in Einklang. Ich arbeite engagiert und unparteiisch, mit viel Kreativit\u00e4t und Sensitivit\u00e4t an einer f\u00fcr alle Beteiligten fairen L\u00f6sung. Mein Fokus liegt auf der Mediation im Unternehmensbereich. Sowohl in K\u00f6ln als auch im Gro\u00dfraum K\u00f6ln \/ Bonn.<\/p>\n<p>Die Mediation findet auf \u201eneutralem Boden\u201c statt. Sie endet mit einer verbindlichen, schriftlichen Vereinbarung zwischen den Parteien.<\/p>\n<p>Ich biete Ihnen <strong>Mediation in K\u00f6ln<\/strong> zu Konflikt-Themen wahlweise auf Deutsch oder Englisch an. Gemeinsam erarbeiten wir L\u00f6sungsvorschl\u00e4ge f\u00fcr Ihre ganz konkrete Manager Situation. Gern in meinen R\u00e4umen in<strong> K\u00f6ln bzw. Bonn<\/strong> oder in Ihrem Unternehmen, m\u00f6glichst auf \u201eneutralem\u201c Boden. Wenn es f\u00fcr Sie hilfreich ist, k\u00f6nnen wir f\u00fcr kurzfristige Anliegen<strong> online \u00fcber Teams \/ Zoom<\/strong> zusammenarbeiten.<\/p>\n<p>Dauer: 2-4 Termine, abh\u00e4ngig vom Anliegen<\/p>\n<p>Kosten: Ich rechne nach Ist-Stunden ab. Gerne erstelle ich Ihnen auf Anfrage einen unverbindlichen Kostenvoranschlag f\u00fcr Ihr Anliegen.<\/p>\n<p>[\/et_pb_text][\/et_pb_column][\/et_pb_row][\/et_pb_section][et_pb_section fb_built=&#8221;1&#8243; _builder_version=&#8221;3.0.75&#8243; custom_padding=&#8221;0px|0px|0px|0px&#8221; global_module=&#8221;5743&#8243; global_colors_info=&#8221;{}&#8221;][et_pb_row column_structure=&#8221;1_2,1_2&#8243; module_id=&#8221;anfrage&#8221; _builder_version=&#8221;4.16&#8243; custom_padding=&#8221;28.7188px|0px|0px|0px&#8221; global_colors_info=&#8221;{}&#8221;][et_pb_column type=&#8221;1_2&#8243; _builder_version=&#8221;4.16&#8243; custom_padding=&#8221;|||&#8221; global_colors_info=&#8221;{}&#8221; custom_padding__hover=&#8221;|||&#8221;][et_pb_text _builder_version=&#8221;4.23.1&#8243; global_colors_info=&#8221;{}&#8221;]<\/p>\n<h3>Meine Ausbildung<\/h3>\n<p>Mehr zu mir und meiner Erfahrung finden Sie <a href=\"https:\/\/coaching-lauer.de\/ueber-mich\/meine-erfahrung\/\">hier<\/a>.<\/p>\n<p>Haben Sie Fragen zu meiner Vorgehensweise oder wollen wissen, ob ich der richtige <strong>Coach <\/strong>f\u00fcr Ihr Thema bin?<br \/>Ich freue mich \u00fcber Interesse an Coaching in K\u00f6ln. Sie erreichen mich unter <a href=\"tel:01726478000\">+49172-6478000.<\/a><\/p>\n<p>Das <strong>Coaching K\u00f6ln<\/strong> f\u00fchre ich an folgenden Standorten durch:<\/p>\n<ul>\n<li>Online via Zoom \/ Teams<\/li>\n<li>In meinen Coaching-R\u00e4umen: <span>Lindenstra\u00dfe 43, 50674 K\u00f6ln<\/span>, 0221-29861442<\/li>\n<li>Vor Ort in Ihren R\u00e4umlichkeiten<\/li>\n<\/ul>\n<p><img loading=\"lazy\" decoding=\"async\" class=\"wp-image-5076 alignnone size-full\" src=\"https:\/\/coaching-lauer.de\/wp-content\/uploads\/2017\/09\/coaching-lauer-unterschrift.png\" alt=\"\" width=\"250\" height=\"85\" \/><\/p>\n<div class=\"et_pb_row col2-custom\">\n<div class=\"et_pb_column et_pb_column_1_2\"><strong>Coaching in K\u00f6ln:<br \/><\/strong>Hans-Georg Lauer<br \/>Tel.: 0221 29861442<br \/><span>Lindenstra\u00dfe 43,<\/span><br \/><span>50674 K\u00f6ln<\/span><\/div>\n<div class=\"et_pb_column et_pb_column_1_2\"><strong>Coaching in Bonn:<br \/><\/strong>Hans-Georg Lauer<br \/>Tel.:\u00a00228 85041537<br \/>R\u00fcngsdorfer Stra\u00dfe 1a<br \/>53173 Bonn<\/div>\n<\/div>\n<p>[\/et_pb_text][\/et_pb_column][et_pb_column type=&#8221;1_2&#8243; _builder_version=&#8221;4.16&#8243; custom_padding=&#8221;|||&#8221; global_colors_info=&#8221;{}&#8221; custom_padding__hover=&#8221;|||&#8221;][et_pb_code admin_label=&#8221;Map&#8221; _builder_version=&#8221;4.23.1&#8243; global_colors_info=&#8221;{}&#8221;]<iframe loading=\"lazy\" src=\"https:\/\/www.google.com\/maps\/embed?pb=!1m14!1m8!1m3!1d10055.583969117439!2d6.9433523!3d50.9441365!3m2!1i1024!2i768!4f13.1!3m3!1m2!1s0x0%3A0xf0665aeb3171a092!2sHans-Georg+Lauer+-+Coaching+in+K%C3%B6ln!5e0!3m2!1sde!2sde!4v1498398305016\" width=\"650\" height=\"450\" style=\"border:0;width:100%;\" allowfullscreen><\/iframe>[\/et_pb_code][\/et_pb_column][\/et_pb_row][et_pb_row _builder_version=&#8221;4.16&#8243; global_colors_info=&#8221;{}&#8221;][et_pb_column type=&#8221;4_4&#8243; _builder_version=&#8221;4.16&#8243; custom_padding=&#8221;|||&#8221; global_colors_info=&#8221;{}&#8221; custom_padding__hover=&#8221;|||&#8221;][et_pb_button button_url=&#8221;https:\/\/coaching-lauer.de\/en\/kontakt\/&#8221; button_text=&#8221;zum Kontaktformular&#8221; button_alignment=&#8221;center&#8221; _builder_version=&#8221;4.16&#8243; global_colors_info=&#8221;{}&#8221; button_text_size__hover_enabled=&#8221;off&#8221; button_one_text_size__hover_enabled=&#8221;off&#8221; button_two_text_size__hover_enabled=&#8221;off&#8221; button_text_color__hover_enabled=&#8221;off&#8221; button_one_text_color__hover_enabled=&#8221;off&#8221; button_two_text_color__hover_enabled=&#8221;off&#8221; button_border_width__hover_enabled=&#8221;off&#8221; button_one_border_width__hover_enabled=&#8221;off&#8221; button_two_border_width__hover_enabled=&#8221;off&#8221; button_border_color__hover_enabled=&#8221;off&#8221; button_one_border_color__hover_enabled=&#8221;off&#8221; button_two_border_color__hover_enabled=&#8221;off&#8221; button_border_radius__hover_enabled=&#8221;off&#8221; button_one_border_radius__hover_enabled=&#8221;off&#8221; button_two_border_radius__hover_enabled=&#8221;off&#8221; button_letter_spacing__hover_enabled=&#8221;off&#8221; button_one_letter_spacing__hover_enabled=&#8221;off&#8221; button_two_letter_spacing__hover_enabled=&#8221;off&#8221; button_bg_color__hover_enabled=&#8221;off&#8221; button_one_bg_color__hover_enabled=&#8221;off&#8221; button_two_bg_color__hover_enabled=&#8221;off&#8221;][\/et_pb_button][\/et_pb_column][\/et_pb_row][\/et_pb_section]<\/p>\n","protected":false},"excerpt":{"rendered":"<p>Kreative Ans\u00e4tze zur Konfliktl\u00f6sung Verbindlicher, schriftlicher Interessenausgleich Unterst\u00fctzung eines unparteiischen Dritten Erlernen konstruktiver Umgangsformen Kundenmeinungen \u00fcber meine Mediation in K\u00f6ln Erfahrungen von Teilnehmern an meiner Mediation: Die Mediation bei Herrn Lauer war f\u00fcr uns sehr erfolgreich und hat unser Team zweifelsohne weitergebracht. Besonders die Kompetenz in Konflikt-Themen und die systematische Herangehensweise haben mich beeindruckt. Nur [&hellip;]<\/p>\n","protected":false},"author":1,"featured_media":5406,"parent":5920,"menu_order":0,"comment_status":"closed","ping_status":"closed","template":"tmpl-unterseite.php","meta":{"_acf_changed":false,"_et_pb_use_builder":"on","_et_pb_old_content":"","_et_gb_content_width":"","inline_featured_image":false,"footnotes":""},"acf":[],"yoast_head":"<!-- This site is optimized with the Yoast SEO plugin v23.0 - https:\/\/yoast.com\/wordpress\/plugins\/seo\/ -->\n<title>Mediation Coaching K\u00f6ln | Hans-Georg Lauer<\/title>\n<meta name=\"description\" content=\"Ich biete Ihnen Mediations Coaching bei den Themen Konflikt-Kommunikation, scheinbar un\u00fcberwindbare Differenzen, festgefahrene Konflikte und weiteres an.\" \/>\n<meta name=\"robots\" content=\"index, follow, max-snippet:-1, max-image-preview:large, max-video-preview:-1\" \/>\n<link rel=\"canonical\" href=\"https:\/\/coaching-lauer.de\/unternehmen\/mediation\/\" \/>\n<meta property=\"og:locale\" content=\"en_US\" \/>\n<meta property=\"og:type\" content=\"article\" \/>\n<meta property=\"og:title\" content=\"Mediation Coaching K\u00f6ln | Hans-Georg Lauer\" \/>\n<meta property=\"og:description\" content=\"Ich biete Ihnen Mediations Coaching bei den Themen Konflikt-Kommunikation, scheinbar un\u00fcberwindbare Differenzen, festgefahrene Konflikte und weiteres an.\" \/>\n<meta property=\"og:url\" content=\"https:\/\/coaching-lauer.de\/unternehmen\/mediation\/\" \/>\n<meta property=\"og:site_name\" content=\"Hans-Georg Lauer\" \/>\n<meta property=\"article:modified_time\" content=\"2024-04-30T09:25:48+00:00\" \/>\n<meta property=\"og:image\" content=\"https:\/\/coaching-lauer.de\/wp-content\/uploads\/PageSlider\/meditation.jpg\" \/>\n\t<meta property=\"og:image:width\" content=\"3405\" \/>\n\t<meta property=\"og:image:height\" content=\"1913\" \/>\n\t<meta property=\"og:image:type\" content=\"image\/jpeg\" \/>\n<meta name=\"twitter:card\" content=\"summary_large_image\" \/>\n<meta name=\"twitter:label1\" content=\"Est. reading time\" \/>\n\t<meta name=\"twitter:data1\" content=\"9 minutes\" \/>\n<script type=\"application\/ld+json\" class=\"yoast-schema-graph\">{\"@context\":\"https:\/\/schema.org\",\"@graph\":[{\"@type\":\"WebPage\",\"@id\":\"https:\/\/coaching-lauer.de\/unternehmen\/mediation\/\",\"url\":\"https:\/\/coaching-lauer.de\/unternehmen\/mediation\/\",\"name\":\"Mediation Coaching K\u00f6ln | Hans-Georg Lauer\",\"isPartOf\":{\"@id\":\"https:\/\/coaching-lauer.de\/#website\"},\"primaryImageOfPage\":{\"@id\":\"https:\/\/coaching-lauer.de\/unternehmen\/mediation\/#primaryimage\"},\"image\":{\"@id\":\"https:\/\/coaching-lauer.de\/unternehmen\/mediation\/#primaryimage\"},\"thumbnailUrl\":\"https:\/\/coaching-lauer.de\/wp-content\/uploads\/PageSlider\/meditation.jpg\",\"datePublished\":\"2017-09-19T11:32:29+00:00\",\"dateModified\":\"2024-04-30T09:25:48+00:00\",\"description\":\"Ich biete Ihnen Mediations Coaching bei den Themen Konflikt-Kommunikation, scheinbar un\u00fcberwindbare Differenzen, festgefahrene Konflikte und weiteres an.\",\"breadcrumb\":{\"@id\":\"https:\/\/coaching-lauer.de\/unternehmen\/mediation\/#breadcrumb\"},\"inLanguage\":\"en-US\",\"potentialAction\":[{\"@type\":\"ReadAction\",\"target\":[\"https:\/\/coaching-lauer.de\/unternehmen\/mediation\/\"]}]},{\"@type\":\"ImageObject\",\"inLanguage\":\"en-US\",\"@id\":\"https:\/\/coaching-lauer.de\/unternehmen\/mediation\/#primaryimage\",\"url\":\"https:\/\/coaching-lauer.de\/wp-content\/uploads\/PageSlider\/meditation.jpg\",\"contentUrl\":\"https:\/\/coaching-lauer.de\/wp-content\/uploads\/PageSlider\/meditation.jpg\",\"width\":3405,\"height\":1913,\"caption\":\"Change Management als Tool, um Ver\u00e4nderungen erfolgreich zu bew\u00e4ltigen\"},{\"@type\":\"BreadcrumbList\",\"@id\":\"https:\/\/coaching-lauer.de\/unternehmen\/mediation\/#breadcrumb\",\"itemListElement\":[{\"@type\":\"ListItem\",\"position\":1,\"name\":\"Startseite\",\"item\":\"https:\/\/coaching-lauer.de\/en\/\"},{\"@type\":\"ListItem\",\"position\":2,\"name\":\"Companies\",\"item\":\"https:\/\/coaching-lauer.de\/unternehmen\/\"},{\"@type\":\"ListItem\",\"position\":3,\"name\":\"Mediation\"}]},{\"@type\":\"WebSite\",\"@id\":\"https:\/\/coaching-lauer.de\/#website\",\"url\":\"https:\/\/coaching-lauer.de\/\",\"name\":\"Hans-Georg Lauer\",\"description\":\"Businesscoaching und Karriere-Kickstart\",\"potentialAction\":[{\"@type\":\"SearchAction\",\"target\":{\"@type\":\"EntryPoint\",\"urlTemplate\":\"https:\/\/coaching-lauer.de\/?s={search_term_string}\"},\"query-input\":\"required name=search_term_string\"}],\"inLanguage\":\"en-US\"}]}<\/script>\n<!-- \/ Yoast SEO plugin. -->","yoast_head_json":{"title":"Mediation Coaching K\u00f6ln | Hans-Georg Lauer","description":"Ich biete Ihnen Mediations Coaching bei den Themen Konflikt-Kommunikation, scheinbar un\u00fcberwindbare Differenzen, festgefahrene Konflikte und weiteres an.","robots":{"index":"index","follow":"follow","max-snippet":"max-snippet:-1","max-image-preview":"max-image-preview:large","max-video-preview":"max-video-preview:-1"},"canonical":"https:\/\/coaching-lauer.de\/unternehmen\/mediation\/","og_locale":"en_US","og_type":"article","og_title":"Mediation Coaching K\u00f6ln | Hans-Georg Lauer","og_description":"Ich biete Ihnen Mediations Coaching bei den Themen Konflikt-Kommunikation, scheinbar un\u00fcberwindbare Differenzen, festgefahrene Konflikte und weiteres an.","og_url":"https:\/\/coaching-lauer.de\/unternehmen\/mediation\/","og_site_name":"Hans-Georg Lauer","article_modified_time":"2024-04-30T09:25:48+00:00","og_image":[{"width":3405,"height":1913,"url":"https:\/\/coaching-lauer.de\/wp-content\/uploads\/PageSlider\/meditation.jpg","type":"image\/jpeg"}],"twitter_card":"summary_large_image","twitter_misc":{"Est. reading time":"9 minutes"},"schema":{"@context":"https:\/\/schema.org","@graph":[{"@type":"WebPage","@id":"https:\/\/coaching-lauer.de\/unternehmen\/mediation\/","url":"https:\/\/coaching-lauer.de\/unternehmen\/mediation\/","name":"Mediation Coaching K\u00f6ln | Hans-Georg Lauer","isPartOf":{"@id":"https:\/\/coaching-lauer.de\/#website"},"primaryImageOfPage":{"@id":"https:\/\/coaching-lauer.de\/unternehmen\/mediation\/#primaryimage"},"image":{"@id":"https:\/\/coaching-lauer.de\/unternehmen\/mediation\/#primaryimage"},"thumbnailUrl":"https:\/\/coaching-lauer.de\/wp-content\/uploads\/PageSlider\/meditation.jpg","datePublished":"2017-09-19T11:32:29+00:00","dateModified":"2024-04-30T09:25:48+00:00","description":"Ich biete Ihnen Mediations Coaching bei den Themen Konflikt-Kommunikation, scheinbar un\u00fcberwindbare Differenzen, festgefahrene Konflikte und weiteres an.","breadcrumb":{"@id":"https:\/\/coaching-lauer.de\/unternehmen\/mediation\/#breadcrumb"},"inLanguage":"en-US","potentialAction":[{"@type":"ReadAction","target":["https:\/\/coaching-lauer.de\/unternehmen\/mediation\/"]}]},{"@type":"ImageObject","inLanguage":"en-US","@id":"https:\/\/coaching-lauer.de\/unternehmen\/mediation\/#primaryimage","url":"https:\/\/coaching-lauer.de\/wp-content\/uploads\/PageSlider\/meditation.jpg","contentUrl":"https:\/\/coaching-lauer.de\/wp-content\/uploads\/PageSlider\/meditation.jpg","width":3405,"height":1913,"caption":"Change Management als Tool, um Ver\u00e4nderungen erfolgreich zu bew\u00e4ltigen"},{"@type":"BreadcrumbList","@id":"https:\/\/coaching-lauer.de\/unternehmen\/mediation\/#breadcrumb","itemListElement":[{"@type":"ListItem","position":1,"name":"Startseite","item":"https:\/\/coaching-lauer.de\/en\/"},{"@type":"ListItem","position":2,"name":"Companies","item":"https:\/\/coaching-lauer.de\/unternehmen\/"},{"@type":"ListItem","position":3,"name":"Mediation"}]},{"@type":"WebSite","@id":"https:\/\/coaching-lauer.de\/#website","url":"https:\/\/coaching-lauer.de\/","name":"Hans-Georg Lauer","description":"Businesscoaching und Karriere-Kickstart","potentialAction":[{"@type":"SearchAction","target":{"@type":"EntryPoint","urlTemplate":"https:\/\/coaching-lauer.de\/?s={search_term_string}"},"query-input":"required name=search_term_string"}],"inLanguage":"en-US"}]}},"_links":{"self":[{"href":"https:\/\/coaching-lauer.de\/en\/wp-json\/wp\/v2\/pages\/5954"}],"collection":[{"href":"https:\/\/coaching-lauer.de\/en\/wp-json\/wp\/v2\/pages"}],"about":[{"href":"https:\/\/coaching-lauer.de\/en\/wp-json\/wp\/v2\/types\/page"}],"author":[{"embeddable":true,"href":"https:\/\/coaching-lauer.de\/en\/wp-json\/wp\/v2\/users\/1"}],"replies":[{"embeddable":true,"href":"https:\/\/coaching-lauer.de\/en\/wp-json\/wp\/v2\/comments?post=5954"}],"version-history":[{"count":6,"href":"https:\/\/coaching-lauer.de\/en\/wp-json\/wp\/v2\/pages\/5954\/revisions"}],"predecessor-version":[{"id":6925,"href":"https:\/\/coaching-lauer.de\/en\/wp-json\/wp\/v2\/pages\/5954\/revisions\/6925"}],"up":[{"embeddable":true,"href":"https:\/\/coaching-lauer.de\/en\/wp-json\/wp\/v2\/pages\/5920"}],"wp:featuredmedia":[{"embeddable":true,"href":"https:\/\/coaching-lauer.de\/en\/wp-json\/wp\/v2\/media\/5406"}],"wp:attachment":[{"href":"https:\/\/coaching-lauer.de\/en\/wp-json\/wp\/v2\/media?parent=5954"}],"curies":[{"name":"wp","href":"https:\/\/api.w.org\/{rel}","templated":true}]}}