{"id":5973,"date":"2017-09-19T11:55:20","date_gmt":"2017-09-19T09:55:20","guid":{"rendered":"https:\/\/coaching-lauer.de\/faq\/"},"modified":"2017-11-30T09:45:09","modified_gmt":"2017-11-30T08:45:09","slug":"faq","status":"publish","type":"page","link":"https:\/\/coaching-lauer.de\/en\/faq\/","title":{"rendered":"FAQ"},"content":{"rendered":"<p>[et_pb_section bb_built=&#8221;1&#8243;][et_pb_row][et_pb_column type=&#8221;4_4&#8243;][et_pb_accordion _builder_version=&#8221;3.0.75&#8243; open_toggle_text_color=&#8221;#ffffff&#8221; open_toggle_background_color=&#8221;#1992d6&#8243; border_style=&#8221;solid&#8221;] [et_pb_accordion_item _builder_version=&#8221;3.0.75&#8243; title=&#8221;What is Coaching?&#8221; use_background_color_gradient=&#8221;off&#8221; background_color_gradient_start=&#8221;#2b87da&#8221; background_color_gradient_end=&#8221;#29c4a9&#8243; background_color_gradient_type=&#8221;linear&#8221; background_color_gradient_direction=&#8221;180deg&#8221; background_color_gradient_direction_radial=&#8221;center&#8221; background_color_gradient_start_position=&#8221;0%&#8221; background_color_gradient_end_position=&#8221;100%&#8221; parallax=&#8221;off&#8221; parallax_method=&#8221;on&#8221; background_size=&#8221;cover&#8221; background_position=&#8221;center&#8221; background_repeat=&#8221;no-repeat&#8221; background_blend=&#8221;normal&#8221; allow_player_pause=&#8221;off&#8221; text_orientation=&#8221;left&#8221; module_alignment=&#8221;left&#8221; background_color=&#8221;#ffffff&#8221;]<\/p>\n<div id=\"1483006673032-38c5949a-9e33\" class=\"vc_tta-panel vc_active\" data-vc-content=\".vc_tta-panel-body\">\n<div class=\"vc_tta-panel-body\">\n<div class=\"wpb_text_column wpb_content_element \">\n<div class=\"wpb_wrapper\">\n<p>As a form of professional counseling, coaching helps my clients to maintain and improve their performance, both for themselves and for the company, the authority or administration (professional coaching) or for the family (private coaching).\u00a0<strong>The individual development goals<\/strong>\u00a0of my clients are focused on their professional or private interests.<\/p>\n<\/div>\n<\/div>\n<\/div>\n<\/div>\n<div id=\"1483006673084-8258c7ed-af69\" class=\"vc_tta-panel\" data-vc-content=\".vc_tta-panel-body\"><\/div>\n<p>[\/et_pb_accordion_item][et_pb_accordion_item _builder_version=&#8221;3.0.75&#8243; title=&#8221;What is Coaching in your point of view?&#8221; use_background_color_gradient=&#8221;off&#8221; background_color_gradient_start=&#8221;#2b87da&#8221; background_color_gradient_end=&#8221;#29c4a9&#8243; background_color_gradient_type=&#8221;linear&#8221; background_color_gradient_direction=&#8221;180deg&#8221; background_color_gradient_direction_radial=&#8221;center&#8221; background_color_gradient_start_position=&#8221;0%&#8221; background_color_gradient_end_position=&#8221;100%&#8221; parallax=&#8221;off&#8221; parallax_method=&#8221;on&#8221; background_size=&#8221;cover&#8221; background_position=&#8221;center&#8221; background_repeat=&#8221;no-repeat&#8221; background_blend=&#8221;normal&#8221; allow_player_pause=&#8221;off&#8221; text_orientation=&#8221;left&#8221; module_alignment=&#8221;left&#8221;]<\/p>\n<div id=\"1483006673084-8258c7ed-af69\" class=\"vc_tta-panel vc_active\" data-vc-content=\".vc_tta-panel-body\">\n<div class=\"vc_tta-panel-body\">\n<div class=\"wpb_text_column wpb_content_element \">\n<div class=\"wpb_wrapper\">\n<p>In coaching I encourage my clients to develop their\u00a0<strong>own solutions<\/strong>\u00a0that fit their situation and personality. There is no solution \u201coff the shelf\u201d. My client learns to recognize and solve his problems independently. By means of\u00a0<strong>coaching<\/strong>, I would like to enable my clients to develop their attitudes and behaviors in such a way that they can achieve effective results and use new problem-solving techniques in the future (= help for self-help).<\/p>\n<\/div>\n<\/div>\n<\/div>\n<\/div>\n<div id=\"1483006865913-9b747dea-91db\" class=\"vc_tta-panel\" data-vc-content=\".vc_tta-panel-body\"><\/div>\n<p>[\/et_pb_accordion_item][et_pb_accordion_item _builder_version=&#8221;3.0.75&#8243; title=&#8221;How does Coaching work?&#8221; use_background_color_gradient=&#8221;off&#8221; background_color_gradient_start=&#8221;#2b87da&#8221; background_color_gradient_end=&#8221;#29c4a9&#8243; background_color_gradient_type=&#8221;linear&#8221; background_color_gradient_direction=&#8221;180deg&#8221; background_color_gradient_direction_radial=&#8221;center&#8221; background_color_gradient_start_position=&#8221;0%&#8221; background_color_gradient_end_position=&#8221;100%&#8221; parallax=&#8221;off&#8221; parallax_method=&#8221;on&#8221; background_size=&#8221;cover&#8221; background_position=&#8221;center&#8221; background_repeat=&#8221;no-repeat&#8221; background_blend=&#8221;normal&#8221; allow_player_pause=&#8221;off&#8221; text_orientation=&#8221;left&#8221; module_alignment=&#8221;left&#8221;]<\/p>\n<div id=\"1483006865913-9b747dea-91db\" class=\"vc_tta-panel vc_active\" data-vc-content=\".vc_tta-panel-body\">\n<div class=\"vc_tta-panel-body\">\n<div class=\"wpb_text_column wpb_content_element \">\n<div class=\"wpb_wrapper\">\n<p>In addition to the use of scientifically based methods, coaching remains a very strong <strong>personal service<\/strong> . I always experience that the relationship to my client is very important. By actively listening and providing a good and reliable <strong>relationship<\/strong> to the coachee, I am creating an essential prerequisite for the success of the change process.<\/p>\n<\/div>\n<\/div>\n<\/div>\n<\/div>\n<p>[\/et_pb_accordion_item][et_pb_accordion_item _builder_version=&#8221;3.0.75&#8243; title=&#8221;How to develop new attitudes and behavior through coaching?&#8221; use_background_color_gradient=&#8221;off&#8221; background_color_gradient_start=&#8221;#2b87da&#8221; background_color_gradient_end=&#8221;#29c4a9&#8243; background_color_gradient_type=&#8221;linear&#8221; background_color_gradient_direction=&#8221;180deg&#8221; background_color_gradient_direction_radial=&#8221;center&#8221; background_color_gradient_start_position=&#8221;0%&#8221; background_color_gradient_end_position=&#8221;100%&#8221; parallax=&#8221;off&#8221; parallax_method=&#8221;on&#8221; background_size=&#8221;cover&#8221; background_position=&#8221;center&#8221; background_repeat=&#8221;no-repeat&#8221; background_blend=&#8221;normal&#8221; allow_player_pause=&#8221;off&#8221; text_orientation=&#8221;left&#8221; module_alignment=&#8221;left&#8221;]<\/p>\n<div id=\"1483006939145-8db5f9e8-46e9\" class=\"vc_tta-panel vc_active\" data-vc-content=\".vc_tta-panel-body\">\n<div class=\"vc_tta-panel-body\">\n<div class=\"wpb_text_column wpb_content_element \">\n<div class=\"wpb_wrapper\">\n<p>In coaching, I offer my clients a \u201csafe\u201d space for <strong>change<\/strong> . I am trying to improve new things and apply them with myself. Together, we look at the <strong>strengths<\/strong> (i.e the talents and competencies) and examine how the client can use his strengths even more intensively.<\/p>\n<\/div>\n<\/div>\n<\/div>\n<\/div>\n<div id=\"1483007009826-6e30ac1c-6f0a\" class=\"vc_tta-panel\" data-vc-content=\".vc_tta-panel-body\"><\/div>\n<p>[\/et_pb_accordion_item][et_pb_accordion_item _builder_version=&#8221;3.0.75&#8243; title=&#8221;What is a typical coaching process?&#8221; use_background_color_gradient=&#8221;off&#8221; background_color_gradient_start=&#8221;#2b87da&#8221; background_color_gradient_end=&#8221;#29c4a9&#8243; background_color_gradient_type=&#8221;linear&#8221; background_color_gradient_direction=&#8221;180deg&#8221; background_color_gradient_direction_radial=&#8221;center&#8221; background_color_gradient_start_position=&#8221;0%&#8221; background_color_gradient_end_position=&#8221;100%&#8221; parallax=&#8221;off&#8221; parallax_method=&#8221;on&#8221; background_size=&#8221;cover&#8221; background_position=&#8221;center&#8221; background_repeat=&#8221;no-repeat&#8221; background_blend=&#8221;normal&#8221; allow_player_pause=&#8221;off&#8221; text_orientation=&#8221;left&#8221; module_alignment=&#8221;left&#8221;]<\/p>\n<div class=\"vc_col-sm-6 wpb_column column_container \" data-animation=\"\" data-delay=\"0\">\n<div class=\"wpb_wrapper\">\n<div id=\"1483007009826-6e30ac1c-6f0a\" class=\"vc_tta-panel vc_active\" data-vc-content=\".vc_tta-panel-body\">\n<div class=\"wpb_text_column wpb_content_element \">\n<div class=\"wpb_wrapper\">\n<p>More about my\u00a0<strong>coaching process\u00a0<\/strong>can be found at\u00a0<a href=\"\/ueber-mich\/meine-arbeitsweise\/\">How i work<\/a>. It is important to me that my clients come to action and work on the implementation according to the principle \u201ctry something and see if it works\u201d.<\/p>\n<\/div>\n<\/div>\n<\/div>\n<\/div>\n<\/div>\n<p>[\/et_pb_accordion_item][et_pb_accordion_item _builder_version=&#8221;3.0.75&#8243; title=&#8221;Who can benefit from coaching?&#8221; use_background_color_gradient=&#8221;off&#8221; background_color_gradient_start=&#8221;#2b87da&#8221; background_color_gradient_end=&#8221;#29c4a9&#8243; background_color_gradient_type=&#8221;linear&#8221; background_color_gradient_direction=&#8221;180deg&#8221; background_color_gradient_direction_radial=&#8221;center&#8221; background_color_gradient_start_position=&#8221;0%&#8221; background_color_gradient_end_position=&#8221;100%&#8221; parallax=&#8221;off&#8221; parallax_method=&#8221;on&#8221; background_size=&#8221;cover&#8221; background_position=&#8221;center&#8221; background_repeat=&#8221;no-repeat&#8221; background_blend=&#8221;normal&#8221; allow_player_pause=&#8221;off&#8221; text_orientation=&#8221;left&#8221; module_alignment=&#8221;left&#8221;]<\/p>\n<div id=\"1483006686311-71fe4c17-7a5c\" class=\"vc_tta-panel vc_active\" data-vc-content=\".vc_tta-panel-body\">\n<div class=\"vc_tta-panel-body\">\n<div class=\"wpb_text_column wpb_content_element \">\n<div class=\"wpb_wrapper\">\n<p>You will then benefit from coaching when you open up and fully engage in the coaching process. People with a motivated, critical level of learning are the most effective in coaching.<\/p>\n<\/div>\n<\/div>\n<\/div>\n<\/div>\n<p>[\/et_pb_accordion_item][et_pb_accordion_item _builder_version=&#8221;3.0.75&#8243; title=&#8221;What makes a coach good?&#8221; use_background_color_gradient=&#8221;off&#8221; background_color_gradient_start=&#8221;#2b87da&#8221; background_color_gradient_end=&#8221;#29c4a9&#8243; background_color_gradient_type=&#8221;linear&#8221; background_color_gradient_direction=&#8221;180deg&#8221; background_color_gradient_direction_radial=&#8221;center&#8221; background_color_gradient_start_position=&#8221;0%&#8221; background_color_gradient_end_position=&#8221;100%&#8221; parallax=&#8221;off&#8221; parallax_method=&#8221;on&#8221; background_size=&#8221;cover&#8221; background_position=&#8221;center&#8221; background_repeat=&#8221;no-repeat&#8221; background_blend=&#8221;normal&#8221; allow_player_pause=&#8221;off&#8221; text_orientation=&#8221;left&#8221; module_alignment=&#8221;left&#8221;]<\/p>\n<div id=\"1483006686380-a507b1c1-571b\" class=\"vc_tta-panel vc_active\" data-vc-content=\".vc_tta-panel-body\">\n<div class=\"vc_tta-panel-body\">\n<div class=\"wpb_text_column wpb_content_element \">\n<div class=\"wpb_wrapper\">\n<p>The European Coaching Association has developed a list of <strong>criteria<\/strong> that I consider useful to determine the professionalism of a coach. These include: a <strong>professional coaching<\/strong> training, a social sciences degree, several years of professional experience as a coach, a good methodological knowledge, criticism and integrity. In addition to these \u201chard facts\u201d, it is crucial, in my experience, that the <strong>coach<\/strong> is always in a position to adapt to his clients\u2019 needs.<\/p>\n<\/div>\n<\/div>\n<\/div>\n<\/div>\n<p>[\/et_pb_accordion_item][et_pb_accordion_item _builder_version=&#8221;3.0.75&#8243; title=&#8221;What methods do you use for coaching?&#8221; use_background_color_gradient=&#8221;off&#8221; background_color_gradient_start=&#8221;#2b87da&#8221; background_color_gradient_end=&#8221;#29c4a9&#8243; background_color_gradient_type=&#8221;linear&#8221; background_color_gradient_direction=&#8221;180deg&#8221; background_color_gradient_direction_radial=&#8221;center&#8221; background_color_gradient_start_position=&#8221;0%&#8221; background_color_gradient_end_position=&#8221;100%&#8221; parallax=&#8221;off&#8221; parallax_method=&#8221;on&#8221; background_size=&#8221;cover&#8221; background_position=&#8221;center&#8221; background_repeat=&#8221;no-repeat&#8221; background_blend=&#8221;normal&#8221; allow_player_pause=&#8221;off&#8221; text_orientation=&#8221;left&#8221; module_alignment=&#8221;left&#8221;]<\/p>\n<div id=\"1483007170795-d1ee74eb-122d\" class=\"vc_tta-panel vc_active\" data-vc-content=\".vc_tta-panel-body\">\n<div class=\"vc_tta-panel-body\">\n<div class=\"wpb_text_column wpb_content_element \">\n<div class=\"wpb_wrapper\">\n<p>I work with a mix of different <strong>methods<\/strong> that have one thing in common: they are mostly <strong>scientifically<\/strong> based: solution-focused coaching, working with beliefs, tetralemma for decisions, experiential learning, mediation in conflicts, and other methods.<\/p>\n<\/div>\n<\/div>\n<\/div>\n<\/div>\n<p>[\/et_pb_accordion_item][et_pb_accordion_item _builder_version=&#8221;3.0.75&#8243; title=&#8221;What is the difference between you and other coaches?&#8221; use_background_color_gradient=&#8221;off&#8221; background_color_gradient_start=&#8221;#2b87da&#8221; background_color_gradient_end=&#8221;#29c4a9&#8243; background_color_gradient_type=&#8221;linear&#8221; background_color_gradient_direction=&#8221;180deg&#8221; background_color_gradient_direction_radial=&#8221;center&#8221; background_color_gradient_start_position=&#8221;0%&#8221; background_color_gradient_end_position=&#8221;100%&#8221; parallax=&#8221;off&#8221; parallax_method=&#8221;on&#8221; background_size=&#8221;cover&#8221; background_position=&#8221;center&#8221; background_repeat=&#8221;no-repeat&#8221; background_blend=&#8221;normal&#8221; allow_player_pause=&#8221;off&#8221; text_orientation=&#8221;left&#8221; module_alignment=&#8221;left&#8221;]<\/p>\n<div id=\"1483007236574-c363f8ed-fe3d\" class=\"vc_tta-panel vc_active\" data-vc-content=\".vc_tta-panel-body\">\n<div class=\"vc_tta-panel-body\">\n<div class=\"wpb_text_column wpb_content_element \">\n<div class=\"wpb_wrapper\">\n<p>Coaching is, according to my opinion, based on three pillars: the professional, the psychological and, what characterizes me: my double <strong>education<\/strong>. I am a graduate in business administration and a graduate psychologist, and have 20 years of international management <strong>experience<\/strong>. These are the facts. Everything else you decide in personal dialogue with me. I offer you a preliminary talk so that you can get to know me and my coaching style.<\/p>\n<\/div>\n<\/div>\n<\/div>\n<\/div>\n<p>[\/et_pb_accordion_item][et_pb_accordion_item _builder_version=&#8221;3.0.75&#8243; title=&#8221;Where do i find the right coach?&#8221; use_background_color_gradient=&#8221;off&#8221; background_color_gradient_start=&#8221;#2b87da&#8221; background_color_gradient_end=&#8221;#29c4a9&#8243; background_color_gradient_type=&#8221;linear&#8221; background_color_gradient_direction=&#8221;180deg&#8221; background_color_gradient_direction_radial=&#8221;center&#8221; background_color_gradient_start_position=&#8221;0%&#8221; background_color_gradient_end_position=&#8221;100%&#8221; parallax=&#8221;off&#8221; parallax_method=&#8221;on&#8221; background_size=&#8221;cover&#8221; background_position=&#8221;center&#8221; background_repeat=&#8221;no-repeat&#8221; background_blend=&#8221;normal&#8221; allow_player_pause=&#8221;off&#8221; text_orientation=&#8221;left&#8221; module_alignment=&#8221;left&#8221;]<\/p>\n<p>Since the professional title \u201cCoach\u201d has so far not been protected by law, the range of providers is also great. Here I refer to the <strong>coaching associations<\/strong>, which ensure a quality assurance in the market. I myself am a certified member of the German Coaching Association DCV e.V., which has long stood for <strong>quality<\/strong> in coaching.<\/p>\n<p>[\/et_pb_accordion_item] [\/et_pb_accordion][\/et_pb_column][\/et_pb_row][\/et_pb_section]<\/p>\n","protected":false},"excerpt":{"rendered":"<p><div class=\"et_pb_row et_pb_row_0 et_pb_row_empty\">\n\t\t\t\t\n\t\t\t\t\n\t\t\t\t\n\t\t\t\t\n\t\t\t\t\n\t\t\t<\/div> As a form of professional counseling, coaching helps my clients to maintain and improve their performance, both for themselves and for the company, the authority or administration (professional coaching) or for the family (private coaching).\u00a0The individual development goals\u00a0of my clients are focused on their professional or private interests. In coaching I encourage my clients [&hellip;]<\/p>\n","protected":false},"author":1,"featured_media":5496,"parent":0,"menu_order":0,"comment_status":"closed","ping_status":"closed","template":"tmpl-unterseite.php","meta":{"_acf_changed":false,"_et_pb_use_builder":"on","_et_pb_old_content":"","_et_gb_content_width":"","inline_featured_image":false,"footnotes":""},"acf":[],"yoast_head":"<!-- This site is optimized with the Yoast SEO plugin v23.0 - https:\/\/yoast.com\/wordpress\/plugins\/seo\/ -->\n<title>H\u00e4ufig gestellte Fragen zu Coaching | Hans-Georg Lauer<\/title>\n<meta name=\"description\" content=\"Wir beantworten Ihre h\u00e4ufig gestellten Fragen rund um das Thema Coaching kompetent. Bei weiteren Fragen k\u00f6nnen Sie gerne Kontakt zu uns aufnehmen!\" \/>\n<meta name=\"robots\" content=\"index, follow, max-snippet:-1, max-image-preview:large, max-video-preview:-1\" \/>\n<link rel=\"canonical\" href=\"https:\/\/coaching-lauer.de\/faq\/\" \/>\n<meta property=\"og:locale\" content=\"en_US\" \/>\n<meta property=\"og:type\" content=\"article\" \/>\n<meta property=\"og:title\" content=\"H\u00e4ufig gestellte Fragen zu Coaching | Hans-Georg Lauer\" \/>\n<meta property=\"og:description\" content=\"Wir beantworten Ihre h\u00e4ufig gestellten Fragen rund um das Thema Coaching kompetent. Bei weiteren Fragen k\u00f6nnen Sie gerne Kontakt zu uns aufnehmen!\" \/>\n<meta property=\"og:url\" content=\"https:\/\/coaching-lauer.de\/faq\/\" \/>\n<meta property=\"og:site_name\" content=\"Hans-Georg Lauer\" \/>\n<meta property=\"article:modified_time\" content=\"2017-11-30T08:45:09+00:00\" \/>\n<meta property=\"og:image\" content=\"https:\/\/coaching-lauer.de\/wp-content\/uploads\/2017\/09\/faq.jpg\" \/>\n\t<meta property=\"og:image:width\" content=\"3405\" \/>\n\t<meta property=\"og:image:height\" content=\"2034\" \/>\n\t<meta property=\"og:image:type\" content=\"image\/jpeg\" \/>\n<meta name=\"twitter:card\" content=\"summary_large_image\" \/>\n<meta name=\"twitter:label1\" content=\"Est. reading time\" \/>\n\t<meta name=\"twitter:data1\" content=\"7 minutes\" \/>\n<script type=\"application\/ld+json\" class=\"yoast-schema-graph\">{\"@context\":\"https:\/\/schema.org\",\"@graph\":[{\"@type\":\"WebPage\",\"@id\":\"https:\/\/coaching-lauer.de\/faq\/\",\"url\":\"https:\/\/coaching-lauer.de\/faq\/\",\"name\":\"H\u00e4ufig gestellte Fragen zu Coaching | Hans-Georg Lauer\",\"isPartOf\":{\"@id\":\"https:\/\/coaching-lauer.de\/#website\"},\"primaryImageOfPage\":{\"@id\":\"https:\/\/coaching-lauer.de\/faq\/#primaryimage\"},\"image\":{\"@id\":\"https:\/\/coaching-lauer.de\/faq\/#primaryimage\"},\"thumbnailUrl\":\"https:\/\/coaching-lauer.de\/wp-content\/uploads\/2017\/09\/faq.jpg\",\"datePublished\":\"2017-09-19T09:55:20+00:00\",\"dateModified\":\"2017-11-30T08:45:09+00:00\",\"description\":\"Wir beantworten Ihre h\u00e4ufig gestellten Fragen rund um das Thema Coaching kompetent. Bei weiteren Fragen k\u00f6nnen Sie gerne Kontakt zu uns aufnehmen!\",\"breadcrumb\":{\"@id\":\"https:\/\/coaching-lauer.de\/faq\/#breadcrumb\"},\"inLanguage\":\"en-US\",\"potentialAction\":[{\"@type\":\"ReadAction\",\"target\":[\"https:\/\/coaching-lauer.de\/faq\/\"]}]},{\"@type\":\"ImageObject\",\"inLanguage\":\"en-US\",\"@id\":\"https:\/\/coaching-lauer.de\/faq\/#primaryimage\",\"url\":\"https:\/\/coaching-lauer.de\/wp-content\/uploads\/2017\/09\/faq.jpg\",\"contentUrl\":\"https:\/\/coaching-lauer.de\/wp-content\/uploads\/2017\/09\/faq.jpg\",\"width\":3405,\"height\":2034},{\"@type\":\"BreadcrumbList\",\"@id\":\"https:\/\/coaching-lauer.de\/faq\/#breadcrumb\",\"itemListElement\":[{\"@type\":\"ListItem\",\"position\":1,\"name\":\"Startseite\",\"item\":\"https:\/\/coaching-lauer.de\/en\/\"},{\"@type\":\"ListItem\",\"position\":2,\"name\":\"FAQ\"}]},{\"@type\":\"WebSite\",\"@id\":\"https:\/\/coaching-lauer.de\/#website\",\"url\":\"https:\/\/coaching-lauer.de\/\",\"name\":\"Hans-Georg Lauer\",\"description\":\"Businesscoaching und Karriere-Kickstart\",\"potentialAction\":[{\"@type\":\"SearchAction\",\"target\":{\"@type\":\"EntryPoint\",\"urlTemplate\":\"https:\/\/coaching-lauer.de\/?s={search_term_string}\"},\"query-input\":\"required name=search_term_string\"}],\"inLanguage\":\"en-US\"}]}<\/script>\n<!-- \/ Yoast SEO plugin. -->","yoast_head_json":{"title":"H\u00e4ufig gestellte Fragen zu Coaching | Hans-Georg Lauer","description":"Wir beantworten Ihre h\u00e4ufig gestellten Fragen rund um das Thema Coaching kompetent. Bei weiteren Fragen k\u00f6nnen Sie gerne Kontakt zu uns aufnehmen!","robots":{"index":"index","follow":"follow","max-snippet":"max-snippet:-1","max-image-preview":"max-image-preview:large","max-video-preview":"max-video-preview:-1"},"canonical":"https:\/\/coaching-lauer.de\/faq\/","og_locale":"en_US","og_type":"article","og_title":"H\u00e4ufig gestellte Fragen zu Coaching | Hans-Georg Lauer","og_description":"Wir beantworten Ihre h\u00e4ufig gestellten Fragen rund um das Thema Coaching kompetent. Bei weiteren Fragen k\u00f6nnen Sie gerne Kontakt zu uns aufnehmen!","og_url":"https:\/\/coaching-lauer.de\/faq\/","og_site_name":"Hans-Georg Lauer","article_modified_time":"2017-11-30T08:45:09+00:00","og_image":[{"width":3405,"height":2034,"url":"https:\/\/coaching-lauer.de\/wp-content\/uploads\/2017\/09\/faq.jpg","type":"image\/jpeg"}],"twitter_card":"summary_large_image","twitter_misc":{"Est. reading time":"7 minutes"},"schema":{"@context":"https:\/\/schema.org","@graph":[{"@type":"WebPage","@id":"https:\/\/coaching-lauer.de\/faq\/","url":"https:\/\/coaching-lauer.de\/faq\/","name":"H\u00e4ufig gestellte Fragen zu Coaching | Hans-Georg Lauer","isPartOf":{"@id":"https:\/\/coaching-lauer.de\/#website"},"primaryImageOfPage":{"@id":"https:\/\/coaching-lauer.de\/faq\/#primaryimage"},"image":{"@id":"https:\/\/coaching-lauer.de\/faq\/#primaryimage"},"thumbnailUrl":"https:\/\/coaching-lauer.de\/wp-content\/uploads\/2017\/09\/faq.jpg","datePublished":"2017-09-19T09:55:20+00:00","dateModified":"2017-11-30T08:45:09+00:00","description":"Wir beantworten Ihre h\u00e4ufig gestellten Fragen rund um das Thema Coaching kompetent. Bei weiteren Fragen k\u00f6nnen Sie gerne Kontakt zu uns aufnehmen!","breadcrumb":{"@id":"https:\/\/coaching-lauer.de\/faq\/#breadcrumb"},"inLanguage":"en-US","potentialAction":[{"@type":"ReadAction","target":["https:\/\/coaching-lauer.de\/faq\/"]}]},{"@type":"ImageObject","inLanguage":"en-US","@id":"https:\/\/coaching-lauer.de\/faq\/#primaryimage","url":"https:\/\/coaching-lauer.de\/wp-content\/uploads\/2017\/09\/faq.jpg","contentUrl":"https:\/\/coaching-lauer.de\/wp-content\/uploads\/2017\/09\/faq.jpg","width":3405,"height":2034},{"@type":"BreadcrumbList","@id":"https:\/\/coaching-lauer.de\/faq\/#breadcrumb","itemListElement":[{"@type":"ListItem","position":1,"name":"Startseite","item":"https:\/\/coaching-lauer.de\/en\/"},{"@type":"ListItem","position":2,"name":"FAQ"}]},{"@type":"WebSite","@id":"https:\/\/coaching-lauer.de\/#website","url":"https:\/\/coaching-lauer.de\/","name":"Hans-Georg Lauer","description":"Businesscoaching und Karriere-Kickstart","potentialAction":[{"@type":"SearchAction","target":{"@type":"EntryPoint","urlTemplate":"https:\/\/coaching-lauer.de\/?s={search_term_string}"},"query-input":"required name=search_term_string"}],"inLanguage":"en-US"}]}},"_links":{"self":[{"href":"https:\/\/coaching-lauer.de\/en\/wp-json\/wp\/v2\/pages\/5973"}],"collection":[{"href":"https:\/\/coaching-lauer.de\/en\/wp-json\/wp\/v2\/pages"}],"about":[{"href":"https:\/\/coaching-lauer.de\/en\/wp-json\/wp\/v2\/types\/page"}],"author":[{"embeddable":true,"href":"https:\/\/coaching-lauer.de\/en\/wp-json\/wp\/v2\/users\/1"}],"replies":[{"embeddable":true,"href":"https:\/\/coaching-lauer.de\/en\/wp-json\/wp\/v2\/comments?post=5973"}],"version-history":[{"count":2,"href":"https:\/\/coaching-lauer.de\/en\/wp-json\/wp\/v2\/pages\/5973\/revisions"}],"predecessor-version":[{"id":5980,"href":"https:\/\/coaching-lauer.de\/en\/wp-json\/wp\/v2\/pages\/5973\/revisions\/5980"}],"wp:featuredmedia":[{"embeddable":true,"href":"https:\/\/coaching-lauer.de\/en\/wp-json\/wp\/v2\/media\/5496"}],"wp:attachment":[{"href":"https:\/\/coaching-lauer.de\/en\/wp-json\/wp\/v2\/media?parent=5973"}],"curies":[{"name":"wp","href":"https:\/\/api.w.org\/{rel}","templated":true}]}}